{"id":104835,"date":"2021-06-21T11:17:51","date_gmt":"2021-06-21T09:17:51","guid":{"rendered":"https:\/\/vmiv2.ci-com.fr\/?page_id=104835"},"modified":"2021-07-01T09:19:03","modified_gmt":"2021-07-01T07:19:03","slug":"procesos-y-tecnologias-de-mezcla","status":"publish","type":"page","link":"https:\/\/vmiv2.ci-com.fr\/es\/","title":{"rendered":"Procesos y Tecnolog\u00edas de mezcla"},"content":{"rendered":"            <div id=\"services\" class=\"wp-block-vmi-services\">\n            <div class=\"services-container\">\n                <div class=\"services-content\">\n                    <h2>Nuestros servicios<\/h2>\n                    <ul role=\"navigation\" aria-label=\"Nuestros servicios\">\n                                                    <li class=\"has-gray-color\" data-service-id=\"107459\">\n                                <div class=\"services-icon has-gray-background-color\">\n                                    <svg class=\"sprite-icon icon-customer-support\" aria-hidden=\"true\">\n    <use xlink:href=\"https:\/\/vmiv2.ci-com.fr\/app\/themes\/vmiv2-theme\/public\/icons\/sprite-icon.svg#icon-customer-support\"><\/use>\n<\/svg>\n                                <\/div>\n\n                                <a href=\"https:\/\/vmiv2.ci-com.fr\/es\/service\/soporte-al-cliente\/\" title=\"Soporte al cliente\">\n                                    <span>Soporte al cliente<\/span>\n                                    <svg class=\"sprite-icon icon-circle-arrow\" aria-hidden=\"true\">\n    <use xlink:href=\"https:\/\/vmiv2.ci-com.fr\/app\/themes\/vmiv2-theme\/public\/icons\/sprite-icon.svg#icon-circle-arrow\"><\/use>\n<\/svg>\n                                <\/a>\n                            <\/li>\n                                                    <li class=\"has-main-blue-color\" data-service-id=\"107460\">\n                                <div class=\"services-icon has-main-blue-background-color\">\n                                    <svg class=\"sprite-icon icon-contracts-services\" aria-hidden=\"true\">\n    <use xlink:href=\"https:\/\/vmiv2.ci-com.fr\/app\/themes\/vmiv2-theme\/public\/icons\/sprite-icon.svg#icon-contracts-services\"><\/use>\n<\/svg>\n                                <\/div>\n\n                                <a href=\"https:\/\/vmiv2.ci-com.fr\/es\/service\/contratos-de-servicio\/\" title=\"Contratos de servicio\">\n                                    <span>Contratos de servicio<\/span>\n                                    <svg class=\"sprite-icon icon-circle-arrow\" aria-hidden=\"true\">\n    <use xlink:href=\"https:\/\/vmiv2.ci-com.fr\/app\/themes\/vmiv2-theme\/public\/icons\/sprite-icon.svg#icon-circle-arrow\"><\/use>\n<\/svg>\n                                <\/a>\n                            <\/li>\n                                                    <li class=\"has-green-blue-color\" data-service-id=\"107463\">\n                                <div class=\"services-icon has-green-blue-background-color\">\n                                    <svg class=\"sprite-icon icon-evolution\" aria-hidden=\"true\">\n    <use xlink:href=\"https:\/\/vmiv2.ci-com.fr\/app\/themes\/vmiv2-theme\/public\/icons\/sprite-icon.svg#icon-evolution\"><\/use>\n<\/svg>\n                                <\/div>\n\n                                <a href=\"https:\/\/vmiv2.ci-com.fr\/es\/service\/evoluciones-a-largo-plazo\/\" title=\"Evoluciones a largo plazo\">\n                                    <span>Evoluciones a largo plazo<\/span>\n                                    <svg class=\"sprite-icon icon-circle-arrow\" aria-hidden=\"true\">\n    <use xlink:href=\"https:\/\/vmiv2.ci-com.fr\/app\/themes\/vmiv2-theme\/public\/icons\/sprite-icon.svg#icon-circle-arrow\"><\/use>\n<\/svg>\n                                <\/a>\n                            <\/li>\n                                                    <li class=\"has-dark-blue-color\" data-service-id=\"107465\">\n                                <div class=\"services-icon has-dark-blue-background-color\">\n                                    <svg class=\"sprite-icon icon-packs-services\" aria-hidden=\"true\">\n    <use xlink:href=\"https:\/\/vmiv2.ci-com.fr\/app\/themes\/vmiv2-theme\/public\/icons\/sprite-icon.svg#icon-packs-services\"><\/use>\n<\/svg>\n                                <\/div>\n\n                                <a href=\"https:\/\/vmiv2.ci-com.fr\/es\/service\/optimizacion-y-asistencia-en-el-proceso\/\" title=\"Optimizaci\u00f3n y asistencia en el proceso\">\n                                    <span>Optimizaci\u00f3n y asistencia en el proceso<\/span>\n                                    <svg class=\"sprite-icon icon-circle-arrow\" aria-hidden=\"true\">\n    <use xlink:href=\"https:\/\/vmiv2.ci-com.fr\/app\/themes\/vmiv2-theme\/public\/icons\/sprite-icon.svg#icon-circle-arrow\"><\/use>\n<\/svg>\n                                <\/a>\n                            <\/li>\n                                            <\/ul>\n                <\/div>\n                <div class=\"services-item-container\">\n                                            <div class=\"services-item-content\" data-service-id=\"107459\">\n                            <div class=\"item-image\">\n                                <img  srcset=\"https:\/\/vmiv2.ci-com.fr\/app\/uploads\/2021\/05\/nos_services_vmi_solutions_melange-400x150-c-default.jpg 400w, https:\/\/vmiv2.ci-com.fr\/app\/uploads\/2021\/05\/nos_services_vmi_solutions_melange-470x480-c-default.jpg 470w\" src=\"data:image\/gif;base64,R0lGODlhAQABAIAAAAAAAP\/\/\/yH5BAEAAAAALAAAAAABAAEAAAIBRAA7\" sizes=\"(max-width: 769px) 400px, 470px\" alt=\"\">\n                            <\/div>\n                                                        <div class=\"item-content has-gray-background-color\">\n                                El equipo internacional del Servicio de Atenci\u00f3n al Cliente le acompa\u00f1a para asesorarle y satisfacer sus necesidades: recambios, detecci\u00f3n y reparaci\u00f3n de aver\u00edas, mantenimiento y mucho m\u00e1s. Nuestros empleados multiling\u00fces le asisten seg\u00fan su sector de actividad. Juntos, definimos la respuesta \u00f3ptima para sus necesidades teniendo en cuenta sus requisitos.\n                            <\/div>\n                                                    <\/div>\n                                            <div class=\"services-item-content\" data-service-id=\"107460\">\n                            <div class=\"item-image\">\n                                <img  srcset=\"https:\/\/vmiv2.ci-com.fr\/app\/uploads\/2021\/05\/contrats_de_service_VMI-400x150-c-default.jpg 400w, https:\/\/vmiv2.ci-com.fr\/app\/uploads\/2021\/05\/contrats_de_service_VMI-470x480-c-default.jpg 470w\" src=\"data:image\/gif;base64,R0lGODlhAQABAIAAAAAAAP\/\/\/yH5BAEAAAAALAAAAAABAAEAAAIBRAA7\" sizes=\"(max-width: 769px) 400px, 470px\" alt=\"\">\n                            <\/div>\n                                                        <div class=\"item-content has-main-blue-background-color\">\n                                La anticipaci\u00f3n es fundamental para prolongar la operatividad de sus equipos. Para optimizar los tiempos de funcionamiento de su instalaci\u00f3n aumentando a la vez la fiabilidad, VMI le acompa\u00f1a en la realizaci\u00f3n de sus operaciones. Ofrecemos una amplia gama de contratos anuales de mantenimiento preventivo y de coaching t\u00e9cnico para optimizar el uso y el mantenimiento de sus equipos.\n                            <\/div>\n                                                    <\/div>\n                                            <div class=\"services-item-content\" data-service-id=\"107463\">\n                            <div class=\"item-image\">\n                                <img  srcset=\"https:\/\/vmiv2.ci-com.fr\/app\/uploads\/2021\/06\/depannage_reparation_service_client-1-400x150-c-default.jpg 400w, https:\/\/vmiv2.ci-com.fr\/app\/uploads\/2021\/06\/depannage_reparation_service_client-1-470x480-c-default.jpg 470w\" src=\"data:image\/gif;base64,R0lGODlhAQABAIAAAAAAAP\/\/\/yH5BAEAAAAALAAAAAABAAEAAAIBRAA7\" sizes=\"(max-width: 769px) 400px, 470px\" alt=\"\">\n                            <\/div>\n                                                        <div class=\"item-content has-green-blue-background-color\">\n                                Sus instalaciones pueden estar sometidas a muchos cambios durante su ciclo de vida. Para acompa\u00f1arle, el servicio de atenci\u00f3n al cliente de VMI le propone prestaciones de evoluciones a largo plazo. Gracias a nuestra experiencia y nuestros conocimientos, le asesoraremos eficazmente para hacer evolucionar su instalaci\u00f3n de forma \u00f3ptima, tanto para actualizar los conocimientos de su personal, como para modificar sus equipos o analizar sus procesos.\n                            <\/div>\n                                                    <\/div>\n                                            <div class=\"services-item-content\" data-service-id=\"107465\">\n                            <div class=\"item-image\">\n                                <img  srcset=\"https:\/\/vmiv2.ci-com.fr\/app\/uploads\/2021\/05\/optimisation_et_assistance_process_VMI_nos_services-400x150-c-default.jpg 400w, https:\/\/vmiv2.ci-com.fr\/app\/uploads\/2021\/05\/optimisation_et_assistance_process_VMI_nos_services-470x480-c-default.jpg 470w\" src=\"data:image\/gif;base64,R0lGODlhAQABAIAAAAAAAP\/\/\/yH5BAEAAAAALAAAAAABAAEAAAIBRAA7\" sizes=\"(max-width: 769px) 400px, 470px\" alt=\"\">\n                            <\/div>\n                                                        <div class=\"item-content has-dark-blue-background-color\">\n                                VMI acompa\u00f1a a sus clientes de los sectores agroalimentario y de la salud en el desarrollo de soluciones de mezcla a medida y en la optimizaci\u00f3n de sus procedimientos de fabricaci\u00f3n. Nuestros tecn\u00f3logos le reciben en nuestro Process Development Center para realizar ensayos y an\u00e1lisis en nuestros equipos. Nuestros expertos tambi\u00e9n pueden intervenir in situ en sus instalaciones de producci\u00f3n.\n                            <\/div>\n                                                    <\/div>\n                                        <div class=\"default-image\">\n                        <img  srcset=\"https:\/\/vmiv2.ci-com.fr\/app\/uploads\/2021\/05\/Evolutions_long-terme_VMI_nos_services-400x150-c-default.jpg 400w, https:\/\/vmiv2.ci-com.fr\/app\/uploads\/2021\/05\/Evolutions_long-terme_VMI_nos_services-470x480-c-default.jpg 470w\" src=\"data:image\/gif;base64,R0lGODlhAQABAIAAAAAAAP\/\/\/yH5BAEAAAAALAAAAAABAAEAAAIBRAA7\" sizes=\"(max-width: 769px) 400px, 470px\" alt=\"Services pour l&#039;\u00e9volution de vos installations de m\u00e9lange\" \/>\n                    <\/div>\n                <\/div>\n            <\/div>\n            \n\n<div class=\"wp-container-1 wp-block-buttons is-content-justification-center\">\n<div class=\"wp-block-button is-style-vmi-button\"><a class=\"wp-block-button__link\" href=\"https:\/\/vmiv2.ci-com.fr\/es\/soluciones-globales-servicio\/\">Los servicios<\/a><\/div>\n<\/div>\n\n\n        <\/div>\n    \n    \n\n\n<div class=\"wp-container-5 wp-block-columns are-vertically-aligned-center vmi-video-with-text\">\n<div class=\"wp-container-2 wp-block-column is-vertically-aligned-center\">\n<figure class=\"wp-block-embed is-type-video is-provider-youtube wp-block-embed-youtube wp-embed-aspect-16-9 wp-has-aspect-ratio\"><div class=\"wp-block-embed__wrapper\">\n<iframe loading=\"lazy\" title=\"VMI - Leaders in mixing solutions\" width=\"500\" height=\"281\" src=\"https:\/\/www.youtube.com\/embed\/Ziivw1RL8Z4?feature=oembed\" frameborder=\"0\" allow=\"accelerometer; autoplay; clipboard-write; encrypted-media; gyroscope; picture-in-picture\" allowfullscreen><\/iframe>\n<\/div><\/figure>\n<\/div>\n\n\n\n<div class=\"wp-container-4 wp-block-column is-vertically-aligned-center\">\n<h2>VMI, el experto franc\u00e9s en soluciones de mezcla<\/h2>\n\n\n\n<p>VMI capitaliza su rica experiencia de <strong>70 a\u00f1os<\/strong> en el \u00e1mbito de las tecnolog\u00edas de mezcla. Nuestra oferta de <strong>soluciones de mezcla y de amasado premium<\/strong> satisfacen las expectativas de proceso de los artesanos y los industriales de la panader\u00eda, la pasteler\u00eda y el snacking y de las industrias de la salud y la qu\u00edmica. Nuestras instalaciones cubren una amplia gama de capacidades, y son polivalentes y modulares. Acompa\u00f1amos a nuestros clientes en <strong>todo el mundo<\/strong>, en el ciclo de vida global de sus equipos, desde la puesta en funcionamiento hasta los servicios de asistencia t\u00e9cnica y de procesos.<\/p>\n\n\n\n<div class=\"wp-container-3 wp-block-buttons\">\n<div class=\"wp-block-button is-style-vmi-button\"><a class=\"wp-block-button__link\" href=\"https:\/\/vmiv2.ci-com.fr\/es\/lider-soluciones-mezcla-amasado\/\">M\u00e1s informaci\u00f3n<\/a><\/div>\n<\/div>\n<\/div>\n<\/div>\n","protected":false},"excerpt":{"rendered":"<p>VMI, el experto franc\u00e9s en soluciones de mezcla VMI capitaliza su rica experiencia de 70 a\u00f1os en el \u00e1mbito de las tecnolog\u00edas de mezcla. Nuestra oferta de soluciones de mezcla [&hellip;]<\/p>\n","protected":false},"author":1,"featured_media":0,"parent":0,"menu_order":8,"comment_status":"closed","ping_status":"closed","template":"","meta":{"page_sector":"-"},"yoast_head":"<!-- This site is optimized with the Yoast SEO plugin v19.9 - https:\/\/yoast.com\/wordpress\/plugins\/seo\/ -->\n<title>Procesos y Tecnolog\u00edas de mezcla<\/title>\n<meta name=\"robots\" content=\"noindex, follow, max-snippet:-1, max-image-preview:large, max-video-preview:-1\" \/>\n<meta property=\"og:locale\" content=\"es_ES\" \/>\n<meta property=\"og:type\" content=\"article\" \/>\n<meta property=\"og:title\" content=\"Procesos y Tecnolog\u00edas de mezcla\" \/>\n<meta property=\"og:description\" content=\"VMI, el experto franc\u00e9s en soluciones de mezcla VMI capitaliza su rica experiencia de 70 a\u00f1os en el \u00e1mbito de las tecnolog\u00edas de mezcla. Nuestra oferta de soluciones de mezcla [&hellip;]\" \/>\n<meta property=\"og:url\" content=\"https:\/\/vmiv2.ci-com.fr\/es\/\" \/>\n<meta property=\"og:site_name\" content=\"VMI - Fabrication d&#039;\u00e9quipements de m\u00e9lange\" \/>\n<meta property=\"article:modified_time\" content=\"2021-07-01T07:19:03+00:00\" \/>\n<meta name=\"twitter:card\" content=\"summary_large_image\" \/>\n<meta name=\"twitter:label1\" content=\"Est. reading time\" \/>\n\t<meta name=\"twitter:data1\" content=\"1 minute\" \/>\n<script type=\"application\/ld+json\" class=\"yoast-schema-graph\">{\"@context\":\"https:\/\/schema.org\",\"@graph\":[{\"@type\":\"WebPage\",\"@id\":\"https:\/\/vmiv2.ci-com.fr\/es\/\",\"url\":\"https:\/\/vmiv2.ci-com.fr\/es\/\",\"name\":\"Procesos y Tecnolog\u00edas de mezcla\",\"isPartOf\":{\"@id\":\"https:\/\/vmiv2.ci-com.fr\/#website\"},\"datePublished\":\"2021-06-21T09:17:51+00:00\",\"dateModified\":\"2021-07-01T07:19:03+00:00\",\"breadcrumb\":{\"@id\":\"https:\/\/vmiv2.ci-com.fr\/es\/#breadcrumb\"},\"inLanguage\":\"es-ES\",\"potentialAction\":[{\"@type\":\"ReadAction\",\"target\":[\"https:\/\/vmiv2.ci-com.fr\/es\/\"]}]},{\"@type\":\"BreadcrumbList\",\"@id\":\"https:\/\/vmiv2.ci-com.fr\/es\/#breadcrumb\",\"itemListElement\":[{\"@type\":\"ListItem\",\"position\":1,\"name\":\"Accueil\",\"item\":\"https:\/\/vmiv2.ci-com.fr\/es\/\"},{\"@type\":\"ListItem\",\"position\":2,\"name\":\"Procesos y Tecnolog\u00edas de mezcla\"}]},{\"@type\":\"WebSite\",\"@id\":\"https:\/\/vmiv2.ci-com.fr\/#website\",\"url\":\"https:\/\/vmiv2.ci-com.fr\/\",\"name\":\"VMI - Fabrication d&#039;\u00e9quipements de m\u00e9lange\",\"description\":\"Conception, fabrication et installation de solution de m\u00e9lange\",\"publisher\":{\"@id\":\"https:\/\/vmiv2.ci-com.fr\/#organization\"},\"potentialAction\":[{\"@type\":\"SearchAction\",\"target\":{\"@type\":\"EntryPoint\",\"urlTemplate\":\"https:\/\/vmiv2.ci-com.fr\/?s={search_term_string}\"},\"query-input\":\"required name=search_term_string\"}],\"inLanguage\":\"es-ES\"},{\"@type\":\"Organization\",\"@id\":\"https:\/\/vmiv2.ci-com.fr\/#organization\",\"name\":\"VMI\",\"url\":\"https:\/\/vmiv2.ci-com.fr\/\",\"logo\":{\"@type\":\"ImageObject\",\"inLanguage\":\"es-ES\",\"@id\":\"https:\/\/vmiv2.ci-com.fr\/#\/schema\/logo\/image\/\",\"url\":\"https:\/\/vmiv2.ci-com.fr\/app\/uploads\/2021\/04\/logo_VMI.svg\",\"contentUrl\":\"https:\/\/vmiv2.ci-com.fr\/app\/uploads\/2021\/04\/logo_VMI.svg\",\"width\":575,\"height\":283,\"caption\":\"VMI\"},\"image\":{\"@id\":\"https:\/\/vmiv2.ci-com.fr\/#\/schema\/logo\/image\/\"}}]}<\/script>\n<!-- \/ Yoast SEO plugin. -->","yoast_head_json":{"title":"Procesos y Tecnolog\u00edas de mezcla","robots":{"index":"noindex","follow":"follow","max-snippet":"max-snippet:-1","max-image-preview":"max-image-preview:large","max-video-preview":"max-video-preview:-1"},"og_locale":"es_ES","og_type":"article","og_title":"Procesos y Tecnolog\u00edas de mezcla","og_description":"VMI, el experto franc\u00e9s en soluciones de mezcla VMI capitaliza su rica experiencia de 70 a\u00f1os en el \u00e1mbito de las tecnolog\u00edas de mezcla. Nuestra oferta de soluciones de mezcla [&hellip;]","og_url":"https:\/\/vmiv2.ci-com.fr\/es\/","og_site_name":"VMI - Fabrication d&#039;\u00e9quipements de m\u00e9lange","article_modified_time":"2021-07-01T07:19:03+00:00","twitter_card":"summary_large_image","twitter_misc":{"Est. reading time":"1 minute"},"schema":{"@context":"https:\/\/schema.org","@graph":[{"@type":"WebPage","@id":"https:\/\/vmiv2.ci-com.fr\/es\/","url":"https:\/\/vmiv2.ci-com.fr\/es\/","name":"Procesos y Tecnolog\u00edas de mezcla","isPartOf":{"@id":"https:\/\/vmiv2.ci-com.fr\/#website"},"datePublished":"2021-06-21T09:17:51+00:00","dateModified":"2021-07-01T07:19:03+00:00","breadcrumb":{"@id":"https:\/\/vmiv2.ci-com.fr\/es\/#breadcrumb"},"inLanguage":"es-ES","potentialAction":[{"@type":"ReadAction","target":["https:\/\/vmiv2.ci-com.fr\/es\/"]}]},{"@type":"BreadcrumbList","@id":"https:\/\/vmiv2.ci-com.fr\/es\/#breadcrumb","itemListElement":[{"@type":"ListItem","position":1,"name":"Accueil","item":"https:\/\/vmiv2.ci-com.fr\/es\/"},{"@type":"ListItem","position":2,"name":"Procesos y Tecnolog\u00edas de mezcla"}]},{"@type":"WebSite","@id":"https:\/\/vmiv2.ci-com.fr\/#website","url":"https:\/\/vmiv2.ci-com.fr\/","name":"VMI - Fabrication d&#039;\u00e9quipements de m\u00e9lange","description":"Conception, fabrication et installation de solution de m\u00e9lange","publisher":{"@id":"https:\/\/vmiv2.ci-com.fr\/#organization"},"potentialAction":[{"@type":"SearchAction","target":{"@type":"EntryPoint","urlTemplate":"https:\/\/vmiv2.ci-com.fr\/?s={search_term_string}"},"query-input":"required name=search_term_string"}],"inLanguage":"es-ES"},{"@type":"Organization","@id":"https:\/\/vmiv2.ci-com.fr\/#organization","name":"VMI","url":"https:\/\/vmiv2.ci-com.fr\/","logo":{"@type":"ImageObject","inLanguage":"es-ES","@id":"https:\/\/vmiv2.ci-com.fr\/#\/schema\/logo\/image\/","url":"https:\/\/vmiv2.ci-com.fr\/app\/uploads\/2021\/04\/logo_VMI.svg","contentUrl":"https:\/\/vmiv2.ci-com.fr\/app\/uploads\/2021\/04\/logo_VMI.svg","width":575,"height":283,"caption":"VMI"},"image":{"@id":"https:\/\/vmiv2.ci-com.fr\/#\/schema\/logo\/image\/"}}]}},"_links":{"self":[{"href":"https:\/\/vmiv2.ci-com.fr\/es\/wp-json\/wp\/v2\/pages\/104835"}],"collection":[{"href":"https:\/\/vmiv2.ci-com.fr\/es\/wp-json\/wp\/v2\/pages"}],"about":[{"href":"https:\/\/vmiv2.ci-com.fr\/es\/wp-json\/wp\/v2\/types\/page"}],"author":[{"embeddable":true,"href":"https:\/\/vmiv2.ci-com.fr\/es\/wp-json\/wp\/v2\/users\/1"}],"replies":[{"embeddable":true,"href":"https:\/\/vmiv2.ci-com.fr\/es\/wp-json\/wp\/v2\/comments?post=104835"}],"version-history":[{"count":6,"href":"https:\/\/vmiv2.ci-com.fr\/es\/wp-json\/wp\/v2\/pages\/104835\/revisions"}],"predecessor-version":[{"id":108102,"href":"https:\/\/vmiv2.ci-com.fr\/es\/wp-json\/wp\/v2\/pages\/104835\/revisions\/108102"}],"wp:attachment":[{"href":"https:\/\/vmiv2.ci-com.fr\/es\/wp-json\/wp\/v2\/media?parent=104835"}],"curies":[{"name":"wp","href":"https:\/\/api.w.org\/{rel}","templated":true}]}}