{"id":107070,"date":"2021-06-21T12:12:30","date_gmt":"2021-06-21T10:12:30","guid":{"rendered":"https:\/\/vmiv2.ci-com.fr\/?page_id=107070"},"modified":"2021-07-05T15:31:14","modified_gmt":"2021-07-05T13:31:14","slug":"linxis-group","status":"publish","type":"page","link":"https:\/\/vmiv2.ci-com.fr\/es\/linxis-group\/","title":{"rendered":"LINXIS Group, especialista en equipos y soluciones llave en mano para la industrias agroalimentaria y de la salud"},"content":{"rendered":"\n<p class=\"has-white-color has-main-blue-background-color has-text-color has-background has-large-font-size\"><strong><a href=\"https:\/\/www.linxisgroup.com\/LINXIS_GROUP_WEB\/UK\/ACCUEIL-LINXIS-GROUP.awp\" target=\"_blank\" rel=\"noreferrer noopener\" class=\"broken_link\">LINXIS Group<\/a><\/strong> federa a empresas l\u00edderes y mundialmente reconocidas en sus \u00e1mbitos. El crecimiento del Grupo se basa en la innovaci\u00f3n, el compromiso y la satisfacci\u00f3n del cliente para responder a los retos de los mercados de la salud y de la industria agroalimentaria.<\/p>\n\n\n\n<div class=\"wp-container-3 wp-block-columns\">\n<div class=\"wp-container-1 wp-block-column\">\n<h2>\u00c1mbitos de actividad<\/h2>\n\n\n\n<p>En el centro de los desaf\u00edos estrat\u00e9gicos de nuestras empresas, los mercados en los que operan las empresas de LINXIS Group son:<\/p>\n\n\n\n<ul><li>La alimentaci\u00f3n humana y animal, en particular la panader\u00eda y los productos de restauraci\u00f3n<\/li><li>La Farmacia<\/li><li>La Cosm\u00e9tica<\/li><li>La Qu\u00edmica de especialidades<\/li><\/ul>\n\n\n\n<p>Las empresas del Grupo <strong>dise\u00f1an<\/strong>, <strong>fabrican<\/strong> e <strong>instalan<\/strong> procesos y <strong>equipos<\/strong> con un alto nivel de pericia.<\/p>\n\n\n\n<p><a rel=\"noreferrer noopener\" href=\"https:\/\/linxisgroup.com\/LINXIS_GROUP_WEB\/FR\/SOCIETES-LINXIS-GROUP.awp\" target=\"_blank\" class=\"broken_link\"><\/a><a href=\"https:\/\/linxisgroup.com\/LINXIS_GROUP_WEB\/UK\/SOCIETES-LINXIS-GROUP.awp?P1=0\" class=\"broken_link\">DESCUBRIR LAS EMPRESAS DEL GRUPO<\/a><\/p>\n<\/div>\n\n\n\n<div class=\"wp-container-2 wp-block-column\">\n<h2>Presencia mundial<\/h2>\n\n\n\n<p>Las empresas del grupo est\u00e1n situadas en Francia, Alemania, Holanda, Estados Unidos y Canad\u00e1. A trav\u00e9s de la actividad altamente exportadora de sus filiales y de sus redes de representaci\u00f3n, LINXIS Group propone un soporte al conjunto de sus clientes en todo el mundo.<\/p>\n<\/div>\n<\/div>\n\n\n\n<div class=\"wp-block-image\"><figure class=\"aligncenter size-large is-resized\"><img loading=\"lazy\" src=\"https:\/\/vmiv2.ci-com.fr\/app\/uploads\/2021\/06\/Bandeau_activite_Linxis_Group.jpg\" alt=\"Activit\u00e9s de Linxis Group : gestion des ingr\u00e9dients, m\u00e9lange, transfert et dosage\" class=\"wp-image-106447\" width=\"855\" height=\"270\" srcset=\"https:\/\/vmiv2.ci-com.fr\/app\/uploads\/2021\/06\/Bandeau_activite_Linxis_Group.jpg 1140w, https:\/\/vmiv2.ci-com.fr\/app\/uploads\/2021\/06\/Bandeau_activite_Linxis_Group-700x0-c-default.jpg 700w, https:\/\/vmiv2.ci-com.fr\/app\/uploads\/2021\/06\/Bandeau_activite_Linxis_Group-960x0-c-default.jpg 960w, https:\/\/vmiv2.ci-com.fr\/app\/uploads\/2021\/06\/Bandeau_activite_Linxis_Group-0x540-c-default.jpg 1710w, https:\/\/vmiv2.ci-com.fr\/app\/uploads\/2021\/06\/Bandeau_activite_Linxis_Group-460x0-c-default.jpg 460w, https:\/\/vmiv2.ci-com.fr\/app\/uploads\/2021\/06\/Bandeau_activite_Linxis_Group-310x0-c-default.jpg 310w\" sizes=\"(max-width: 855px) 100vw, 855px\" \/><\/figure><\/div>\n\n\n\n<div class=\"wp-container-4 wp-block-group has-extra-light-gray-background-color has-background\"><div class=\"wp-block-group__inner-container\">\n<h2 class=\"has-text-align-center\">Raz\u00f3n de ser de LINXIS Group<\/h2>\n\n\n\n<p class=\"has-text-align-center\">Los objetivos del Grupo son desarrollar su posici\u00f3n de l\u00edder mundial de <strong>equipos industriales de alta gama<\/strong> y acompa\u00f1ar el crecimiento de sus clientes, ofreci\u00e9ndoles la mejor <strong>innovaci\u00f3n<\/strong> y el mejor <strong>servicio<\/strong>, independientemente del lugar donde operen.<\/p>\n<\/div><\/div>\n\n\n\n<div class=\"wp-container-7 wp-block-columns are-vertically-aligned-center\">\n<div class=\"wp-container-5 wp-block-column is-vertically-aligned-center\" style=\"flex-basis:33.33%\">\n<figure class=\"wp-block-image size-large\"><img loading=\"lazy\" width=\"1200\" height=\"750\" src=\"https:\/\/vmiv2.ci-com.fr\/app\/uploads\/2021\/06\/savoir-faire_equipe_vmi.jpg\" alt=\"Engagement et professionnalisme des collaborateurs Linxis Group\" class=\"wp-image-106655\" srcset=\"https:\/\/vmiv2.ci-com.fr\/app\/uploads\/2021\/06\/savoir-faire_equipe_vmi.jpg 1200w, https:\/\/vmiv2.ci-com.fr\/app\/uploads\/2021\/06\/savoir-faire_equipe_vmi-700x0-c-default.jpg 700w, https:\/\/vmiv2.ci-com.fr\/app\/uploads\/2021\/06\/savoir-faire_equipe_vmi-576x0-c-default.jpg 576w, https:\/\/vmiv2.ci-com.fr\/app\/uploads\/2021\/06\/savoir-faire_equipe_vmi-460x0-c-default.jpg 460w, https:\/\/vmiv2.ci-com.fr\/app\/uploads\/2021\/06\/savoir-faire_equipe_vmi-310x0-c-default.jpg 310w\" sizes=\"(max-width: 1200px) 100vw, 1200px\" \/><\/figure>\n<\/div>\n\n\n\n<div class=\"wp-container-6 wp-block-column is-vertically-aligned-center\" style=\"flex-basis:66.66%\">\n<h3 class=\"has-dark-blue-color has-text-color\">La excelencia y el rendimiento<\/h3>\n\n\n\n<p>Los empleados de LINXIS Group comparten un deseo com\u00fan que aspira a la <strong>excelencia<\/strong> y el <strong>rendimiento<\/strong>, para alcanzar el liderazgo en cada una de sus actividades. Los valores de compromiso con la excelencia operativa, de profesionalidad apasionada, de respeto y de confianza se plasman en las acciones cotidianas de LINXIS Group para alcanzar sus pretensiones.<\/p>\n<\/div>\n<\/div>\n\n\n\n<div class=\"wp-container-10 wp-block-columns are-vertically-aligned-center\">\n<div class=\"wp-container-8 wp-block-column is-vertically-aligned-center\" style=\"flex-basis:33.33%\">\n<figure class=\"wp-block-image size-large\"><img loading=\"lazy\" width=\"1200\" height=\"750\" src=\"https:\/\/vmiv2.ci-com.fr\/app\/uploads\/2021\/06\/travail_equipe_synergies_linxis_group.jpg\" alt=\"Synergies entre les soci\u00e9t\u00e9s du groupe Linxis Group\" class=\"wp-image-106653\" srcset=\"https:\/\/vmiv2.ci-com.fr\/app\/uploads\/2021\/06\/travail_equipe_synergies_linxis_group.jpg 1200w, https:\/\/vmiv2.ci-com.fr\/app\/uploads\/2021\/06\/travail_equipe_synergies_linxis_group-700x0-c-default.jpg 700w, https:\/\/vmiv2.ci-com.fr\/app\/uploads\/2021\/06\/travail_equipe_synergies_linxis_group-576x0-c-default.jpg 576w, https:\/\/vmiv2.ci-com.fr\/app\/uploads\/2021\/06\/travail_equipe_synergies_linxis_group-460x0-c-default.jpg 460w, https:\/\/vmiv2.ci-com.fr\/app\/uploads\/2021\/06\/travail_equipe_synergies_linxis_group-310x0-c-default.jpg 310w\" sizes=\"(max-width: 1200px) 100vw, 1200px\" \/><\/figure>\n<\/div>\n\n\n\n<div class=\"wp-container-9 wp-block-column is-vertically-aligned-center\" style=\"flex-basis:66.66%\">\n<h3 class=\"has-dark-blue-color has-text-color\">Sinergias e innovaci\u00f3n<\/h3>\n\n\n\n<p class=\"has-text-align-left\">Para ayudar a sus clientes a hacer frente a los desaf\u00edos de sus mercados, el Grupo se compromete a ofrecer soluciones innovadoras, respetando los condicionantes de tiempo y de coste. Las empresas de LINXIS Group operan en <strong>sinergia para aportar el mayor valor<\/strong> posible a sus clientes. Sus proyectos se gestionan respetando la calidad y el medio ambiente, as\u00ed como la seguridad de las personas y de los bienes.<\/p>\n<\/div>\n<\/div>\n\n\n\n<div class=\"wp-container-13 wp-block-columns are-vertically-aligned-center\">\n<div class=\"wp-container-11 wp-block-column is-vertically-aligned-center\" style=\"flex-basis:33.33%\">\n<figure class=\"wp-block-image size-large\"><img loading=\"lazy\" width=\"1200\" height=\"750\" src=\"https:\/\/vmiv2.ci-com.fr\/app\/uploads\/2021\/06\/relation_client_vmi_salon.jpg\" alt=\"Expertise et savoir-faire pour satisfaire les clients Linxis Group\" class=\"wp-image-106654\" srcset=\"https:\/\/vmiv2.ci-com.fr\/app\/uploads\/2021\/06\/relation_client_vmi_salon.jpg 1200w, https:\/\/vmiv2.ci-com.fr\/app\/uploads\/2021\/06\/relation_client_vmi_salon-700x0-c-default.jpg 700w, https:\/\/vmiv2.ci-com.fr\/app\/uploads\/2021\/06\/relation_client_vmi_salon-576x0-c-default.jpg 576w, https:\/\/vmiv2.ci-com.fr\/app\/uploads\/2021\/06\/relation_client_vmi_salon-460x0-c-default.jpg 460w, https:\/\/vmiv2.ci-com.fr\/app\/uploads\/2021\/06\/relation_client_vmi_salon-310x0-c-default.jpg 310w\" sizes=\"(max-width: 1200px) 100vw, 1200px\" \/><\/figure>\n<\/div>\n\n\n\n<div class=\"wp-container-12 wp-block-column is-vertically-aligned-center\" style=\"flex-basis:66.66%\">\n<h3 class=\"has-dark-blue-color has-text-color\">Hacia una mutualizaci\u00f3n de la experiencia y de los conocimientos<\/h3>\n\n\n\n<p>La pertenencia al Grupo ha permitido a sus filiales <strong>consolidar sus posiciones<\/strong>, asegurarse una clientela, proveedores y fuentes de financiaci\u00f3n. LINXIS Group tiene como objetivo mutualizar la experiencia y los conocimientos de sus empresas. Para ello, propone una <strong>oferta global llave en mano de alto valor <\/strong>a\u00f1adido y adaptada al mercado espec\u00edfico de cada uno de sus clientes. Esta oferta no deja de completarse gracias a la adquisici\u00f3n de nuevas filiales. Hoy, la nueva organizaci\u00f3n del grupo est\u00e1 optimizada para proseguir las operaciones de crecimiento externo.<\/p>\n<\/div>\n<\/div>\n\n\n\n<div class=\"wp-block-vmi-internal-link-list\"><p class=\"content\"><span class=\"has-inline-color has-main-blue-color\">Para saber m\u00e1s:<\/span><\/p>\n<ul><li><a href=\"https:\/\/vmiv2.ci-com.fr\/vmi\/leader-solutions-melange-petrissage\/\"><\/a><a href=\"https:\/\/vmiv2.ci-com.fr\/es\/lider-soluciones-mezcla-amasado\/\" target=\"_blank\" rel=\"noreferrer noopener\">Qui\u00e9nes somos<\/a><\/li><li><a href=\"https:\/\/vmiv2.ci-com.fr\/vmi\/ingenierie-accompagnement-projet\/\"><\/a><a href=\"https:\/\/vmiv2.ci-com.fr\/vmi\/ingenierie-accompagnement-projet\/\" target=\"_blank\" rel=\"noreferrer noopener\">Ingenier\u00eda y acompa\u00f1amiento<\/a><\/li><li><a href=\"https:\/\/vmiv2.ci-com.fr\/vmi\/nos-engagements\/\"><\/a><a href=\"https:\/\/vmiv2.ci-com.fr\/es\/vmi-un-fabricante-de-equipos-y-un-proveedor-de-servicios-responsable\/\" target=\"_blank\" rel=\"noreferrer noopener\">Nuestros compromisos<\/a><\/li><li><a href=\"https:\/\/vmiv2.ci-com.fr\/vmi\/carrieres\/\"><\/a><a href=\"https:\/\/vmiv2.ci-com.fr\/es\/trayectorias-profesionales\/\" target=\"_blank\" rel=\"noreferrer noopener\">Carreras<\/a><\/li><\/ul>\n<\/div>\n","protected":false},"excerpt":{"rendered":"<p>LINXIS Group federa a empresas l\u00edderes y mundialmente reconocidas en sus \u00e1mbitos. El crecimiento del Grupo se basa en la innovaci\u00f3n, el compromiso y la satisfacci\u00f3n del cliente para responder [&hellip;]<\/p>\n","protected":false},"author":1,"featured_media":0,"parent":0,"menu_order":52,"comment_status":"closed","ping_status":"closed","template":"","meta":{"page_sector":"-"},"yoast_head":"<!-- This site is optimized with the Yoast SEO plugin v19.9 - https:\/\/yoast.com\/wordpress\/plugins\/seo\/ -->\n<title>LINXIS Group, especialista en equipos y soluciones llave en mano para la industrias agroalimentaria y de la salud<\/title>\n<meta name=\"robots\" content=\"noindex, follow, max-snippet:-1, max-image-preview:large, max-video-preview:-1\" \/>\n<meta property=\"og:locale\" content=\"es_ES\" \/>\n<meta property=\"og:type\" content=\"article\" \/>\n<meta property=\"og:title\" content=\"LINXIS Group, especialista en equipos y soluciones llave en mano para la industrias agroalimentaria y de la salud\" \/>\n<meta property=\"og:description\" content=\"LINXIS Group federa a empresas l\u00edderes y mundialmente reconocidas en sus \u00e1mbitos. El crecimiento del Grupo se basa en la innovaci\u00f3n, el compromiso y la satisfacci\u00f3n del cliente para responder [&hellip;]\" \/>\n<meta property=\"og:url\" content=\"https:\/\/vmiv2.ci-com.fr\/es\/linxis-group\/\" \/>\n<meta property=\"og:site_name\" content=\"VMI - Fabrication d&#039;\u00e9quipements de m\u00e9lange\" \/>\n<meta property=\"article:modified_time\" content=\"2021-07-05T13:31:14+00:00\" \/>\n<meta property=\"og:image\" content=\"https:\/\/vmiv2.ci-com.fr\/app\/uploads\/2021\/06\/Bandeau_activite_Linxis_Group.jpg\" \/>\n<meta name=\"twitter:card\" content=\"summary_large_image\" \/>\n<meta name=\"twitter:label1\" content=\"Est. reading time\" \/>\n\t<meta name=\"twitter:data1\" content=\"3 minutes\" \/>\n<script type=\"application\/ld+json\" class=\"yoast-schema-graph\">{\"@context\":\"https:\/\/schema.org\",\"@graph\":[{\"@type\":\"WebPage\",\"@id\":\"https:\/\/vmiv2.ci-com.fr\/es\/linxis-group\/\",\"url\":\"https:\/\/vmiv2.ci-com.fr\/es\/linxis-group\/\",\"name\":\"LINXIS Group, especialista en equipos y soluciones llave en mano para la industrias agroalimentaria y de la salud\",\"isPartOf\":{\"@id\":\"https:\/\/vmiv2.ci-com.fr\/#website\"},\"datePublished\":\"2021-06-21T10:12:30+00:00\",\"dateModified\":\"2021-07-05T13:31:14+00:00\",\"breadcrumb\":{\"@id\":\"https:\/\/vmiv2.ci-com.fr\/es\/linxis-group\/#breadcrumb\"},\"inLanguage\":\"es-ES\",\"potentialAction\":[{\"@type\":\"ReadAction\",\"target\":[\"https:\/\/vmiv2.ci-com.fr\/es\/linxis-group\/\"]}]},{\"@type\":\"BreadcrumbList\",\"@id\":\"https:\/\/vmiv2.ci-com.fr\/es\/linxis-group\/#breadcrumb\",\"itemListElement\":[{\"@type\":\"ListItem\",\"position\":1,\"name\":\"Accueil\",\"item\":\"https:\/\/vmiv2.ci-com.fr\/es\/\"},{\"@type\":\"ListItem\",\"position\":2,\"name\":\"LINXIS Group, especialista en equipos y soluciones llave en mano para la industrias agroalimentaria y de la salud\"}]},{\"@type\":\"WebSite\",\"@id\":\"https:\/\/vmiv2.ci-com.fr\/#website\",\"url\":\"https:\/\/vmiv2.ci-com.fr\/\",\"name\":\"VMI - Fabrication d&#039;\u00e9quipements de m\u00e9lange\",\"description\":\"Conception, fabrication et installation de solution de m\u00e9lange\",\"publisher\":{\"@id\":\"https:\/\/vmiv2.ci-com.fr\/#organization\"},\"potentialAction\":[{\"@type\":\"SearchAction\",\"target\":{\"@type\":\"EntryPoint\",\"urlTemplate\":\"https:\/\/vmiv2.ci-com.fr\/?s={search_term_string}\"},\"query-input\":\"required name=search_term_string\"}],\"inLanguage\":\"es-ES\"},{\"@type\":\"Organization\",\"@id\":\"https:\/\/vmiv2.ci-com.fr\/#organization\",\"name\":\"VMI\",\"url\":\"https:\/\/vmiv2.ci-com.fr\/\",\"logo\":{\"@type\":\"ImageObject\",\"inLanguage\":\"es-ES\",\"@id\":\"https:\/\/vmiv2.ci-com.fr\/#\/schema\/logo\/image\/\",\"url\":\"https:\/\/vmiv2.ci-com.fr\/app\/uploads\/2021\/04\/logo_VMI.svg\",\"contentUrl\":\"https:\/\/vmiv2.ci-com.fr\/app\/uploads\/2021\/04\/logo_VMI.svg\",\"width\":575,\"height\":283,\"caption\":\"VMI\"},\"image\":{\"@id\":\"https:\/\/vmiv2.ci-com.fr\/#\/schema\/logo\/image\/\"}}]}<\/script>\n<!-- \/ Yoast SEO plugin. -->","yoast_head_json":{"title":"LINXIS Group, especialista en equipos y soluciones llave en mano para la industrias agroalimentaria y de la salud","robots":{"index":"noindex","follow":"follow","max-snippet":"max-snippet:-1","max-image-preview":"max-image-preview:large","max-video-preview":"max-video-preview:-1"},"og_locale":"es_ES","og_type":"article","og_title":"LINXIS Group, especialista en equipos y soluciones llave en mano para la industrias agroalimentaria y de la salud","og_description":"LINXIS Group federa a empresas l\u00edderes y mundialmente reconocidas en sus \u00e1mbitos. El crecimiento del Grupo se basa en la innovaci\u00f3n, el compromiso y la satisfacci\u00f3n del cliente para responder [&hellip;]","og_url":"https:\/\/vmiv2.ci-com.fr\/es\/linxis-group\/","og_site_name":"VMI - Fabrication d&#039;\u00e9quipements de m\u00e9lange","article_modified_time":"2021-07-05T13:31:14+00:00","og_image":[{"url":"https:\/\/vmiv2.ci-com.fr\/app\/uploads\/2021\/06\/Bandeau_activite_Linxis_Group.jpg"}],"twitter_card":"summary_large_image","twitter_misc":{"Est. reading time":"3 minutes"},"schema":{"@context":"https:\/\/schema.org","@graph":[{"@type":"WebPage","@id":"https:\/\/vmiv2.ci-com.fr\/es\/linxis-group\/","url":"https:\/\/vmiv2.ci-com.fr\/es\/linxis-group\/","name":"LINXIS Group, especialista en equipos y soluciones llave en mano para la industrias agroalimentaria y de la salud","isPartOf":{"@id":"https:\/\/vmiv2.ci-com.fr\/#website"},"datePublished":"2021-06-21T10:12:30+00:00","dateModified":"2021-07-05T13:31:14+00:00","breadcrumb":{"@id":"https:\/\/vmiv2.ci-com.fr\/es\/linxis-group\/#breadcrumb"},"inLanguage":"es-ES","potentialAction":[{"@type":"ReadAction","target":["https:\/\/vmiv2.ci-com.fr\/es\/linxis-group\/"]}]},{"@type":"BreadcrumbList","@id":"https:\/\/vmiv2.ci-com.fr\/es\/linxis-group\/#breadcrumb","itemListElement":[{"@type":"ListItem","position":1,"name":"Accueil","item":"https:\/\/vmiv2.ci-com.fr\/es\/"},{"@type":"ListItem","position":2,"name":"LINXIS Group, especialista en equipos y soluciones llave en mano para la industrias agroalimentaria y de la salud"}]},{"@type":"WebSite","@id":"https:\/\/vmiv2.ci-com.fr\/#website","url":"https:\/\/vmiv2.ci-com.fr\/","name":"VMI - Fabrication d&#039;\u00e9quipements de m\u00e9lange","description":"Conception, fabrication et installation de solution de m\u00e9lange","publisher":{"@id":"https:\/\/vmiv2.ci-com.fr\/#organization"},"potentialAction":[{"@type":"SearchAction","target":{"@type":"EntryPoint","urlTemplate":"https:\/\/vmiv2.ci-com.fr\/?s={search_term_string}"},"query-input":"required name=search_term_string"}],"inLanguage":"es-ES"},{"@type":"Organization","@id":"https:\/\/vmiv2.ci-com.fr\/#organization","name":"VMI","url":"https:\/\/vmiv2.ci-com.fr\/","logo":{"@type":"ImageObject","inLanguage":"es-ES","@id":"https:\/\/vmiv2.ci-com.fr\/#\/schema\/logo\/image\/","url":"https:\/\/vmiv2.ci-com.fr\/app\/uploads\/2021\/04\/logo_VMI.svg","contentUrl":"https:\/\/vmiv2.ci-com.fr\/app\/uploads\/2021\/04\/logo_VMI.svg","width":575,"height":283,"caption":"VMI"},"image":{"@id":"https:\/\/vmiv2.ci-com.fr\/#\/schema\/logo\/image\/"}}]}},"_links":{"self":[{"href":"https:\/\/vmiv2.ci-com.fr\/es\/wp-json\/wp\/v2\/pages\/107070"}],"collection":[{"href":"https:\/\/vmiv2.ci-com.fr\/es\/wp-json\/wp\/v2\/pages"}],"about":[{"href":"https:\/\/vmiv2.ci-com.fr\/es\/wp-json\/wp\/v2\/types\/page"}],"author":[{"embeddable":true,"href":"https:\/\/vmiv2.ci-com.fr\/es\/wp-json\/wp\/v2\/users\/1"}],"replies":[{"embeddable":true,"href":"https:\/\/vmiv2.ci-com.fr\/es\/wp-json\/wp\/v2\/comments?post=107070"}],"version-history":[{"count":9,"href":"https:\/\/vmiv2.ci-com.fr\/es\/wp-json\/wp\/v2\/pages\/107070\/revisions"}],"predecessor-version":[{"id":108197,"href":"https:\/\/vmiv2.ci-com.fr\/es\/wp-json\/wp\/v2\/pages\/107070\/revisions\/108197"}],"wp:attachment":[{"href":"https:\/\/vmiv2.ci-com.fr\/es\/wp-json\/wp\/v2\/media?parent=107070"}],"curies":[{"name":"wp","href":"https:\/\/api.w.org\/{rel}","templated":true}]}}