{"id":107080,"date":"2021-06-21T12:24:46","date_gmt":"2021-06-21T10:24:46","guid":{"rendered":"https:\/\/vmiv2.ci-com.fr\/?page_id=107080"},"modified":"2021-07-01T09:19:01","modified_gmt":"2021-07-01T07:19:01","slug":"trayectorias-profesionales","status":"publish","type":"page","link":"https:\/\/vmiv2.ci-com.fr\/es\/trayectorias-profesionales\/","title":{"rendered":"Trayectorias profesionales"},"content":{"rendered":"\n<p class=\"has-white-color has-main-blue-background-color has-text-color has-background has-large-font-size\">Desde hace m\u00e1s de 70 a\u00f1os VMI es una <strong>referencia mundial<\/strong> en el dise\u00f1o y la fabricaci\u00f3n de equipos de mezcla destinados a las industrias agroalimentaria, la panader\u00eda, la cosm\u00e9tica y la farmacia.<\/p>\n\n\n<div class=\"wp-block-vmi-image-with-text left-direction\">\n    <div class=\"image-container\">\n        <picture>\n            <img  srcset=\"https:\/\/vmiv2.ci-com.fr\/app\/uploads\/2021\/06\/collaborateurs_vmi-250x300-c-default.jpg 250w, https:\/\/vmiv2.ci-com.fr\/app\/uploads\/2021\/06\/collaborateurs_vmi-280x350-c-default.jpg 280w, https:\/\/vmiv2.ci-com.fr\/app\/uploads\/2021\/06\/collaborateurs_vmi-490x590-c-default.jpg 490w\" src=\"data:image\/gif;base64,R0lGODlhAQABAIAAAAAAAP\/\/\/yH5BAEAAAAALAAAAAABAAEAAAIBRAA7\" alt=\"Collaborateurs VMI\">\n        <\/picture>\n        <div class=\"image-overlay has-extra-light-gray-background-color\"><\/div>\n    <\/div>\n    <div class=\"block-content\">\n        \n\n<h2 class=\"has-dark-blue-color has-text-color\">Juntos, creamos las soluciones tecnol\u00f3gicas del futuro<\/h2>\n\n\n\n<p>M\u00e1s de <strong>230 empleados<\/strong> trabajan diariamente para aportar soluciones innovadoras a nuestros clientes.<\/p>\n\n\n\n<p>El domicilio social y la planta de producci\u00f3n se encuentran en un <strong>\u00fanico lugar<\/strong>, establecido en Montaigu-Vend\u00e9e (a 30 min, de Nantes). En su din\u00e1mica de desarrollo, en 2017 la empresa se traslad\u00f3 a nuevas instalaciones de 13.000 m\u00b2.<\/p>\n\n\n\n<p>Esta estructura de <strong>escala humana<\/strong> favorece el di\u00e1logo interno y la implicaci\u00f3n de todo el personal. Al contribuir a la realizaci\u00f3n de proyectos industriales de gran envergadura y a <strong>nivel internacional<\/strong>, VMI permite el desarrollo profesional y personal de sus empleados.<\/p>\n\n\n\n<p>La pertenencia de VMI al <strong>grupo industrial <\/strong><a href=\"https:\/\/vmiv2.ci-com.fr\/es\/linxis-group\/\" target=\"_blank\" rel=\"noreferrer noopener\">Linxis Group<\/a> refuerza la envergadura de los proyectos y la riqueza de las trayectorias profesionales. Las empresas del grupo comparten competencias, trabajan en sinergia y pueden favorecer la movilidad interna.<\/p>\n\n\n    <\/div>\n<\/div>\n\n\n<div class=\"wp-container-3 wp-block-columns has-extra-light-gray-background-color has-background\">\n<div class=\"wp-container-1 wp-block-column\">\n<h2 class=\"has-dark-blue-color has-text-color\">Trabaje en un entorno estimulante<\/h2>\n\n\n\n<p>Nuestra eficiencia y la mejora continua de nuestros procesos se basan en los conocimientos, la creatividad y la proactividad de nuestros empleados.<\/p>\n\n\n\n<p>Actualmente ejercen profesiones tan diversificadas como complementarias:<\/p>\n\n\n\n<ul><li>Ingenier\u00eda (oficina de proyectos el\u00e9ctricos, mec\u00e1nicos y de automatismos)<\/li><li>I+D<\/li><li>Producci\u00f3n (mecanizado, pintura, montaje y mantenimiento)<\/li><\/ul>\n<\/div>\n\n\n\n<div class=\"wp-container-2 wp-block-column\">\n<ul><li>Compras<\/li><li>Marketing y Ventas (Francia y exportaci\u00f3n)<\/li><li>Servicio de Atenci\u00f3n al Cliente<\/li><li>Calidad, Seguridad y Medio ambiente<\/li><li>Inform\u00e1tica<\/li><li>Recursos humanos<\/li><li>Finanzas<\/li><\/ul>\n\n\n\n<p>El desarrollo de <strong>conocimientos<\/strong> y su <strong>transmisi\u00f3n<\/strong> son nuestras principales prioridades. Por ello, damos una gran importancia a la formaci\u00f3n profesional y al desarrollo de las competencias de nuestros empleados a lo largo de toda su trayectoria profesional.<\/p>\n<\/div>\n<\/div>\n\n\n<div class=\"wp-block-vmi-image-with-text right-direction\">\n    <div class=\"image-container\">\n        <picture>\n            <img  srcset=\"https:\/\/vmiv2.ci-com.fr\/app\/uploads\/2021\/06\/metiers_vmi-250x300-c-default.jpg 250w, https:\/\/vmiv2.ci-com.fr\/app\/uploads\/2021\/06\/metiers_vmi-280x350-c-default.jpg 280w, https:\/\/vmiv2.ci-com.fr\/app\/uploads\/2021\/06\/metiers_vmi-490x590-c-default.jpg 490w\" src=\"data:image\/gif;base64,R0lGODlhAQABAIAAAAAAAP\/\/\/yH5BAEAAAAALAAAAAABAAEAAAIBRAA7\" alt=\"Opportunit\u00e9s de carri\u00e8re chez VMI, magasinier\">\n        <\/picture>\n        <div class=\"image-overlay has-extra-light-gray-background-color\"><\/div>\n    <\/div>\n    <div class=\"block-content\">\n        \n\n<h2 class=\"has-text-align-left has-dark-blue-color has-text-color\">Oportunidades laborales para su carrera<\/h2>\n\n\n\n<p class=\"has-text-align-left\">La empresa VMI es un actor din\u00e1mico en la <strong>cuenca econ\u00f3mica de Nantes y Vend\u00e9e<\/strong>. Buscamos<strong> <\/strong>con regularidad nuevos talentos para los puestos de:<\/p>\n\n\n\n<ul><li>Montador mec\u00e1nico<\/li><li>Electromec\u00e1nico<\/li><li>Experto en automatismos<\/li><li>Dise\u00f1ador mec\u00e1nico<\/li><li>T\u00e9cnico de intervenci\u00f3n<\/li><li>Almacenista \u2013 operario de carretilla<\/li><\/ul>\n\n\n\n<p class=\"has-text-align-left has-dark-blue-color has-text-color\"><span class=\"has-inline-color has-black-color\">\u00bfQuiere unirse a nosotros? <\/span><span style=\"text-decoration: underline;\"><span class=\"has-inline-color has-black-color\"><a href=\"https:\/\/taleez.com\/apply\/sp\/lestalentsdeVMI#\/apply\" target=\"_blank\" rel=\"noreferrer noopener\">Env\u00ede una candidatura espont\u00e1nea.<\/a><\/span><\/span><\/p>\n\n\n    <\/div>\n<\/div>\n\n\n<div class=\"wp-container-6 wp-block-columns has-extra-light-gray-background-color has-background\">\n<div class=\"wp-container-4 wp-block-column\">\n<h3 class=\"has-gray-color has-text-color\"><strong>Cifras clave<\/strong>:<\/h3>\n\n\n\n<ul><li>M\u00e1s de 200 estudiantes formados en 10 a\u00f1os<\/li><li>Unas 3.000 horas de formaci\u00f3n impartidas anualmente<\/li><li>Un 97% de empleados con contrato fijo<\/li><li>Una media de 13 a\u00f1os de antig\u00fcedad<\/li><\/ul>\n<\/div>\n\n\n\n<div class=\"wp-container-5 wp-block-column\">\n<h3 class=\"has-gray-color has-text-color\"><strong>Distribuci\u00f3n por edades:<\/strong><\/h3>\n\n\n\n<ul><li>El 8% tienen menos de 30 a\u00f1os&nbsp;<\/li><li>El 22% tienen entre 31 y 40 a\u00f1os<\/li><li>El 40% tienen entre 41 y 50 a\u00f1os<\/li><li>El 30% tienen m\u00e1s de 50 a\u00f1os<\/li><\/ul>\n<\/div>\n<\/div>\n\n\n\n<div class=\"wp-block-vmi-internal-link-list\"><p class=\"content\"><span class=\"has-inline-color has-main-blue-color\">Para saber m\u00e1s:<\/span><\/p>\n<ul><li><a href=\"https:\/\/vmiv2.ci-com.fr\/vmi\/leader-solutions-melange-petrissage\/\"><\/a><a href=\"https:\/\/vmiv2.ci-com.fr\/es\/lider-soluciones-mezcla-amasado\/\" target=\"_blank\" rel=\"noreferrer noopener\">Qui\u00e9nes somos<\/a><\/li><li><a href=\"https:\/\/vmiv2.ci-com.fr\/vmi\/ingenierie-accompagnement-projet\/\"><\/a><a href=\"https:\/\/vmiv2.ci-com.fr\/es\/ingenieria-acompanamiento-proyecto\/\" target=\"_blank\" rel=\"noreferrer noopener\">Ingenier\u00eda y acompa\u00f1amiento<\/a><\/li><li><a href=\"https:\/\/vmiv2.ci-com.fr\/vmi\/nos-engagements\/\"><\/a><a href=\"https:\/\/vmiv2.ci-com.fr\/es\/vmi-un-fabricante-de-equipos-y-un-proveedor-de-servicios-responsable\/\" target=\"_blank\" rel=\"noreferrer noopener\">Nuestros compromisos<\/a><\/li><li><a href=\"https:\/\/vmiv2.ci-com.fr\/es\/linxis-group\/\" target=\"_blank\" rel=\"noreferrer noopener\">LINXIS Group<\/a><\/li><\/ul>\n<\/div>\n","protected":false},"excerpt":{"rendered":"<p>Desde hace m\u00e1s de 70 a\u00f1os VMI es una referencia mundial en el dise\u00f1o y la fabricaci\u00f3n de equipos de mezcla destinados a las industrias agroalimentaria, la panader\u00eda, la cosm\u00e9tica [&hellip;]<\/p>\n","protected":false},"author":1,"featured_media":0,"parent":0,"menu_order":59,"comment_status":"closed","ping_status":"closed","template":"","meta":{"page_sector":"-"},"yoast_head":"<!-- This site is optimized with the Yoast SEO plugin v19.9 - https:\/\/yoast.com\/wordpress\/plugins\/seo\/ -->\n<title>Trayectorias profesionales<\/title>\n<meta name=\"robots\" content=\"noindex, follow, max-snippet:-1, max-image-preview:large, max-video-preview:-1\" \/>\n<meta property=\"og:locale\" content=\"es_ES\" \/>\n<meta property=\"og:type\" content=\"article\" \/>\n<meta property=\"og:title\" content=\"Trayectorias profesionales\" \/>\n<meta property=\"og:description\" content=\"Desde hace m\u00e1s de 70 a\u00f1os VMI es una referencia mundial en el dise\u00f1o y la fabricaci\u00f3n de equipos de mezcla destinados a las industrias agroalimentaria, la panader\u00eda, la cosm\u00e9tica [&hellip;]\" \/>\n<meta property=\"og:url\" content=\"https:\/\/vmiv2.ci-com.fr\/es\/trayectorias-profesionales\/\" \/>\n<meta property=\"og:site_name\" content=\"VMI - Fabrication d&#039;\u00e9quipements de m\u00e9lange\" \/>\n<meta property=\"article:modified_time\" content=\"2021-07-01T07:19:01+00:00\" \/>\n<meta name=\"twitter:card\" content=\"summary_large_image\" \/>\n<meta name=\"twitter:label1\" content=\"Est. reading time\" \/>\n\t<meta name=\"twitter:data1\" content=\"2 minutes\" \/>\n<script type=\"application\/ld+json\" class=\"yoast-schema-graph\">{\"@context\":\"https:\/\/schema.org\",\"@graph\":[{\"@type\":\"WebPage\",\"@id\":\"https:\/\/vmiv2.ci-com.fr\/es\/trayectorias-profesionales\/\",\"url\":\"https:\/\/vmiv2.ci-com.fr\/es\/trayectorias-profesionales\/\",\"name\":\"Trayectorias profesionales\",\"isPartOf\":{\"@id\":\"https:\/\/vmiv2.ci-com.fr\/#website\"},\"datePublished\":\"2021-06-21T10:24:46+00:00\",\"dateModified\":\"2021-07-01T07:19:01+00:00\",\"breadcrumb\":{\"@id\":\"https:\/\/vmiv2.ci-com.fr\/es\/trayectorias-profesionales\/#breadcrumb\"},\"inLanguage\":\"es-ES\",\"potentialAction\":[{\"@type\":\"ReadAction\",\"target\":[\"https:\/\/vmiv2.ci-com.fr\/es\/trayectorias-profesionales\/\"]}]},{\"@type\":\"BreadcrumbList\",\"@id\":\"https:\/\/vmiv2.ci-com.fr\/es\/trayectorias-profesionales\/#breadcrumb\",\"itemListElement\":[{\"@type\":\"ListItem\",\"position\":1,\"name\":\"Accueil\",\"item\":\"https:\/\/vmiv2.ci-com.fr\/es\/\"},{\"@type\":\"ListItem\",\"position\":2,\"name\":\"Trayectorias profesionales\"}]},{\"@type\":\"WebSite\",\"@id\":\"https:\/\/vmiv2.ci-com.fr\/#website\",\"url\":\"https:\/\/vmiv2.ci-com.fr\/\",\"name\":\"VMI - Fabrication d&#039;\u00e9quipements de m\u00e9lange\",\"description\":\"Conception, fabrication et installation de solution de m\u00e9lange\",\"publisher\":{\"@id\":\"https:\/\/vmiv2.ci-com.fr\/#organization\"},\"potentialAction\":[{\"@type\":\"SearchAction\",\"target\":{\"@type\":\"EntryPoint\",\"urlTemplate\":\"https:\/\/vmiv2.ci-com.fr\/?s={search_term_string}\"},\"query-input\":\"required name=search_term_string\"}],\"inLanguage\":\"es-ES\"},{\"@type\":\"Organization\",\"@id\":\"https:\/\/vmiv2.ci-com.fr\/#organization\",\"name\":\"VMI\",\"url\":\"https:\/\/vmiv2.ci-com.fr\/\",\"logo\":{\"@type\":\"ImageObject\",\"inLanguage\":\"es-ES\",\"@id\":\"https:\/\/vmiv2.ci-com.fr\/#\/schema\/logo\/image\/\",\"url\":\"https:\/\/vmiv2.ci-com.fr\/app\/uploads\/2021\/04\/logo_VMI.svg\",\"contentUrl\":\"https:\/\/vmiv2.ci-com.fr\/app\/uploads\/2021\/04\/logo_VMI.svg\",\"width\":575,\"height\":283,\"caption\":\"VMI\"},\"image\":{\"@id\":\"https:\/\/vmiv2.ci-com.fr\/#\/schema\/logo\/image\/\"}}]}<\/script>\n<!-- \/ Yoast SEO plugin. -->","yoast_head_json":{"title":"Trayectorias profesionales","robots":{"index":"noindex","follow":"follow","max-snippet":"max-snippet:-1","max-image-preview":"max-image-preview:large","max-video-preview":"max-video-preview:-1"},"og_locale":"es_ES","og_type":"article","og_title":"Trayectorias profesionales","og_description":"Desde hace m\u00e1s de 70 a\u00f1os VMI es una referencia mundial en el dise\u00f1o y la fabricaci\u00f3n de equipos de mezcla destinados a las industrias agroalimentaria, la panader\u00eda, la cosm\u00e9tica [&hellip;]","og_url":"https:\/\/vmiv2.ci-com.fr\/es\/trayectorias-profesionales\/","og_site_name":"VMI - Fabrication d&#039;\u00e9quipements de m\u00e9lange","article_modified_time":"2021-07-01T07:19:01+00:00","twitter_card":"summary_large_image","twitter_misc":{"Est. reading time":"2 minutes"},"schema":{"@context":"https:\/\/schema.org","@graph":[{"@type":"WebPage","@id":"https:\/\/vmiv2.ci-com.fr\/es\/trayectorias-profesionales\/","url":"https:\/\/vmiv2.ci-com.fr\/es\/trayectorias-profesionales\/","name":"Trayectorias profesionales","isPartOf":{"@id":"https:\/\/vmiv2.ci-com.fr\/#website"},"datePublished":"2021-06-21T10:24:46+00:00","dateModified":"2021-07-01T07:19:01+00:00","breadcrumb":{"@id":"https:\/\/vmiv2.ci-com.fr\/es\/trayectorias-profesionales\/#breadcrumb"},"inLanguage":"es-ES","potentialAction":[{"@type":"ReadAction","target":["https:\/\/vmiv2.ci-com.fr\/es\/trayectorias-profesionales\/"]}]},{"@type":"BreadcrumbList","@id":"https:\/\/vmiv2.ci-com.fr\/es\/trayectorias-profesionales\/#breadcrumb","itemListElement":[{"@type":"ListItem","position":1,"name":"Accueil","item":"https:\/\/vmiv2.ci-com.fr\/es\/"},{"@type":"ListItem","position":2,"name":"Trayectorias profesionales"}]},{"@type":"WebSite","@id":"https:\/\/vmiv2.ci-com.fr\/#website","url":"https:\/\/vmiv2.ci-com.fr\/","name":"VMI - Fabrication d&#039;\u00e9quipements de m\u00e9lange","description":"Conception, fabrication et installation de solution de m\u00e9lange","publisher":{"@id":"https:\/\/vmiv2.ci-com.fr\/#organization"},"potentialAction":[{"@type":"SearchAction","target":{"@type":"EntryPoint","urlTemplate":"https:\/\/vmiv2.ci-com.fr\/?s={search_term_string}"},"query-input":"required name=search_term_string"}],"inLanguage":"es-ES"},{"@type":"Organization","@id":"https:\/\/vmiv2.ci-com.fr\/#organization","name":"VMI","url":"https:\/\/vmiv2.ci-com.fr\/","logo":{"@type":"ImageObject","inLanguage":"es-ES","@id":"https:\/\/vmiv2.ci-com.fr\/#\/schema\/logo\/image\/","url":"https:\/\/vmiv2.ci-com.fr\/app\/uploads\/2021\/04\/logo_VMI.svg","contentUrl":"https:\/\/vmiv2.ci-com.fr\/app\/uploads\/2021\/04\/logo_VMI.svg","width":575,"height":283,"caption":"VMI"},"image":{"@id":"https:\/\/vmiv2.ci-com.fr\/#\/schema\/logo\/image\/"}}]}},"_links":{"self":[{"href":"https:\/\/vmiv2.ci-com.fr\/es\/wp-json\/wp\/v2\/pages\/107080"}],"collection":[{"href":"https:\/\/vmiv2.ci-com.fr\/es\/wp-json\/wp\/v2\/pages"}],"about":[{"href":"https:\/\/vmiv2.ci-com.fr\/es\/wp-json\/wp\/v2\/types\/page"}],"author":[{"embeddable":true,"href":"https:\/\/vmiv2.ci-com.fr\/es\/wp-json\/wp\/v2\/users\/1"}],"replies":[{"embeddable":true,"href":"https:\/\/vmiv2.ci-com.fr\/es\/wp-json\/wp\/v2\/comments?post=107080"}],"version-history":[{"count":7,"href":"https:\/\/vmiv2.ci-com.fr\/es\/wp-json\/wp\/v2\/pages\/107080\/revisions"}],"predecessor-version":[{"id":108100,"href":"https:\/\/vmiv2.ci-com.fr\/es\/wp-json\/wp\/v2\/pages\/107080\/revisions\/108100"}],"wp:attachment":[{"href":"https:\/\/vmiv2.ci-com.fr\/es\/wp-json\/wp\/v2\/media?parent=107080"}],"curies":[{"name":"wp","href":"https:\/\/api.w.org\/{rel}","templated":true}]}}