{"id":107427,"date":"2021-06-22T17:28:45","date_gmt":"2021-06-22T15:28:45","guid":{"rendered":"https:\/\/vmiv2.ci-com.fr\/?page_id=107427"},"modified":"2021-07-02T08:44:08","modified_gmt":"2021-07-02T06:44:08","slug":"lider-soluciones-mezcla-amasado","status":"publish","type":"page","link":"https:\/\/vmiv2.ci-com.fr\/es\/lider-soluciones-mezcla-amasado\/","title":{"rendered":"L\u00edder en soluciones de mezcla y de amasado"},"content":{"rendered":"\n<p class=\"has-text-align-left has-black-color has-text-color has-large-font-size\">VMI propone <strong>soluciones de mezcla y de amasado premium<\/strong> que cubren todas las necesidades de proceso de la industria Agroalimentaria, la Panader\u00eda, la Cosm\u00e9tica y la Farmacia. Del laboratorio a las unidades piloto hasta las plataformas de producci\u00f3n y los sistemas automatizados, nuestras instalaciones son fiables y modulares y est\u00e1n dise\u00f1adas para satisfacer sus necesidades espec\u00edficas.<\/p>\n\n\n\n<div style=\"height:33px\" aria-hidden=\"true\" class=\"wp-block-spacer\"><\/div>\n\n\n\n<div class=\"wp-container-3 wp-block-columns has-extra-light-gray-background-color has-background\">\n<div class=\"wp-container-1 wp-block-column is-vertically-aligned-center\" style=\"flex-basis:40%\">\n<figure class=\"wp-block-embed is-type-video is-provider-youtube wp-block-embed-youtube wp-embed-aspect-16-9 wp-has-aspect-ratio\"><div class=\"wp-block-embed__wrapper\">\n<iframe loading=\"lazy\" title=\"VMI - Leaders en solutions de m\u00e9lange et de p\u00e9trissage\" width=\"500\" height=\"281\" src=\"https:\/\/www.youtube.com\/embed\/OnIT1Sljv48?feature=oembed\" frameborder=\"0\" allow=\"accelerometer; autoplay; clipboard-write; encrypted-media; gyroscope; picture-in-picture\" allowfullscreen><\/iframe>\n<\/div><\/figure>\n<\/div>\n\n\n\n<div class=\"wp-container-2 wp-block-column\" style=\"flex-basis:60%\">\n<h2 class=\"has-dark-blue-color has-text-color\">Nuestra visi\u00f3n a largo plazo<\/h2>\n\n\n\n<p>Nuestro compromiso es aportar <strong>eficiencia e innovaci\u00f3n<\/strong> para responder a sus retos de desarrollo y de rendimiento a largo plazo.<\/p>\n\n\n\n<p>Nuestra <strong>raz\u00f3n de ser<\/strong> es hacer del proceso de mezcla su mejor aliado para afrontar los retos de sus mercados.<\/p>\n\n\n\n<p>Nuestra <strong>visi\u00f3n<\/strong> es la de ser un&nbsp;actor clave&nbsp;de la mezcla, ideando soluciones&nbsp;fiables, seguras y duraderas.<\/p>\n\n\n\n<p>Para ello, cubrimos el <strong>ciclo de vida global<\/strong> de sus instalaciones:<\/p>\n\n\n\n<ul><li>Desarrollo de proceso industrial en anteproyecto<\/li><li>Dise\u00f1o-ingenier\u00eda, instalaci\u00f3n y puesta en marcha<\/li><li>Formaci\u00f3n y mantenimiento<\/li><li>Optimizaci\u00f3n in situ de sus herramientas de producci\u00f3n con sus equipos seg\u00fan la evoluci\u00f3n de su actividad con plazos breves de intervenci\u00f3n garantizados.<\/li><\/ul>\n\n\n\n<p>Este acompa\u00f1amiento le permite beneficiarse de una <strong>unidad industrial eficiente<\/strong> <strong>y controlada<\/strong> a lo largo de toda su explotaci\u00f3n.<\/p>\n<\/div>\n<\/div>\n\n\n<div class=\"wp-block-vmi-image-with-text right-direction\">\n    <div class=\"image-container\">\n        <picture>\n            <img  srcset=\"https:\/\/vmiv2.ci-com.fr\/app\/uploads\/2021\/06\/accompagnement_client-250x300-c-default.jpg 250w, https:\/\/vmiv2.ci-com.fr\/app\/uploads\/2021\/06\/accompagnement_client-280x350-c-default.jpg 280w, https:\/\/vmiv2.ci-com.fr\/app\/uploads\/2021\/06\/accompagnement_client-490x590-c-default.jpg 490w\" src=\"data:image\/gif;base64,R0lGODlhAQABAIAAAAAAAP\/\/\/yH5BAEAAAAALAAAAAABAAEAAAIBRAA7\" alt=\"Accompagnement client sur le d\u00e9veloppement, les essais et l&#039;\u00e9volution des installations\">\n        <\/picture>\n        <div class=\"image-overlay has-extra-light-gray-background-color\"><\/div>\n    <\/div>\n    <div class=\"block-content\">\n        \n\n<h2 class=\"has-text-align-right has-dark-blue-color has-text-color\">Soluciones expertas adaptadas a sus necesidades<\/h2>\n\n\n\n<p class=\"has-text-align-right\">Nuestra gama cubre todo el mercado mundial de la&nbsp;<strong>panader\u00eda, la boller\u00eda y la pasteler\u00eda<\/strong>, as\u00ed como el de la <strong>cosm\u00e9tica<\/strong> y de la <strong>farmacia<\/strong>.&nbsp;<\/p>\n\n\n\n<p class=\"has-text-align-right\">Situamos el <strong><a href=\"https:\/\/vmiv2.ci-com.fr\/es\/ingenieria-acompanamiento-proyecto\/\" target=\"_blank\" rel=\"noreferrer noopener\">acompa\u00f1amiento de nuestros clientes<\/a><\/strong> en el centro de nuestra estrategia. Para ello, ponemos a su disposici\u00f3n&nbsp;<strong>un laboratorio y centro t\u00e9cnico de ensayos<\/strong>, equipado con material de an\u00e1lisis y de pruebas, de control y de producci\u00f3n sumamente eficiente.<\/p>\n\n\n\n<p class=\"has-text-align-right\">Nos comprometemos a dise\u00f1ar equipos cada vez m\u00e1s eficientes para impulsar el desarrollo de su actividad. Nuestro deseo es ayudarle a&nbsp;convertirse en un actor de referencia en su sector, independientemente de su ubicaci\u00f3n.<\/p>\n\n\n    <\/div>\n<\/div>\n\n\n<div style=\"height:64px\" aria-hidden=\"true\" id=\"presencia-mundial\" class=\"wp-block-spacer\"><\/div>\n\n\n\n<h2 class=\"has-dark-blue-color has-text-color\">VMI, una presencia mundial<\/h2>\n\n\n\n<p>VMI es una empresa internacional. Continuamos nuestro desarrollo en los mercados mundiales respetando las culturas, las normativas y las costumbres propias de cada pa\u00eds.&nbsp;<\/p>\n\n\n\n<p>Para conseguirlo, nuestros <strong>equipos comerciales<\/strong> son m\u00f3viles y se desplazan a todo el mundo para reunirse con nuestros clientes en su entorno, en su centro de producci\u00f3n. Nuestra fuerza comercial se basa en una <strong>red<\/strong> de <strong>representaci\u00f3n<\/strong> y <strong>distribuci\u00f3n<\/strong> que cubre todas las regiones del mundo. Estos agentes y distribuidores han seguido una formaci\u00f3n en las tecnolog\u00edas de mezcla y amasado VMI.<\/p>\n\n\n\n<div class=\"wp-block-vmi-icon-with-text has-orange-color\"><div class=\"svg-icon has-null-color\"><svg class=\"sprite-icon icon-food\" aria-hidden=\"true\">\n    <use xlink:href=\"http:\/\/vmiv2.ci-com.fr\/app\/themes\/vmiv2-theme\/public\/icons\/sprite-icon.svg#icon-food\"><\/use>\n<\/svg><\/div><p class=\"content\"><a href=\"https:\/\/vmiv2.ci-com.fr\/es\/artesanos-industrias-panaderia-pasteleria-snacking\/#equipe-commerciale\" target=\"_blank\" rel=\"noreferrer noopener\">P\u00f3ngase en contacto con nuestro equipo comercial dedicado a los sectores de la panader\u00eda y la industria agroalimentaria<\/a><\/p><\/div>\n\n\n\n<div class=\"wp-block-vmi-icon-with-text has-purple-color\"><div class=\"svg-icon has-null-color\"><svg class=\"sprite-icon icon-health\" aria-hidden=\"true\">\n    <use xlink:href=\"http:\/\/vmiv2.ci-com.fr\/app\/themes\/vmiv2-theme\/public\/icons\/sprite-icon.svg#icon-health\"><\/use>\n<\/svg><\/div><p class=\"content\"><a href=\"https:\/\/vmiv2.ci-com.fr\/es\/cosmetica-quimica-de-especialidades\/#commercial\" target=\"_blank\" rel=\"noreferrer noopener\">P\u00f3ngase en contacto con nuestro equipo comercial dedicado a los sectores de la cosm\u00e9tica y de la farmacia<\/a><\/p><\/div>\n\n\n\n<p><\/p>\n\n\n\n<p>Nuestros <strong>t\u00e9cnicos de intervenci\u00f3n<\/strong> tambi\u00e9n recorren el mundo para garantizar la instalaci\u00f3n y las evoluciones de los equipos.<\/p>\n\n\n\n<p>Nuestro desarrollo tambi\u00e9n se basa en nuestra pertenencia a <strong><a href=\"https:\/\/vmiv2.ci-com.fr\/es\/linxis-group\/\" target=\"_blank\" rel=\"noreferrer noopener\">Linxis Group<\/a><\/strong>. Nuestras asociaciones con los actores locales e internacionales en los \u00e1mbitos de la panader\u00eda, la cosm\u00e9tica, la farmacia y la qu\u00edmica de especialidades han forjado nuestro profundo conocimiento de estos mercados y de los procesos de mezcla.<\/p>\n\n\n\n<ul><li>Sinergias con las empresas de Linxis Group<\/li><li>Proximidad y relaci\u00f3n de confianza compartida con nuestros clientes y asociados<\/li><li>Colaboraci\u00f3n con una red de agentes y de distribuidores eficaces y reactivos<\/li><\/ul>\n\n\n\n<div class=\"wp-container-5 wp-block-columns\">\n<div class=\"wp-container-4 wp-block-column\" style=\"flex-basis:100%\"><\/div>\n<\/div>\n\n\n\n<div class=\"wp-container-9 wp-block-group has-black-color has-extra-light-gray-background-color has-text-color has-background\"><div class=\"wp-block-group__inner-container\">\n<h2 class=\"has-dark-blue-color has-text-color\">Una rica y larga historia<\/h2>\n\n\n\n<div class=\"wp-container-8 wp-block-columns\">\n<div class=\"wp-container-6 wp-block-column\" style=\"flex-basis:66%\">\n<p>VMI construye su <strong>experiencia en la mezcla<\/strong> desde hace m\u00e1s de 70 a\u00f1os.<\/p>\n\n\n\n<p>Nuestras actividades originales, la panader\u00eda artesanal por una parte, con las marcas <a href=\"https:\/\/vmiv2.ci-com.fr\/es\/los-equipos\/amasadoras-eje-oblicuo\/#amasadora-eje-oblicuo-mahot\" target=\"_blank\" rel=\"noreferrer noopener\">Mahot<\/a>, Rex y Phebus y, por otra, la pintura con la marca Rayneri y el mezclador <a href=\"https:\/\/vmiv2.ci-com.fr\/es\/los-equipos\/mezcladores-de-laboratorio\/#mezclador-de-laboratorio-turbotest\" target=\"_blank\" rel=\"noreferrer noopener\" class=\"broken_link\">Turbotest\u00ae<\/a>, han llevado a nuestros expertos a acompa\u00f1ar el crecimiento de nuestros clientes en su mercado. Gracias a su desarrollo internacional y a la industrializaci\u00f3n de su oferta de procesos de mezcla, VMI ha conquistado nuevos mercados como el picoteo y la restauraci\u00f3n, la cosm\u00e9tica de alta gama y la farmacia.<\/p>\n\n\n\n<p>VMI se convierte en l\u00edder de las soluciones de mezcla desarrollando y <strong>patentando tecnolog\u00edas innovadoras<\/strong>:&nbsp;<\/p>\n\n\n\n<ul class=\"has-black-color has-text-color\"><li>Primeras&nbsp;<strong><a href=\"https:\/\/vmiv2.ci-com.fr\/es\/los-equipos\/amasadoras-continuas\/#amasadora-continua-verymix\" target=\"_blank\" rel=\"noreferrer noopener\">amasadoras continuas<\/a><\/strong>&nbsp;Verymix\u00ae y <strong>amasadoras horizontales por lote al vac\u00edo y con cuba<\/strong> <strong>enfriada<\/strong> del mercado.<\/li><li>Primer&nbsp;<strong><a href=\"https:\/\/vmiv2.ci-com.fr\/es\/los-equipos\/sistemas-de-amasado-por-lotes\/\" target=\"_blank\" rel=\"noreferrer noopener\" class=\"broken_link\">sistema autom\u00e1tico de amasado<\/a> y de fermentaci\u00f3n escalonada<\/strong>.<\/li><li>La gama m\u00e1s amplia de <a href=\"https:\/\/vmiv2.ci-com.fr\/es\/alimentacion-y-panaderia\/los-equipos\/?filter=batidoras-mezcladoras\" target=\"_blank\" rel=\"noreferrer noopener\"><strong>batidoras mezcladoras planetarias<\/strong><\/a>, de 10 a 900 litros.<\/li><li>Trimix con tres agitaciones independientes, con introducci\u00f3n al vac\u00edo en el centro del emulsor. Este <strong><a href=\"https:\/\/vmiv2.ci-com.fr\/es\/los-equipos\/homogeneizadores-al-vacio-de-produccion\/#homogeneizador-al-vacio-trimix\" target=\"_blank\" rel=\"noreferrer noopener\" class=\"broken_link\">homogeneizador al vac\u00edo<\/a><\/strong> se integra en plataformas completas de producci\u00f3n en salas blancas.<\/li><li><strong><a href=\"https:\/\/vmiv2.ci-com.fr\/es\/los-equipos\/amasadoras-de-espiral-con-artesa-extraible\/#amasadora-kneadster\" target=\"_blank\" rel=\"noreferrer noopener\" class=\"broken_link\">Amasadora por lote<\/a> de doble herramienta <\/strong>Kneadster\u00ae, que puede integrarse en un sistema de amasado robotizado con lanzadera suspendida.<\/li><li><a href=\"https:\/\/vmiv2.ci-com.fr\/es\/los-equipos\/amasadoras-continuas\/#amasadora-continua-al-vacio-continuum\" target=\"_blank\" rel=\"noreferrer noopener\">Continuum\u00ae<\/a>, \u00fanica <strong>amasadora continua al vac\u00edo<\/strong> del mercado<\/li><\/ul>\n\n\n\n<p>Para continuar su desarrollo, en 2017 VMI realiz\u00f3 el primer traslado de su historia. Los empleados de la empresa se han trasladado a estas nuevas instalaciones con una superficie total de 13.000 m\u00b2, construidas a medida y que agrupan el centro de producci\u00f3n de la marca y su domicilio social.<\/p>\n<\/div>\n\n\n\n<div class=\"wp-container-7 wp-block-column is-vertically-aligned-center\" style=\"flex-basis:33%\">\n<figure class=\"wp-block-image size-large\"><img loading=\"lazy\" width=\"490\" height=\"590\" src=\"https:\/\/vmiv2.ci-com.fr\/app\/uploads\/2021\/06\/usine_vmi.jpg\" alt=\"Site de production et si\u00e8ge social de VMI\" class=\"wp-image-106448\" srcset=\"https:\/\/vmiv2.ci-com.fr\/app\/uploads\/2021\/06\/usine_vmi.jpg 490w, https:\/\/vmiv2.ci-com.fr\/app\/uploads\/2021\/06\/usine_vmi-700x0-c-default.jpg 700w, https:\/\/vmiv2.ci-com.fr\/app\/uploads\/2021\/06\/usine_vmi-960x0-c-default.jpg 960w, https:\/\/vmiv2.ci-com.fr\/app\/uploads\/2021\/06\/usine_vmi-0x540-c-default.jpg 448w, https:\/\/vmiv2.ci-com.fr\/app\/uploads\/2021\/06\/usine_vmi-460x0-c-default.jpg 460w, https:\/\/vmiv2.ci-com.fr\/app\/uploads\/2021\/06\/usine_vmi-310x0-c-default.jpg 310w\" sizes=\"(max-width: 490px) 100vw, 490px\" \/><\/figure>\n<\/div>\n<\/div>\n<\/div><\/div>\n\n\n\n<div class=\"wp-block-vmi-internal-link-list\"><p class=\"content\"><span class=\"has-inline-color has-main-blue-color\">Para saber m\u00e1s:<\/span><\/p>\n<ul><li><a href=\"https:\/\/vmiv2.ci-com.fr\/vmi\/ingenierie-accompagnement-projet\/\"><\/a><a href=\"https:\/\/vmiv2.ci-com.fr\/es\/ingenieria-acompanamiento-proyecto\/\" target=\"_blank\" rel=\"noreferrer noopener\">Ingenier\u00eda y acompa\u00f1amiento<\/a><\/li><li><a href=\"https:\/\/vmiv2.ci-com.fr\/vmi\/nos-engagements\/\"><\/a><a href=\"https:\/\/vmiv2.ci-com.fr\/es\/vmi-un-fabricante-de-equipos-y-un-proveedor-de-servicios-responsable\/\" target=\"_blank\" rel=\"noreferrer noopener\">Nuestros compromisos<\/a><\/li><li><a href=\"https:\/\/vmiv2.ci-com.fr\/es\/linxis-group\/\" target=\"_blank\" rel=\"noreferrer noopener\">LINXIS Group<\/a><\/li><li><a href=\"https:\/\/vmiv2.ci-com.fr\/vmi\/carrieres\/\"><\/a><a href=\"https:\/\/vmiv2.ci-com.fr\/es\/trayectorias-profesionales\/\" target=\"_blank\" rel=\"noreferrer noopener\">Carreras<\/a><\/li><\/ul>\n<\/div>\n","protected":false},"excerpt":{"rendered":"<p>VMI propone soluciones de mezcla y de amasado premium que cubren todas las necesidades de proceso de la industria Agroalimentaria, la Panader\u00eda, la Cosm\u00e9tica y la Farmacia. Del laboratorio a [&hellip;]<\/p>\n","protected":false},"author":11,"featured_media":0,"parent":0,"menu_order":64,"comment_status":"closed","ping_status":"closed","template":"","meta":{"page_sector":"-"},"yoast_head":"<!-- This site is optimized with the Yoast SEO plugin v19.9 - https:\/\/yoast.com\/wordpress\/plugins\/seo\/ -->\n<title>L\u00edder en soluciones de mezcla y de amasado<\/title>\n<meta name=\"robots\" content=\"noindex, follow, max-snippet:-1, max-image-preview:large, max-video-preview:-1\" \/>\n<meta property=\"og:locale\" content=\"es_ES\" \/>\n<meta property=\"og:type\" content=\"article\" \/>\n<meta property=\"og:title\" content=\"L\u00edder en soluciones de mezcla y de amasado\" \/>\n<meta property=\"og:description\" content=\"VMI propone soluciones de mezcla y de amasado premium que cubren todas las necesidades de proceso de la industria Agroalimentaria, la Panader\u00eda, la Cosm\u00e9tica y la Farmacia. Del laboratorio a [&hellip;]\" \/>\n<meta property=\"og:url\" content=\"https:\/\/vmiv2.ci-com.fr\/es\/lider-soluciones-mezcla-amasado\/\" \/>\n<meta property=\"og:site_name\" content=\"VMI - Fabrication d&#039;\u00e9quipements de m\u00e9lange\" \/>\n<meta property=\"article:modified_time\" content=\"2021-07-02T06:44:08+00:00\" \/>\n<meta property=\"og:image\" content=\"https:\/\/vmiv2.ci-com.fr\/app\/uploads\/2021\/06\/usine_vmi.jpg\" \/>\n<meta name=\"twitter:card\" content=\"summary_large_image\" \/>\n<meta name=\"twitter:label1\" content=\"Est. reading time\" \/>\n\t<meta name=\"twitter:data1\" content=\"4 minutes\" \/>\n<script type=\"application\/ld+json\" class=\"yoast-schema-graph\">{\"@context\":\"https:\/\/schema.org\",\"@graph\":[{\"@type\":\"WebPage\",\"@id\":\"https:\/\/vmiv2.ci-com.fr\/es\/lider-soluciones-mezcla-amasado\/\",\"url\":\"https:\/\/vmiv2.ci-com.fr\/es\/lider-soluciones-mezcla-amasado\/\",\"name\":\"L\u00edder en soluciones de mezcla y de amasado\",\"isPartOf\":{\"@id\":\"https:\/\/vmiv2.ci-com.fr\/#website\"},\"datePublished\":\"2021-06-22T15:28:45+00:00\",\"dateModified\":\"2021-07-02T06:44:08+00:00\",\"breadcrumb\":{\"@id\":\"https:\/\/vmiv2.ci-com.fr\/es\/lider-soluciones-mezcla-amasado\/#breadcrumb\"},\"inLanguage\":\"es-ES\",\"potentialAction\":[{\"@type\":\"ReadAction\",\"target\":[\"https:\/\/vmiv2.ci-com.fr\/es\/lider-soluciones-mezcla-amasado\/\"]}]},{\"@type\":\"BreadcrumbList\",\"@id\":\"https:\/\/vmiv2.ci-com.fr\/es\/lider-soluciones-mezcla-amasado\/#breadcrumb\",\"itemListElement\":[{\"@type\":\"ListItem\",\"position\":1,\"name\":\"Accueil\",\"item\":\"https:\/\/vmiv2.ci-com.fr\/es\/\"},{\"@type\":\"ListItem\",\"position\":2,\"name\":\"L\u00edder en soluciones de mezcla y de amasado\"}]},{\"@type\":\"WebSite\",\"@id\":\"https:\/\/vmiv2.ci-com.fr\/#website\",\"url\":\"https:\/\/vmiv2.ci-com.fr\/\",\"name\":\"VMI - Fabrication d&#039;\u00e9quipements de m\u00e9lange\",\"description\":\"Conception, fabrication et installation de solution de m\u00e9lange\",\"publisher\":{\"@id\":\"https:\/\/vmiv2.ci-com.fr\/#organization\"},\"potentialAction\":[{\"@type\":\"SearchAction\",\"target\":{\"@type\":\"EntryPoint\",\"urlTemplate\":\"https:\/\/vmiv2.ci-com.fr\/?s={search_term_string}\"},\"query-input\":\"required name=search_term_string\"}],\"inLanguage\":\"es-ES\"},{\"@type\":\"Organization\",\"@id\":\"https:\/\/vmiv2.ci-com.fr\/#organization\",\"name\":\"VMI\",\"url\":\"https:\/\/vmiv2.ci-com.fr\/\",\"logo\":{\"@type\":\"ImageObject\",\"inLanguage\":\"es-ES\",\"@id\":\"https:\/\/vmiv2.ci-com.fr\/#\/schema\/logo\/image\/\",\"url\":\"https:\/\/vmiv2.ci-com.fr\/app\/uploads\/2021\/04\/logo_VMI.svg\",\"contentUrl\":\"https:\/\/vmiv2.ci-com.fr\/app\/uploads\/2021\/04\/logo_VMI.svg\",\"width\":575,\"height\":283,\"caption\":\"VMI\"},\"image\":{\"@id\":\"https:\/\/vmiv2.ci-com.fr\/#\/schema\/logo\/image\/\"}}]}<\/script>\n<!-- \/ Yoast SEO plugin. -->","yoast_head_json":{"title":"L\u00edder en soluciones de mezcla y de amasado","robots":{"index":"noindex","follow":"follow","max-snippet":"max-snippet:-1","max-image-preview":"max-image-preview:large","max-video-preview":"max-video-preview:-1"},"og_locale":"es_ES","og_type":"article","og_title":"L\u00edder en soluciones de mezcla y de amasado","og_description":"VMI propone soluciones de mezcla y de amasado premium que cubren todas las necesidades de proceso de la industria Agroalimentaria, la Panader\u00eda, la Cosm\u00e9tica y la Farmacia. Del laboratorio a [&hellip;]","og_url":"https:\/\/vmiv2.ci-com.fr\/es\/lider-soluciones-mezcla-amasado\/","og_site_name":"VMI - Fabrication d&#039;\u00e9quipements de m\u00e9lange","article_modified_time":"2021-07-02T06:44:08+00:00","og_image":[{"url":"https:\/\/vmiv2.ci-com.fr\/app\/uploads\/2021\/06\/usine_vmi.jpg"}],"twitter_card":"summary_large_image","twitter_misc":{"Est. reading time":"4 minutes"},"schema":{"@context":"https:\/\/schema.org","@graph":[{"@type":"WebPage","@id":"https:\/\/vmiv2.ci-com.fr\/es\/lider-soluciones-mezcla-amasado\/","url":"https:\/\/vmiv2.ci-com.fr\/es\/lider-soluciones-mezcla-amasado\/","name":"L\u00edder en soluciones de mezcla y de amasado","isPartOf":{"@id":"https:\/\/vmiv2.ci-com.fr\/#website"},"datePublished":"2021-06-22T15:28:45+00:00","dateModified":"2021-07-02T06:44:08+00:00","breadcrumb":{"@id":"https:\/\/vmiv2.ci-com.fr\/es\/lider-soluciones-mezcla-amasado\/#breadcrumb"},"inLanguage":"es-ES","potentialAction":[{"@type":"ReadAction","target":["https:\/\/vmiv2.ci-com.fr\/es\/lider-soluciones-mezcla-amasado\/"]}]},{"@type":"BreadcrumbList","@id":"https:\/\/vmiv2.ci-com.fr\/es\/lider-soluciones-mezcla-amasado\/#breadcrumb","itemListElement":[{"@type":"ListItem","position":1,"name":"Accueil","item":"https:\/\/vmiv2.ci-com.fr\/es\/"},{"@type":"ListItem","position":2,"name":"L\u00edder en soluciones de mezcla y de amasado"}]},{"@type":"WebSite","@id":"https:\/\/vmiv2.ci-com.fr\/#website","url":"https:\/\/vmiv2.ci-com.fr\/","name":"VMI - Fabrication d&#039;\u00e9quipements de m\u00e9lange","description":"Conception, fabrication et installation de solution de m\u00e9lange","publisher":{"@id":"https:\/\/vmiv2.ci-com.fr\/#organization"},"potentialAction":[{"@type":"SearchAction","target":{"@type":"EntryPoint","urlTemplate":"https:\/\/vmiv2.ci-com.fr\/?s={search_term_string}"},"query-input":"required name=search_term_string"}],"inLanguage":"es-ES"},{"@type":"Organization","@id":"https:\/\/vmiv2.ci-com.fr\/#organization","name":"VMI","url":"https:\/\/vmiv2.ci-com.fr\/","logo":{"@type":"ImageObject","inLanguage":"es-ES","@id":"https:\/\/vmiv2.ci-com.fr\/#\/schema\/logo\/image\/","url":"https:\/\/vmiv2.ci-com.fr\/app\/uploads\/2021\/04\/logo_VMI.svg","contentUrl":"https:\/\/vmiv2.ci-com.fr\/app\/uploads\/2021\/04\/logo_VMI.svg","width":575,"height":283,"caption":"VMI"},"image":{"@id":"https:\/\/vmiv2.ci-com.fr\/#\/schema\/logo\/image\/"}}]}},"_links":{"self":[{"href":"https:\/\/vmiv2.ci-com.fr\/es\/wp-json\/wp\/v2\/pages\/107427"}],"collection":[{"href":"https:\/\/vmiv2.ci-com.fr\/es\/wp-json\/wp\/v2\/pages"}],"about":[{"href":"https:\/\/vmiv2.ci-com.fr\/es\/wp-json\/wp\/v2\/types\/page"}],"author":[{"embeddable":true,"href":"https:\/\/vmiv2.ci-com.fr\/es\/wp-json\/wp\/v2\/users\/11"}],"replies":[{"embeddable":true,"href":"https:\/\/vmiv2.ci-com.fr\/es\/wp-json\/wp\/v2\/comments?post=107427"}],"version-history":[{"count":19,"href":"https:\/\/vmiv2.ci-com.fr\/es\/wp-json\/wp\/v2\/pages\/107427\/revisions"}],"predecessor-version":[{"id":108175,"href":"https:\/\/vmiv2.ci-com.fr\/es\/wp-json\/wp\/v2\/pages\/107427\/revisions\/108175"}],"wp:attachment":[{"href":"https:\/\/vmiv2.ci-com.fr\/es\/wp-json\/wp\/v2\/media?parent=107427"}],"curies":[{"name":"wp","href":"https:\/\/api.w.org\/{rel}","templated":true}]}}