{"id":107527,"date":"2021-06-23T11:49:06","date_gmt":"2021-06-23T09:49:06","guid":{"rendered":"https:\/\/vmiv2.ci-com.fr\/?page_id=107527"},"modified":"2021-06-23T11:50:44","modified_gmt":"2021-06-23T09:50:44","slug":"aviso-legal","status":"publish","type":"page","link":"https:\/\/vmiv2.ci-com.fr\/es\/aviso-legal\/","title":{"rendered":"Aviso legal"},"content":{"rendered":"\n<h2>IDENTIFICACI\u00d3N DE LA EMPRESA<\/h2>\n\n\n\n<h3>VMI<\/h3>\n\n\n\n<p><strong>Domicilio social<\/strong>: P.A. Les Marches de Bretagne \u2013 70 rue Anne de Bretagne, Saint-Hilaire-de-Loulay \u2013 85600 MONTAIGU-VEND\u00c9E FRANCIA<br><strong>Tel\u00e9fono<\/strong>: +33 (0)2 51 45 35 35<\/p>\n\n\n\n<p><strong>Situaci\u00f3n jur\u00eddica:<\/strong>&nbsp;SAS<br><strong>N\u00b0 RCS<\/strong>: 546 050 246 B La Roche-sur-Yon \u2013 FRANCIA<br><strong>C\u00f3digo actividad<\/strong>: 2893Z<br><strong>Capital social<\/strong>: 816 400 \u20ac<\/p>\n\n\n\n<h2>DISE\u00d1O \/ REALIZACI\u00d3N DEL SITIO WEB<\/h2>\n\n\n\n<p><strong>ADDICTIC \u2013 Agence de communication digitale<\/strong><br><a href=\"https:\/\/www.addictic.fr\/\" target=\"_blank\" rel=\"noreferrer noopener\">https:\/\/www.addictic.fr\/<\/a><br>RCS Tours B 498 295 039<br>16, rue des Montils 37520 LA RICHE \u2013 FRANCIA<\/p>\n\n\n\n<p>T\u00e9l. : +33 (0)2 47 36 90 61<\/p>\n\n\n\n<h2>ALOJAMIENTO DEL SITIO WEB<\/h2>\n\n\n\n<p><strong>ADDICTIC desde la plataforma OVH<\/strong><br>RCS Roubaix-Tourcoing B 424 761 419<br>140 Quai du Sartel<br>59100 ROUBAIX \u2013 FRANCIA<\/p>\n\n\n\n<p>T\u00e9l. : (+33)9 72 10 10 07<\/p>\n\n\n\n<h2>INFORMACI\u00d3N NOMINATIVA<\/h2>\n\n\n\n<p>Todas las personas disponen de un derecho de acceso, de modificaci\u00f3n, de rectificaci\u00f3n y de supresi\u00f3n de sus datos personales (art\u00edculo 34 de la ley francesa \u00ab<em>Informatique et Libert\u00e9s<\/em>\u00bb del 6 de enero de 1978). Para ejercer este derecho, dir\u00edjase a: Se\u00f1as del cliente Seg\u00fan la ley 78-17 del 06\/01\/1978 relativa a la inform\u00e1tica, a los archivos y a las libertades, el presente Sitio web ha sido objeto de declaraci\u00f3n a la CNIL. La empresa VMI podr\u00e1, con fines de constituci\u00f3n de prueba, conservar y archivar los datos del cliente de manera confidencia.<\/p>\n\n\n\n<p>El acceso al Sitio web&nbsp;<a href=\"http:\/\/www.vmimixing.com\/\">vmimixing.com<\/a>, as\u00ed como la utilizaci\u00f3n de su contenido, est\u00e1n sujetos a las condiciones de utilizaci\u00f3n descritas a continuaci\u00f3n. El mero hecho de acceder y de navegar por el sitio web&nbsp;<a href=\"http:\/\/www.vmimixing.com\/\">vmimixing.com<\/a>&nbsp;constituye, por parte del visitante, la aceptaci\u00f3n sin reservas de las estipulaciones siguientes:<\/p>\n\n\n\n<h2>PROPIEDAD INTELECTUAL<\/h2>\n\n\n\n<p>El Sitio web es propiedad exclusiva de la empresa VMI, \u00fanica habilitada para utilizar y explotar los derechos de propiedad intelectual y los derechos de la personalidad asociados a este sitio, en particular las marcas, dibujos y modelos, derechos de autor y derechos de imagen, de manera original o por los efectos de una cesi\u00f3n o de una licencia de explotaci\u00f3n. Queda estrictamente prohibido el uso total o parcial del Sitio web&nbsp;<a href=\"http:\/\/www.vmimixing.com\/\">vmimixing.com<\/a>, especialmente para la descarga, reproducci\u00f3n, transmisi\u00f3n o representaci\u00f3n con fines distintos del uso personal y privado sin \u00e1nimo de lucro.<\/p>\n\n\n\n<h2>FOTOGRAF\u00cdAS Y DATOS<\/h2>\n\n\n\n<p>Las fotograf\u00edas y datos que se encuentran en este Sitio web no son contractuales.<\/p>\n\n\n\n<h2>RESPETO DE LA PRIVACIDAD Y DE LOS DATOS PERSONALES<\/h2>\n\n\n\n<p>Por la presente, le informamos del tratamiento de sus datos personales en el marco de la utilizaci\u00f3n de nuestro sitio web.<\/p>\n\n\n\n<p>El Responsable del tratamiento es<strong>&nbsp;VMI \u2013 Departamento de Marketing \u2013 Datos del cliente \u2013 70 rue Anne de Bretagne, PA Les marches de Bretagne, 85600 MONTAIGU VEND\u00c9E, FRANCIA,&nbsp;<\/strong><strong><a href=\"mailto:communication@vmi.fr\" target=\"_blank\" rel=\"noreferrer noopener\">communication@vmi.fr<\/a><\/strong>. El responsable del tratamiento en el sentido del reglamento general de protecci\u00f3n de datos (RGPD) es \u00abla persona f\u00edsica o moral, la autoridad p\u00fablica, el departamento u otro organismo que, solo o conjuntamente con otros, determina los objetivos y los medios de tratamiento\u00bb (art\u00edculo 4 p\u00e1rrafo 7).<\/p>\n\n\n\n<h3><strong>Datos recopilados<\/strong><\/h3>\n\n\n\n<p>La consulta de nuestro sitio web no requiere ninguna autentificaci\u00f3n ni comunicaci\u00f3n de datos personales.<\/p>\n\n\n\n<p>Los \u00fanicos datos personales registrados son los que usted nos comunica al ponerse en contacto con nosotros a trav\u00e9s del formulario de contacto o de solicitud de presupuesto. Los datos que le pedimos son: nombre, apellido, nombre de la empresa, tipo de perfil, direcci\u00f3n, sector de actividad, se\u00f1as telef\u00f3nicas y de correo electr\u00f3nico, objeto de la solicitud.<\/p>\n\n\n\n<h3><strong>Utilizaci\u00f3n de los datos<\/strong><\/h3>\n\n\n\n<p>Los datos recopilados en la toma de contacto se tratan con el fin de establecer una relaci\u00f3n comercial y profesional con usted. Solo se utilizan para poder responder a sus solicitudes.<\/p>\n\n\n\n<p>En los formularios de contacto y de solicitud de presupuesto, el hecho de seleccionar la casilla&nbsp;\u00abReconozco estar informado\/a de la declaraci\u00f3n sobre&nbsp;la protecci\u00f3n de los datos personales*\u00bb equivale a una autorizaci\u00f3n por su parte. &nbsp;Sus datos no ser\u00e1n transmitidos en ning\u00fan caso a una empresa tercera sin su consentimiento, excepto si nos vemos obligados a ello por razones legales e imperativas.<\/p>\n\n\n\n<h3><strong>Sus derechos<\/strong><\/h3>\n\n\n\n<p>En todo momento, usted tiene derecho a consultar, modificar, eliminar y oponerse a sus datos personales escribiendo por correo electr\u00f3nico a&nbsp;<strong>communication@vmi.fr<\/strong>&nbsp;o por correo postal a&nbsp;<strong>VMI \u2013 Departamento de Marketing \u2013 Datos del cliente \u2013 70 rue Anne de Bretagne, PA Les marches de Bretagne, 85600 MONTAIGU VEND\u00c9E,&nbsp;<\/strong><strong>FRANCIA.<\/strong>&nbsp;Tambi\u00e9n puede determinar las instrucciones relativas a la conservaci\u00f3n, la supresi\u00f3n y la comunicaci\u00f3n de sus datos personales \u00abpost-mortem\u00bb comunic\u00e1ndonoslas a esta direcci\u00f3n.<\/p>\n\n\n\n<h2>ENLACES HIPERTEXTO HACIA OTROS SITIOS WEB<\/h2>\n\n\n\n<p>La creaci\u00f3n de enlaces hipertexto hacia el Sitio web solo puede realizarse con la autorizaci\u00f3n previa y por escrito de la empresa VMI, que podr\u00e1 revocarla en todo momento. La empresa VMI declina toda responsabilidad relativa al contenido de los sitios web vinculados al Sitio web.<\/p>\n\n\n\n<h2>COOKIES<\/h2>\n\n\n\n<p>En aplicaci\u00f3n de las disposiciones de la directiva 2002\/58\/CE, VMI utiliza cookies con fines de identificaci\u00f3n personal.<br>Estas cookies permanecer\u00e1n almacenadas en el ordenador del usuario durante cinco (5) a\u00f1os, a menos que el usuario las suprima. Todo usuario tiene la posibilidad de rechazar estas cookies haciendo clic en el bot\u00f3n \u00absuprimir las cookies\u00bb en las opciones de Internet\/pesta\u00f1a: confidencialidad, sabiendo que la utilizaci\u00f3n del Sitio web podr\u00eda verse limitada. Las cookies no nos permiten identificarle. De manera general, registran la informaci\u00f3n relativa a la navegaci\u00f3n de su ordenador en nuestro sitio web (p\u00e1ginas consultadas, fecha y hora de consulta, etc.) que podremos leer en sus visitas posteriores.<\/p>\n\n\n\n<h2>RESPONSABILIDAD DE VMI<\/h2>\n\n\n\n<p>Seg\u00fan las condiciones autorizadas por la ley, la empresa VMI no recae en responsabilidad alguna:<br>por toda imprecisi\u00f3n, omisi\u00f3n o da\u00f1os derivados de la intrusi\u00f3n de un tercero que haya ocasionado una modificaci\u00f3n de la informaci\u00f3n disponible en el Sitio web, en caso de da\u00f1os provocados en raz\u00f3n del acceso de un tercero no autorizado el Sitio web&nbsp;<a href=\"http:\/\/www.vmimixing.com\/\">vmimixing.com<\/a>&nbsp;o que imposibilite el acceso al mismo. Se informa al visitante de que la empresa VMI podr\u00e1 interrumpir el acceso al Sitio web en todo momento por razones de mantenimiento, de seguridad o de cualquier otra restricci\u00f3n t\u00e9cnica.<\/p>\n\n\n\n<h2>DERECHO APLICABLE<\/h2>\n\n\n\n<p>Estas condiciones se rigen por el derecho franc\u00e9s. Las jurisdicciones francesas son las \u00fanicas competentes para actuar en todo litigio relacionado directa o indirectamente con el acceso al presente Sitio web o con su utilizaci\u00f3n. La versi\u00f3n original de las presentes condiciones es la redactada en franc\u00e9s. En caso de conflicto o de incoherencia entre la versi\u00f3n francesa y la presente, prevaldr\u00e1 la versi\u00f3n francesa.<\/p>\n","protected":false},"excerpt":{"rendered":"<p>IDENTIFICACI\u00d3N DE LA EMPRESA VMI Domicilio social: P.A. Les Marches de Bretagne \u2013 70 rue Anne de Bretagne, Saint-Hilaire-de-Loulay \u2013 85600 MONTAIGU-VEND\u00c9E FRANCIATel\u00e9fono: +33 (0)2 51 45 35 35 Situaci\u00f3n [&hellip;]<\/p>\n","protected":false},"author":1,"featured_media":0,"parent":0,"menu_order":90,"comment_status":"closed","ping_status":"closed","template":"","meta":{"page_sector":"-"},"yoast_head":"<!-- This site is optimized with the Yoast SEO plugin v19.9 - https:\/\/yoast.com\/wordpress\/plugins\/seo\/ -->\n<title>Aviso legal<\/title>\n<meta name=\"robots\" content=\"noindex, follow, max-snippet:-1, max-image-preview:large, max-video-preview:-1\" \/>\n<meta property=\"og:locale\" content=\"es_ES\" \/>\n<meta property=\"og:type\" content=\"article\" \/>\n<meta property=\"og:title\" content=\"Aviso legal\" \/>\n<meta property=\"og:description\" content=\"IDENTIFICACI\u00d3N DE LA EMPRESA VMI Domicilio social: P.A. Les Marches de Bretagne \u2013 70 rue Anne de Bretagne, Saint-Hilaire-de-Loulay \u2013 85600 MONTAIGU-VEND\u00c9E FRANCIATel\u00e9fono: +33 (0)2 51 45 35 35 Situaci\u00f3n [&hellip;]\" \/>\n<meta property=\"og:url\" content=\"https:\/\/vmiv2.ci-com.fr\/es\/aviso-legal\/\" \/>\n<meta property=\"og:site_name\" content=\"VMI - Fabrication d&#039;\u00e9quipements de m\u00e9lange\" \/>\n<meta property=\"article:modified_time\" content=\"2021-06-23T09:50:44+00:00\" \/>\n<meta name=\"twitter:card\" content=\"summary_large_image\" \/>\n<meta name=\"twitter:label1\" content=\"Est. reading time\" \/>\n\t<meta name=\"twitter:data1\" content=\"5 minutes\" \/>\n<script type=\"application\/ld+json\" class=\"yoast-schema-graph\">{\"@context\":\"https:\/\/schema.org\",\"@graph\":[{\"@type\":\"WebPage\",\"@id\":\"https:\/\/vmiv2.ci-com.fr\/es\/aviso-legal\/\",\"url\":\"https:\/\/vmiv2.ci-com.fr\/es\/aviso-legal\/\",\"name\":\"Aviso legal\",\"isPartOf\":{\"@id\":\"https:\/\/vmiv2.ci-com.fr\/#website\"},\"datePublished\":\"2021-06-23T09:49:06+00:00\",\"dateModified\":\"2021-06-23T09:50:44+00:00\",\"breadcrumb\":{\"@id\":\"https:\/\/vmiv2.ci-com.fr\/es\/aviso-legal\/#breadcrumb\"},\"inLanguage\":\"es-ES\",\"potentialAction\":[{\"@type\":\"ReadAction\",\"target\":[\"https:\/\/vmiv2.ci-com.fr\/es\/aviso-legal\/\"]}]},{\"@type\":\"BreadcrumbList\",\"@id\":\"https:\/\/vmiv2.ci-com.fr\/es\/aviso-legal\/#breadcrumb\",\"itemListElement\":[{\"@type\":\"ListItem\",\"position\":1,\"name\":\"Accueil\",\"item\":\"https:\/\/vmiv2.ci-com.fr\/es\/\"},{\"@type\":\"ListItem\",\"position\":2,\"name\":\"Aviso legal\"}]},{\"@type\":\"WebSite\",\"@id\":\"https:\/\/vmiv2.ci-com.fr\/#website\",\"url\":\"https:\/\/vmiv2.ci-com.fr\/\",\"name\":\"VMI - Fabrication d&#039;\u00e9quipements de m\u00e9lange\",\"description\":\"Conception, fabrication et installation de solution de m\u00e9lange\",\"publisher\":{\"@id\":\"https:\/\/vmiv2.ci-com.fr\/#organization\"},\"potentialAction\":[{\"@type\":\"SearchAction\",\"target\":{\"@type\":\"EntryPoint\",\"urlTemplate\":\"https:\/\/vmiv2.ci-com.fr\/?s={search_term_string}\"},\"query-input\":\"required name=search_term_string\"}],\"inLanguage\":\"es-ES\"},{\"@type\":\"Organization\",\"@id\":\"https:\/\/vmiv2.ci-com.fr\/#organization\",\"name\":\"VMI\",\"url\":\"https:\/\/vmiv2.ci-com.fr\/\",\"logo\":{\"@type\":\"ImageObject\",\"inLanguage\":\"es-ES\",\"@id\":\"https:\/\/vmiv2.ci-com.fr\/#\/schema\/logo\/image\/\",\"url\":\"https:\/\/vmiv2.ci-com.fr\/app\/uploads\/2021\/04\/logo_VMI.svg\",\"contentUrl\":\"https:\/\/vmiv2.ci-com.fr\/app\/uploads\/2021\/04\/logo_VMI.svg\",\"width\":575,\"height\":283,\"caption\":\"VMI\"},\"image\":{\"@id\":\"https:\/\/vmiv2.ci-com.fr\/#\/schema\/logo\/image\/\"}}]}<\/script>\n<!-- \/ Yoast SEO plugin. -->","yoast_head_json":{"title":"Aviso legal","robots":{"index":"noindex","follow":"follow","max-snippet":"max-snippet:-1","max-image-preview":"max-image-preview:large","max-video-preview":"max-video-preview:-1"},"og_locale":"es_ES","og_type":"article","og_title":"Aviso legal","og_description":"IDENTIFICACI\u00d3N DE LA EMPRESA VMI Domicilio social: P.A. Les Marches de Bretagne \u2013 70 rue Anne de Bretagne, Saint-Hilaire-de-Loulay \u2013 85600 MONTAIGU-VEND\u00c9E FRANCIATel\u00e9fono: +33 (0)2 51 45 35 35 Situaci\u00f3n [&hellip;]","og_url":"https:\/\/vmiv2.ci-com.fr\/es\/aviso-legal\/","og_site_name":"VMI - Fabrication d&#039;\u00e9quipements de m\u00e9lange","article_modified_time":"2021-06-23T09:50:44+00:00","twitter_card":"summary_large_image","twitter_misc":{"Est. reading time":"5 minutes"},"schema":{"@context":"https:\/\/schema.org","@graph":[{"@type":"WebPage","@id":"https:\/\/vmiv2.ci-com.fr\/es\/aviso-legal\/","url":"https:\/\/vmiv2.ci-com.fr\/es\/aviso-legal\/","name":"Aviso legal","isPartOf":{"@id":"https:\/\/vmiv2.ci-com.fr\/#website"},"datePublished":"2021-06-23T09:49:06+00:00","dateModified":"2021-06-23T09:50:44+00:00","breadcrumb":{"@id":"https:\/\/vmiv2.ci-com.fr\/es\/aviso-legal\/#breadcrumb"},"inLanguage":"es-ES","potentialAction":[{"@type":"ReadAction","target":["https:\/\/vmiv2.ci-com.fr\/es\/aviso-legal\/"]}]},{"@type":"BreadcrumbList","@id":"https:\/\/vmiv2.ci-com.fr\/es\/aviso-legal\/#breadcrumb","itemListElement":[{"@type":"ListItem","position":1,"name":"Accueil","item":"https:\/\/vmiv2.ci-com.fr\/es\/"},{"@type":"ListItem","position":2,"name":"Aviso legal"}]},{"@type":"WebSite","@id":"https:\/\/vmiv2.ci-com.fr\/#website","url":"https:\/\/vmiv2.ci-com.fr\/","name":"VMI - Fabrication d&#039;\u00e9quipements de m\u00e9lange","description":"Conception, fabrication et installation de solution de m\u00e9lange","publisher":{"@id":"https:\/\/vmiv2.ci-com.fr\/#organization"},"potentialAction":[{"@type":"SearchAction","target":{"@type":"EntryPoint","urlTemplate":"https:\/\/vmiv2.ci-com.fr\/?s={search_term_string}"},"query-input":"required name=search_term_string"}],"inLanguage":"es-ES"},{"@type":"Organization","@id":"https:\/\/vmiv2.ci-com.fr\/#organization","name":"VMI","url":"https:\/\/vmiv2.ci-com.fr\/","logo":{"@type":"ImageObject","inLanguage":"es-ES","@id":"https:\/\/vmiv2.ci-com.fr\/#\/schema\/logo\/image\/","url":"https:\/\/vmiv2.ci-com.fr\/app\/uploads\/2021\/04\/logo_VMI.svg","contentUrl":"https:\/\/vmiv2.ci-com.fr\/app\/uploads\/2021\/04\/logo_VMI.svg","width":575,"height":283,"caption":"VMI"},"image":{"@id":"https:\/\/vmiv2.ci-com.fr\/#\/schema\/logo\/image\/"}}]}},"_links":{"self":[{"href":"https:\/\/vmiv2.ci-com.fr\/es\/wp-json\/wp\/v2\/pages\/107527"}],"collection":[{"href":"https:\/\/vmiv2.ci-com.fr\/es\/wp-json\/wp\/v2\/pages"}],"about":[{"href":"https:\/\/vmiv2.ci-com.fr\/es\/wp-json\/wp\/v2\/types\/page"}],"author":[{"embeddable":true,"href":"https:\/\/vmiv2.ci-com.fr\/es\/wp-json\/wp\/v2\/users\/1"}],"replies":[{"embeddable":true,"href":"https:\/\/vmiv2.ci-com.fr\/es\/wp-json\/wp\/v2\/comments?post=107527"}],"version-history":[{"count":2,"href":"https:\/\/vmiv2.ci-com.fr\/es\/wp-json\/wp\/v2\/pages\/107527\/revisions"}],"predecessor-version":[{"id":107531,"href":"https:\/\/vmiv2.ci-com.fr\/es\/wp-json\/wp\/v2\/pages\/107527\/revisions\/107531"}],"wp:attachment":[{"href":"https:\/\/vmiv2.ci-com.fr\/es\/wp-json\/wp\/v2\/media?parent=107527"}],"curies":[{"name":"wp","href":"https:\/\/api.w.org\/{rel}","templated":true}]}}