{"id":107534,"date":"2021-06-23T11:51:50","date_gmt":"2021-06-23T09:51:50","guid":{"rendered":"https:\/\/vmiv2.ci-com.fr\/?page_id=107534"},"modified":"2021-06-23T11:51:51","modified_gmt":"2021-06-23T09:51:51","slug":"mapa-del-sitio","status":"publish","type":"page","link":"https:\/\/vmiv2.ci-com.fr\/es\/mapa-del-sitio\/","title":{"rendered":"Mapa del sitio"},"content":{"rendered":"\n<div class=\"wp-container-3 wp-block-columns\">\n<div class=\"wp-container-1 wp-block-column\"><div class=\"wsp-container\"><h2 class=\"wsp-pages-title\">Pages<\/h2>\n<ul class=\"wsp-pages-list\">\n<li class=\"page_item page-item-108082\"><a href=\"https:\/\/vmiv2.ci-com.fr\/es\/soluciones-completas-mezcla-industrias-cosmeticas-farmaceuticas-norteamerica\/\">Soluciones completas de mezcla para las industrias cosm\u00e9ticas y farmac\u00e9uticas en Norteam\u00e9rica<\/a><\/li>\n<li class=\"page_item page-item-104835\"><a href=\"https:\/\/vmiv2.ci-com.fr\/es\/\">Procesos y Tecnolog\u00edas de mezcla<\/a><\/li>\n<li class=\"page_item page-item-104837 page_item_has_children\"><a href=\"https:\/\/vmiv2.ci-com.fr\/es\/artesanos-industrias-panaderia-pasteleria-snacking\/\">Artesanos e Industrias de la panader\u00eda, la pasteler\u00eda y el snacking<\/a>\n<ul class='children'>\n\t<li class=\"page_item page-item-107519\"><a href=\"https:\/\/vmiv2.ci-com.fr\/es\/artesanos-industrias-panaderia-pasteleria-snacking\/process-development-center-panaderia\/\">Process Development Center para la industria de la Panader\u00eda, la Pasteler\u00eda, la Alimentaci\u00f3n y el Snacking<\/a><\/li>\n\t<li class=\"page_item page-item-107440\"><a href=\"https:\/\/vmiv2.ci-com.fr\/es\/artesanos-industrias-panaderia-pasteleria-snacking\/aplicaciones-panaderia-pasteleria-artesanal-servicios-de-restauracion\/\">Aplicaciones para la panader\u00eda-pasteler\u00eda artesanal y los servicios de restauraci\u00f3n<\/a><\/li>\n\t<li class=\"page_item page-item-107470\"><a href=\"https:\/\/vmiv2.ci-com.fr\/es\/artesanos-industrias-panaderia-pasteleria-snacking\/aplicaciones-industria-alimentacion-panaderia\/\">Aplicaciones para la industria de la Alimentaci\u00f3n y la Panader\u00eda<\/a><\/li>\n\t<li class=\"page_item page-item-107050\"><a href=\"https:\/\/vmiv2.ci-com.fr\/es\/artesanos-industrias-panaderia-pasteleria-snacking\/los-equipos\/\">Los equipos<\/a><\/li>\n\t<li class=\"page_item page-item-108080\"><a href=\"https:\/\/vmiv2.ci-com.fr\/es\/artesanos-industrias-panaderia-pasteleria-snacking\/soluciones-mezcla-completas-industrias-panaderia-pasteleria-snacking-norteamerica\/\">Soluciones de mezcla completas para las industrias de la panader\u00eda, la pasteler\u00eda y el snacking en Norteam\u00e9rica<\/a><\/li>\n<\/ul>\n<\/li>\n<li class=\"page_item page-item-107045 page_item_has_children\"><a href=\"https:\/\/vmiv2.ci-com.fr\/es\/cosmetica-quimica-de-especialidades\/\">Laboratorios e industrias de la cosm\u00e9tica, la farmacia y la qu\u00edmica de especialidades<\/a>\n<ul class='children'>\n\t<li class=\"page_item page-item-107614\"><a href=\"https:\/\/vmiv2.ci-com.fr\/es\/cosmetica-quimica-de-especialidades\/process-development-center-salud-y-quimica\/\">Process Development Center para las industrias de la salud y de la qu\u00edmica de especialidades<\/a><\/li>\n\t<li class=\"page_item page-item-107638\"><a href=\"https:\/\/vmiv2.ci-com.fr\/es\/cosmetica-quimica-de-especialidades\/aplicaciones-industria-quimica-de-especialidades\/\">Aplicaciones para la industria de la qu\u00edmica de especialidades<\/a><\/li>\n\t<li class=\"page_item page-item-107630\"><a href=\"https:\/\/vmiv2.ci-com.fr\/es\/cosmetica-quimica-de-especialidades\/aplicaciones-industria-salud\/\">Aplicaciones para la industria de la salud<\/a><\/li>\n\t<li class=\"page_item page-item-107064\"><a href=\"https:\/\/vmiv2.ci-com.fr\/es\/cosmetica-quimica-de-especialidades\/los-equipos\/\">Los equipos<\/a><\/li>\n<\/ul>\n<\/li>\n<li class=\"page_item page-item-107066\"><a href=\"https:\/\/vmiv2.ci-com.fr\/es\/events\/\">Agenda<\/a><\/li>\n<li class=\"page_item page-item-107467\"><a href=\"https:\/\/vmiv2.ci-com.fr\/es\/soluciones-globales-servicio\/\">Soluciones globales de servicio<\/a><\/li>\n<li class=\"page_item page-item-107070\"><a href=\"https:\/\/vmiv2.ci-com.fr\/es\/linxis-group\/\">LINXIS Group, especialista en equipos y soluciones llave en mano para la industrias agroalimentaria y de la salud<\/a><\/li>\n<li class=\"page_item page-item-107425\"><a href=\"https:\/\/vmiv2.ci-com.fr\/es\/vmi-un-fabricante-de-equipos-y-un-proveedor-de-servicios-responsable\/\">VMI, un fabricante de equipos y un proveedor de servicios Responsable<\/a><\/li>\n<li class=\"page_item page-item-107080\"><a href=\"https:\/\/vmiv2.ci-com.fr\/es\/trayectorias-profesionales\/\">Trayectorias profesionales<\/a><\/li>\n<li class=\"page_item page-item-107068 current_page_parent\"><a href=\"https:\/\/vmiv2.ci-com.fr\/es\/noticias\/\">Noticias<\/a><\/li>\n<li class=\"page_item page-item-107427\"><a href=\"https:\/\/vmiv2.ci-com.fr\/es\/lider-soluciones-mezcla-amasado\/\">L\u00edder en soluciones de mezcla y de amasado<\/a><\/li>\n<li class=\"page_item page-item-107646\"><a href=\"https:\/\/vmiv2.ci-com.fr\/es\/contacto\/\">Contacto<\/a><\/li>\n<li class=\"page_item page-item-107529\"><a href=\"https:\/\/vmiv2.ci-com.fr\/es\/las-cookies\/\">Las cookies<\/a><\/li>\n<li class=\"page_item page-item-107405\"><a href=\"https:\/\/vmiv2.ci-com.fr\/es\/ingenieria-acompanamiento-proyecto\/\">Ingenier\u00eda y acompa\u00f1amiento al servicio de su proyecto<\/a><\/li>\n<\/ul>\n<\/div>\n<\/div>\n\n\n\n<div class=\"wp-container-2 wp-block-column\"><div class=\"wsp-container\"><h2 class=\"wsp-product_familys-title\">Product Families<\/h2>\n<ul class=\"wsp-product_familys-list\">\n<li><a href=\"https:\/\/vmiv2.ci-com.fr\/es\/equipos\/plataformas-produccion-industrial\/\">Plataformas de producci\u00f3n industrial<\/a><\/li>\n<li><a href=\"https:\/\/vmiv2.ci-com.fr\/es\/equipos\/agitadores\/\">Agitadores para mezcladores industriales<\/a><\/li>\n<li><a href=\"https:\/\/vmiv2.ci-com.fr\/es\/equipos\/mezcladores-industriales-abatibles\/\">Mezcladores industriales abatibles<\/a><\/li>\n<li><a href=\"https:\/\/vmiv2.ci-com.fr\/es\/equipos\/mezcladores-planetarios\/\">Mezcladores planetarios<\/a><\/li>\n<li><a href=\"https:\/\/vmiv2.ci-com.fr\/es\/equipos\/homogeneizadores-piloto\/\">Homogeneizadores al vac\u00edo piloto<\/a><\/li>\n<li><a href=\"https:\/\/vmiv2.ci-com.fr\/es\/equipos\/homogeneizadores-produccion\/\">Homogeneizadores al vac\u00edo de producci\u00f3n<\/a><\/li>\n<li><a href=\"https:\/\/vmiv2.ci-com.fr\/es\/equipos\/mezcladores-laboratorio\/\">Mezcladores de laboratorio<\/a><\/li>\n<li><a href=\"https:\/\/vmiv2.ci-com.fr\/es\/equipos\/mezcladores-laboratorio-vacio\/\">Mezcladores de laboratorio al vac\u00edo<\/a><\/li>\n<li><a href=\"https:\/\/vmiv2.ci-com.fr\/es\/equipos\/equipo-deposito-transferencia\/\">Equipo de dosificaci\u00f3n, dep\u00f3sito y transferencia<\/a><\/li>\n<li><a href=\"https:\/\/vmiv2.ci-com.fr\/es\/equipos\/amasadoras-laboratorio\/\">Amasadoras de laboratorio<\/a><\/li>\n<li><a href=\"https:\/\/vmiv2.ci-com.fr\/es\/equipos\/sistemas-amasado-lotes\/\">Sistemas de amasado por lotes<\/a><\/li>\n<li><a href=\"https:\/\/vmiv2.ci-com.fr\/es\/equipos\/amasadoras-continuas\/\">Amasadoras continuas<\/a><\/li>\n<li><a href=\"https:\/\/vmiv2.ci-com.fr\/es\/equipos\/elementos-transferencia-sistemas-anexos\/\">Elementos de transferencia y sistemas anexos<\/a><\/li>\n<li><a href=\"https:\/\/vmiv2.ci-com.fr\/es\/equipos\/batidoras-mezcladoras-laboratorio-produccion\/\">Batidoras mezcladoras para laboratorio de producci\u00f3n<\/a><\/li>\n<li><a href=\"https:\/\/vmiv2.ci-com.fr\/es\/equipos\/batidoras-industria-agroalimentaria\/\">Batidoras para la industria agroalimentaria<\/a><\/li>\n<li><a href=\"https:\/\/vmiv2.ci-com.fr\/es\/equipos\/amasadoras-eje-oblicuo\/\">Amasadoras de eje oblicuo con cuba fija y cuba amovible<\/a><\/li>\n<li><a href=\"https:\/\/vmiv2.ci-com.fr\/es\/equipos\/amasadoras-espiral-artesa-fija\/\">Amasadoras de espiral con artesa fija<\/a><\/li>\n<li><a href=\"https:\/\/vmiv2.ci-com.fr\/es\/equipos\/amasadoras-espiral-artesa-extraible\/\">Amasadoras de espiral con artesa extra\u00edble<\/a><\/li>\n<li><a href=\"https:\/\/vmiv2.ci-com.fr\/es\/equipos\/amasadoras-espiral-berto\/\">Amasadoras de espiral gama BERTO<\/a><\/li>\n<li><a href=\"https:\/\/vmiv2.ci-com.fr\/es\/equipos\/maquina-levadura\/\">M\u00e1quina de levadura<\/a><\/li>\n<\/ul>\n<\/div>\n<\/div>\n<\/div>\n\n\n\n<div class=\"wp-container-6 wp-block-columns\">\n<div class=\"wp-container-4 wp-block-column\"><div class=\"wsp-container\"><h2 class=\"wsp-posts-title\">Posts by category<\/h2>\n<ul class=\"wsp-posts-list\">\n\t<li><strong class=\"wsp-category-title\">Category: <a href=\"https:\/\/vmiv2.ci-com.fr\/es\/category\/alimentacion-y-panaderia\/\">Alimentaci\u00f3n y Panader\u00eda<\/a><\/strong>\n<ul class=\"wsp-posts-list\">\t\t<li class=\"wsp-post\"><a href=\"https:\/\/vmiv2.ci-com.fr\/es\/alimentacion-y-panaderia\/test\/\">Test<\/a><\/li>\n<\/ul><\/li>\n<\/ul>\n<\/div>\n<\/div>\n\n\n\n<div class=\"wp-container-5 wp-block-column\"><div class=\"wsp-container\"><\/div>\n<\/div>\n<\/div>\n","protected":false},"excerpt":{"rendered":"","protected":false},"author":1,"featured_media":0,"parent":0,"menu_order":97,"comment_status":"closed","ping_status":"closed","template":"","meta":{"page_sector":"-"},"yoast_head":"<!-- This site is optimized with the Yoast SEO plugin v19.9 - https:\/\/yoast.com\/wordpress\/plugins\/seo\/ -->\n<title>Mapa del sitio<\/title>\n<meta name=\"robots\" content=\"noindex, follow, max-snippet:-1, max-image-preview:large, max-video-preview:-1\" \/>\n<meta property=\"og:locale\" content=\"es_ES\" \/>\n<meta property=\"og:type\" content=\"article\" \/>\n<meta property=\"og:title\" content=\"Mapa del sitio\" \/>\n<meta property=\"og:url\" content=\"https:\/\/vmiv2.ci-com.fr\/es\/mapa-del-sitio\/\" \/>\n<meta property=\"og:site_name\" content=\"VMI - Fabrication d&#039;\u00e9quipements de m\u00e9lange\" \/>\n<meta property=\"article:modified_time\" content=\"2021-06-23T09:51:51+00:00\" \/>\n<meta name=\"twitter:card\" content=\"summary_large_image\" \/>\n<meta name=\"twitter:label1\" content=\"Est. reading time\" \/>\n\t<meta name=\"twitter:data1\" content=\"1 minute\" \/>\n<script type=\"application\/ld+json\" class=\"yoast-schema-graph\">{\"@context\":\"https:\/\/schema.org\",\"@graph\":[{\"@type\":\"WebPage\",\"@id\":\"https:\/\/vmiv2.ci-com.fr\/es\/mapa-del-sitio\/\",\"url\":\"https:\/\/vmiv2.ci-com.fr\/es\/mapa-del-sitio\/\",\"name\":\"Mapa del sitio\",\"isPartOf\":{\"@id\":\"https:\/\/vmiv2.ci-com.fr\/#website\"},\"datePublished\":\"2021-06-23T09:51:50+00:00\",\"dateModified\":\"2021-06-23T09:51:51+00:00\",\"breadcrumb\":{\"@id\":\"https:\/\/vmiv2.ci-com.fr\/es\/mapa-del-sitio\/#breadcrumb\"},\"inLanguage\":\"es-ES\",\"potentialAction\":[{\"@type\":\"ReadAction\",\"target\":[\"https:\/\/vmiv2.ci-com.fr\/es\/mapa-del-sitio\/\"]}]},{\"@type\":\"BreadcrumbList\",\"@id\":\"https:\/\/vmiv2.ci-com.fr\/es\/mapa-del-sitio\/#breadcrumb\",\"itemListElement\":[{\"@type\":\"ListItem\",\"position\":1,\"name\":\"Accueil\",\"item\":\"https:\/\/vmiv2.ci-com.fr\/es\/\"},{\"@type\":\"ListItem\",\"position\":2,\"name\":\"Mapa del sitio\"}]},{\"@type\":\"WebSite\",\"@id\":\"https:\/\/vmiv2.ci-com.fr\/#website\",\"url\":\"https:\/\/vmiv2.ci-com.fr\/\",\"name\":\"VMI - Fabrication d&#039;\u00e9quipements de m\u00e9lange\",\"description\":\"Conception, fabrication et installation de solution de m\u00e9lange\",\"publisher\":{\"@id\":\"https:\/\/vmiv2.ci-com.fr\/#organization\"},\"potentialAction\":[{\"@type\":\"SearchAction\",\"target\":{\"@type\":\"EntryPoint\",\"urlTemplate\":\"https:\/\/vmiv2.ci-com.fr\/?s={search_term_string}\"},\"query-input\":\"required name=search_term_string\"}],\"inLanguage\":\"es-ES\"},{\"@type\":\"Organization\",\"@id\":\"https:\/\/vmiv2.ci-com.fr\/#organization\",\"name\":\"VMI\",\"url\":\"https:\/\/vmiv2.ci-com.fr\/\",\"logo\":{\"@type\":\"ImageObject\",\"inLanguage\":\"es-ES\",\"@id\":\"https:\/\/vmiv2.ci-com.fr\/#\/schema\/logo\/image\/\",\"url\":\"https:\/\/vmiv2.ci-com.fr\/app\/uploads\/2021\/04\/logo_VMI.svg\",\"contentUrl\":\"https:\/\/vmiv2.ci-com.fr\/app\/uploads\/2021\/04\/logo_VMI.svg\",\"width\":575,\"height\":283,\"caption\":\"VMI\"},\"image\":{\"@id\":\"https:\/\/vmiv2.ci-com.fr\/#\/schema\/logo\/image\/\"}}]}<\/script>\n<!-- \/ Yoast SEO plugin. -->","yoast_head_json":{"title":"Mapa del sitio","robots":{"index":"noindex","follow":"follow","max-snippet":"max-snippet:-1","max-image-preview":"max-image-preview:large","max-video-preview":"max-video-preview:-1"},"og_locale":"es_ES","og_type":"article","og_title":"Mapa del sitio","og_url":"https:\/\/vmiv2.ci-com.fr\/es\/mapa-del-sitio\/","og_site_name":"VMI - Fabrication d&#039;\u00e9quipements de m\u00e9lange","article_modified_time":"2021-06-23T09:51:51+00:00","twitter_card":"summary_large_image","twitter_misc":{"Est. reading time":"1 minute"},"schema":{"@context":"https:\/\/schema.org","@graph":[{"@type":"WebPage","@id":"https:\/\/vmiv2.ci-com.fr\/es\/mapa-del-sitio\/","url":"https:\/\/vmiv2.ci-com.fr\/es\/mapa-del-sitio\/","name":"Mapa del sitio","isPartOf":{"@id":"https:\/\/vmiv2.ci-com.fr\/#website"},"datePublished":"2021-06-23T09:51:50+00:00","dateModified":"2021-06-23T09:51:51+00:00","breadcrumb":{"@id":"https:\/\/vmiv2.ci-com.fr\/es\/mapa-del-sitio\/#breadcrumb"},"inLanguage":"es-ES","potentialAction":[{"@type":"ReadAction","target":["https:\/\/vmiv2.ci-com.fr\/es\/mapa-del-sitio\/"]}]},{"@type":"BreadcrumbList","@id":"https:\/\/vmiv2.ci-com.fr\/es\/mapa-del-sitio\/#breadcrumb","itemListElement":[{"@type":"ListItem","position":1,"name":"Accueil","item":"https:\/\/vmiv2.ci-com.fr\/es\/"},{"@type":"ListItem","position":2,"name":"Mapa del sitio"}]},{"@type":"WebSite","@id":"https:\/\/vmiv2.ci-com.fr\/#website","url":"https:\/\/vmiv2.ci-com.fr\/","name":"VMI - Fabrication d&#039;\u00e9quipements de m\u00e9lange","description":"Conception, fabrication et installation de solution de m\u00e9lange","publisher":{"@id":"https:\/\/vmiv2.ci-com.fr\/#organization"},"potentialAction":[{"@type":"SearchAction","target":{"@type":"EntryPoint","urlTemplate":"https:\/\/vmiv2.ci-com.fr\/?s={search_term_string}"},"query-input":"required name=search_term_string"}],"inLanguage":"es-ES"},{"@type":"Organization","@id":"https:\/\/vmiv2.ci-com.fr\/#organization","name":"VMI","url":"https:\/\/vmiv2.ci-com.fr\/","logo":{"@type":"ImageObject","inLanguage":"es-ES","@id":"https:\/\/vmiv2.ci-com.fr\/#\/schema\/logo\/image\/","url":"https:\/\/vmiv2.ci-com.fr\/app\/uploads\/2021\/04\/logo_VMI.svg","contentUrl":"https:\/\/vmiv2.ci-com.fr\/app\/uploads\/2021\/04\/logo_VMI.svg","width":575,"height":283,"caption":"VMI"},"image":{"@id":"https:\/\/vmiv2.ci-com.fr\/#\/schema\/logo\/image\/"}}]}},"_links":{"self":[{"href":"https:\/\/vmiv2.ci-com.fr\/es\/wp-json\/wp\/v2\/pages\/107534"}],"collection":[{"href":"https:\/\/vmiv2.ci-com.fr\/es\/wp-json\/wp\/v2\/pages"}],"about":[{"href":"https:\/\/vmiv2.ci-com.fr\/es\/wp-json\/wp\/v2\/types\/page"}],"author":[{"embeddable":true,"href":"https:\/\/vmiv2.ci-com.fr\/es\/wp-json\/wp\/v2\/users\/1"}],"replies":[{"embeddable":true,"href":"https:\/\/vmiv2.ci-com.fr\/es\/wp-json\/wp\/v2\/comments?post=107534"}],"version-history":[{"count":1,"href":"https:\/\/vmiv2.ci-com.fr\/es\/wp-json\/wp\/v2\/pages\/107534\/revisions"}],"predecessor-version":[{"id":107535,"href":"https:\/\/vmiv2.ci-com.fr\/es\/wp-json\/wp\/v2\/pages\/107534\/revisions\/107535"}],"wp:attachment":[{"href":"https:\/\/vmiv2.ci-com.fr\/es\/wp-json\/wp\/v2\/media?parent=107534"}],"curies":[{"name":"wp","href":"https:\/\/api.w.org\/{rel}","templated":true}]}}