{"id":100364,"date":"2021-05-18T10:47:19","date_gmt":"2021-05-18T08:47:19","guid":{"rendered":"http:\/\/vmiv2.ci-com.fr\/?page_id=100364"},"modified":"2021-07-05T16:51:52","modified_gmt":"2021-07-05T14:51:52","slug":"carrieres","status":"publish","type":"page","link":"https:\/\/vmiv2.ci-com.fr\/fr\/carrieres\/","title":{"rendered":"Carri\u00e8res"},"content":{"rendered":"\n<p class=\"has-white-color has-main-blue-background-color has-text-color has-background has-large-font-size\">Depuis plus de 70 ans, VMI est une <strong>r\u00e9f\u00e9rence mondiale<\/strong> dans la conception et la fabrication d\u2019\u00e9quipements de m\u00e9lange destin\u00e9s aux industries de l\u2019agroalimentaire, de la boulangerie, de la cosm\u00e9tique et de la pharmacie.<\/p>\n\n\n<div class=\"wp-block-vmi-image-with-text left-direction\">\n    <div class=\"image-container\">\n        <picture>\n            <img  srcset=\"https:\/\/vmiv2.ci-com.fr\/app\/uploads\/2021\/06\/collaborateurs_vmi-250x300-c-default.jpg 250w, https:\/\/vmiv2.ci-com.fr\/app\/uploads\/2021\/06\/collaborateurs_vmi-280x350-c-default.jpg 280w, https:\/\/vmiv2.ci-com.fr\/app\/uploads\/2021\/06\/collaborateurs_vmi-490x590-c-default.jpg 490w\" src=\"data:image\/gif;base64,R0lGODlhAQABAIAAAAAAAP\/\/\/yH5BAEAAAAALAAAAAABAAEAAAIBRAA7\" alt=\"Collaborateurs VMI\">\n        <\/picture>\n        <div class=\"image-overlay has-extra-light-gray-background-color\"><\/div>\n    <\/div>\n    <div class=\"block-content\">\n        \n\n<h2 class=\"has-dark-blue-color has-text-color\">Ensemble, cr\u00e9ons les solutions technologiques de demain<\/h2>\n\n\n\n<p>Plus de <strong>230 collaborateurs<\/strong> participent quotidiennement \u00e0 apporter \u00e0 nos clients des solutions innovantes.<\/p>\n\n\n\n<p>Le si\u00e8ge social et l\u2019usine de production sont localis\u00e9s sur un <strong>unique site<\/strong>, bas\u00e9 \u00e0 Montaigu-Vend\u00e9e (30 min de Nantes). Dans sa dynamique de d\u00e9veloppement, l\u2019entreprise a emm\u00e9nag\u00e9 dans des locaux neufs de 13&nbsp;000 m\u00b2 en 2017.<\/p>\n\n\n\n<p>Cette structure \u00e0 <strong>taille humaine<\/strong> favorise les \u00e9changes en interne et l\u2019implication de chacun. En contribuant \u00e0 des projets industriels d\u2019envergure, dans un <strong>cadre international<\/strong>, VMI permet l\u2019\u00e9panouissement professionnel et personnel de ses collaborateurs.<\/p>\n\n\n\n<p>L\u2019appartenance de VMI au <strong>groupe industriel <\/strong> <a href=\"https:\/\/vmiv2.ci-com.fr\/vmi\/linxis-group\/\" target=\"_blank\" rel=\"noreferrer noopener\">Linxis Group<\/a> vient renforcer l\u2019envergure des projets et la richesse des carri\u00e8res. Les soci\u00e9t\u00e9s du groupe partagent des comp\u00e9tences, travaillent en synergie et peuvent favoriser la mobilit\u00e9 interne.<\/p>\n\n\n    <\/div>\n<\/div>\n\n\n<div class=\"wp-container-3 wp-block-columns has-extra-light-gray-background-color has-background\">\n<div class=\"wp-container-1 wp-block-column\">\n<h2 class=\"has-dark-blue-color has-text-color\">Travaillez dans un environnement stimulant<\/h2>\n\n\n\n<p>Nos performances et l\u2019am\u00e9lioration continue de nos processus sont garanties par le savoir-faire, la cr\u00e9ativit\u00e9 et la pro-activit\u00e9 des collaborateurs.<\/p>\n\n\n\n<p>Ils exercent aujourd\u2019hui des m\u00e9tiers aussi diversifi\u00e9s que compl\u00e9mentaires&nbsp;:<\/p>\n\n\n\n<ul><li>Ing\u00e9nierie (bureaux d\u2019\u00e9tudes \u00e9lectriques, m\u00e9caniques, automatismes)<\/li><li>R&amp;D<\/li><li>Production (usinage, peinture, montage, maintenance)<\/li><\/ul>\n<\/div>\n\n\n\n<div class=\"wp-container-2 wp-block-column\">\n<ul><li>Achats<\/li><li>Marketing et Ventes (France et Export)<\/li><li>Services clients<\/li><li>Qualit\u00e9 S\u00e9curit\u00e9 Environnement<\/li><li>Informatique<\/li><li>Ressources Humaines<\/li><li>Finance<\/li><\/ul>\n\n\n\n<p>Le d\u00e9veloppement du <strong>savoir-faire<\/strong> et sa <strong>transmission<\/strong> sont au c\u0153ur de nos priorit\u00e9s. C\u2019est pourquoi nous accordons une importance majeure \u00e0 la formation professionnelle et au d\u00e9veloppement des comp\u00e9tences de nos salari\u00e9s, tout au long de leur carri\u00e8re.<\/p>\n<\/div>\n<\/div>\n\n\n<div class=\"wp-block-vmi-image-with-text right-direction\">\n    <div class=\"image-container\">\n        <picture>\n            <img  srcset=\"https:\/\/vmiv2.ci-com.fr\/app\/uploads\/2021\/06\/metiers_vmi-250x300-c-default.jpg 250w, https:\/\/vmiv2.ci-com.fr\/app\/uploads\/2021\/06\/metiers_vmi-280x350-c-default.jpg 280w, https:\/\/vmiv2.ci-com.fr\/app\/uploads\/2021\/06\/metiers_vmi-490x590-c-default.jpg 490w\" src=\"data:image\/gif;base64,R0lGODlhAQABAIAAAAAAAP\/\/\/yH5BAEAAAAALAAAAAABAAEAAAIBRAA7\" alt=\"Opportunit\u00e9s de carri\u00e8re chez VMI, magasinier\">\n        <\/picture>\n        <div class=\"image-overlay has-extra-light-gray-background-color\"><\/div>\n    <\/div>\n    <div class=\"block-content\">\n        \n\n<h2 class=\"has-text-align-left has-dark-blue-color has-text-color\">Des opportunit\u00e9s de carri\u00e8re pour votre parcours professionnel<\/h2>\n\n\n\n<p class=\"has-text-align-left\">L\u2019entreprise VMI est un acteur dynamique du <strong>bassin \u00e9conomique Nantais et Vend\u00e9en<\/strong>. Nous recherchons r\u00e9guli\u00e8rement des nouveaux talents aux postes de :<\/p>\n\n\n\n<ul><li>Monteur m\u00e9canicien<\/li><li>Electrom\u00e9canicien<\/li><li>Automaticien<\/li><li>Dessinateur m\u00e9canique<\/li><li>Technicien d\u2019intervention<\/li><li>Magasinier cariste<\/li><\/ul>\n\n\n\n<p class=\"has-text-align-left has-dark-blue-color has-text-color\"><span class=\"has-inline-color has-black-color\">Vous souhaitez nous rejoindre ? <\/span><span style=\"text-decoration: underline;\"><span class=\"has-inline-color has-black-color\"><a href=\"https:\/\/taleez.com\/apply\/sp\/lestalentsdeVMI#\/apply\" target=\"_blank\" rel=\"noreferrer noopener\">Envoyez une candidature spontan\u00e9e<\/a><\/span><\/span><strong><span class=\"has-inline-color has-black-color\">.<\/span><\/strong><\/p>\n\n\n    <\/div>\n<\/div>\n\n\n<div class=\"wp-container-6 wp-block-columns has-extra-light-gray-background-color has-background\">\n<div class=\"wp-container-4 wp-block-column\">\n<h3 class=\"has-gray-color has-text-color\"><strong>Les chiffres cl\u00e9s :<\/strong><\/h3>\n\n\n\n<ul><li>Plus de 200 \u00e9tudiants form\u00e9s en 10 ans<\/li><li>Environ 3 000 heures de formation dispens\u00e9es, par an<\/li><li>97% des salari\u00e9s sont en CDI<\/li><li>Une moyenne de 13 ans d\u2019anciennet\u00e9<\/li><\/ul>\n<\/div>\n\n\n\n<div class=\"wp-container-5 wp-block-column\">\n<h3 class=\"has-gray-color has-text-color\"><strong>R\u00e9partition par \u00e2ge :<\/strong><\/h3>\n\n\n\n<ul><li>8% ont moins de 30 ans<\/li><li>22% ont entre 31-40 ans<\/li><li>40% ont entre 41-50 ans<\/li><li>30% ont plus de 50 ans<\/li><\/ul>\n<\/div>\n<\/div>\n\n\n\n<div class=\"wp-block-vmi-internal-link-list\"><p class=\"content\"><span class=\"has-inline-color has-main-blue-color\">Pour en savoir plus :<\/span><\/p>\n<ul><li><a href=\"https:\/\/vmiv2.ci-com.fr\/vmi\/leader-solutions-melange-petrissage\/\">Qui sommes nous ?<\/a><a href=\"https:\/\/vmiv2.ci-com.fr\/vmi\/solutions-melange-food-boulangerie-amerique-du-nord\/\"><\/a><\/li><li><a href=\"https:\/\/vmiv2.ci-com.fr\/vmi\/ingenierie-accompagnement-projet\/\">Ing\u00e9nierie et accompagnement<\/a><\/li><li><a href=\"https:\/\/vmiv2.ci-com.fr\/vmi\/nos-engagements\/\">Nos engagements<\/a><\/li><li><a href=\"https:\/\/vmiv2.ci-com.fr\/vmi\/linxis-group\/\">LINXIS Group<\/a><\/li><\/ul>\n<\/div>\n","protected":false},"excerpt":{"rendered":"<p>Depuis plus de 70 ans, VMI est une r\u00e9f\u00e9rence mondiale dans la conception et la fabrication d\u2019\u00e9quipements de m\u00e9lange destin\u00e9s aux industries de l\u2019agroalimentaire, de la boulangerie, de la cosm\u00e9tique [&hellip;]<\/p>\n","protected":false},"author":2,"featured_media":0,"parent":0,"menu_order":66,"comment_status":"closed","ping_status":"closed","template":"","meta":{"page_sector":"-"},"yoast_head":"<!-- This site is optimized with the Yoast SEO plugin v19.9 - https:\/\/yoast.com\/wordpress\/plugins\/seo\/ -->\n<title>Opportunit\u00e9s de carri\u00e8res chez VMI<\/title>\n<meta name=\"description\" content=\"Avec 240 personnes et 60% de ses activit\u00e9s \u00e0 l&#039;Export, la valeur ajout\u00e9e de VMI r\u00e9side dans la richesse et la compl\u00e9mentarit\u00e9 de ses talents.\" \/>\n<meta name=\"robots\" content=\"noindex, follow, max-snippet:-1, max-image-preview:large, max-video-preview:-1\" \/>\n<meta property=\"og:locale\" content=\"fr_FR\" \/>\n<meta property=\"og:type\" content=\"article\" \/>\n<meta property=\"og:title\" content=\"Opportunit\u00e9s de carri\u00e8res chez VMI\" \/>\n<meta property=\"og:description\" content=\"Avec 240 personnes et 60% de ses activit\u00e9s \u00e0 l&#039;Export, la valeur ajout\u00e9e de VMI r\u00e9side dans la richesse et la compl\u00e9mentarit\u00e9 de ses talents.\" \/>\n<meta property=\"og:url\" content=\"https:\/\/vmiv2.ci-com.fr\/fr\/carrieres\/\" \/>\n<meta property=\"og:site_name\" content=\"VMI - Fabrication d&#039;\u00e9quipements de m\u00e9lange\" \/>\n<meta property=\"article:modified_time\" content=\"2021-07-05T14:51:52+00:00\" \/>\n<meta name=\"twitter:card\" content=\"summary_large_image\" \/>\n<meta name=\"twitter:label1\" content=\"Dur\u00e9e de lecture estim\u00e9e\" \/>\n\t<meta name=\"twitter:data1\" content=\"2 minutes\" \/>\n<script type=\"application\/ld+json\" class=\"yoast-schema-graph\">{\"@context\":\"https:\/\/schema.org\",\"@graph\":[{\"@type\":\"WebPage\",\"@id\":\"https:\/\/vmiv2.ci-com.fr\/fr\/carrieres\/\",\"url\":\"https:\/\/vmiv2.ci-com.fr\/fr\/carrieres\/\",\"name\":\"Opportunit\u00e9s de carri\u00e8res chez VMI\",\"isPartOf\":{\"@id\":\"https:\/\/vmiv2.ci-com.fr\/#website\"},\"datePublished\":\"2021-05-18T08:47:19+00:00\",\"dateModified\":\"2021-07-05T14:51:52+00:00\",\"description\":\"Avec 240 personnes et 60% de ses activit\u00e9s \u00e0 l'Export, la valeur ajout\u00e9e de VMI r\u00e9side dans la richesse et la compl\u00e9mentarit\u00e9 de ses talents.\",\"breadcrumb\":{\"@id\":\"https:\/\/vmiv2.ci-com.fr\/fr\/carrieres\/#breadcrumb\"},\"inLanguage\":\"fr-FR\",\"potentialAction\":[{\"@type\":\"ReadAction\",\"target\":[\"https:\/\/vmiv2.ci-com.fr\/fr\/carrieres\/\"]}]},{\"@type\":\"BreadcrumbList\",\"@id\":\"https:\/\/vmiv2.ci-com.fr\/fr\/carrieres\/#breadcrumb\",\"itemListElement\":[{\"@type\":\"ListItem\",\"position\":1,\"name\":\"Accueil\",\"item\":\"https:\/\/vmiv2.ci-com.fr\/fr\/\"},{\"@type\":\"ListItem\",\"position\":2,\"name\":\"Carri\u00e8res\"}]},{\"@type\":\"WebSite\",\"@id\":\"https:\/\/vmiv2.ci-com.fr\/#website\",\"url\":\"https:\/\/vmiv2.ci-com.fr\/\",\"name\":\"VMI - Fabrication d&#039;\u00e9quipements de m\u00e9lange\",\"description\":\"Conception, fabrication et installation de solution de m\u00e9lange\",\"publisher\":{\"@id\":\"https:\/\/vmiv2.ci-com.fr\/#organization\"},\"potentialAction\":[{\"@type\":\"SearchAction\",\"target\":{\"@type\":\"EntryPoint\",\"urlTemplate\":\"https:\/\/vmiv2.ci-com.fr\/?s={search_term_string}\"},\"query-input\":\"required name=search_term_string\"}],\"inLanguage\":\"fr-FR\"},{\"@type\":\"Organization\",\"@id\":\"https:\/\/vmiv2.ci-com.fr\/#organization\",\"name\":\"VMI\",\"url\":\"https:\/\/vmiv2.ci-com.fr\/\",\"logo\":{\"@type\":\"ImageObject\",\"inLanguage\":\"fr-FR\",\"@id\":\"https:\/\/vmiv2.ci-com.fr\/#\/schema\/logo\/image\/\",\"url\":\"https:\/\/vmiv2.ci-com.fr\/app\/uploads\/2021\/04\/logo_VMI.svg\",\"contentUrl\":\"https:\/\/vmiv2.ci-com.fr\/app\/uploads\/2021\/04\/logo_VMI.svg\",\"width\":575,\"height\":283,\"caption\":\"VMI\"},\"image\":{\"@id\":\"https:\/\/vmiv2.ci-com.fr\/#\/schema\/logo\/image\/\"}}]}<\/script>\n<!-- \/ Yoast SEO plugin. -->","yoast_head_json":{"title":"Opportunit\u00e9s de carri\u00e8res chez VMI","description":"Avec 240 personnes et 60% de ses activit\u00e9s \u00e0 l'Export, la valeur ajout\u00e9e de VMI r\u00e9side dans la richesse et la compl\u00e9mentarit\u00e9 de ses talents.","robots":{"index":"noindex","follow":"follow","max-snippet":"max-snippet:-1","max-image-preview":"max-image-preview:large","max-video-preview":"max-video-preview:-1"},"og_locale":"fr_FR","og_type":"article","og_title":"Opportunit\u00e9s de carri\u00e8res chez VMI","og_description":"Avec 240 personnes et 60% de ses activit\u00e9s \u00e0 l'Export, la valeur ajout\u00e9e de VMI r\u00e9side dans la richesse et la compl\u00e9mentarit\u00e9 de ses talents.","og_url":"https:\/\/vmiv2.ci-com.fr\/fr\/carrieres\/","og_site_name":"VMI - Fabrication d&#039;\u00e9quipements de m\u00e9lange","article_modified_time":"2021-07-05T14:51:52+00:00","twitter_card":"summary_large_image","twitter_misc":{"Dur\u00e9e de lecture estim\u00e9e":"2 minutes"},"schema":{"@context":"https:\/\/schema.org","@graph":[{"@type":"WebPage","@id":"https:\/\/vmiv2.ci-com.fr\/fr\/carrieres\/","url":"https:\/\/vmiv2.ci-com.fr\/fr\/carrieres\/","name":"Opportunit\u00e9s de carri\u00e8res chez VMI","isPartOf":{"@id":"https:\/\/vmiv2.ci-com.fr\/#website"},"datePublished":"2021-05-18T08:47:19+00:00","dateModified":"2021-07-05T14:51:52+00:00","description":"Avec 240 personnes et 60% de ses activit\u00e9s \u00e0 l'Export, la valeur ajout\u00e9e de VMI r\u00e9side dans la richesse et la compl\u00e9mentarit\u00e9 de ses talents.","breadcrumb":{"@id":"https:\/\/vmiv2.ci-com.fr\/fr\/carrieres\/#breadcrumb"},"inLanguage":"fr-FR","potentialAction":[{"@type":"ReadAction","target":["https:\/\/vmiv2.ci-com.fr\/fr\/carrieres\/"]}]},{"@type":"BreadcrumbList","@id":"https:\/\/vmiv2.ci-com.fr\/fr\/carrieres\/#breadcrumb","itemListElement":[{"@type":"ListItem","position":1,"name":"Accueil","item":"https:\/\/vmiv2.ci-com.fr\/fr\/"},{"@type":"ListItem","position":2,"name":"Carri\u00e8res"}]},{"@type":"WebSite","@id":"https:\/\/vmiv2.ci-com.fr\/#website","url":"https:\/\/vmiv2.ci-com.fr\/","name":"VMI - Fabrication d&#039;\u00e9quipements de m\u00e9lange","description":"Conception, fabrication et installation de solution de m\u00e9lange","publisher":{"@id":"https:\/\/vmiv2.ci-com.fr\/#organization"},"potentialAction":[{"@type":"SearchAction","target":{"@type":"EntryPoint","urlTemplate":"https:\/\/vmiv2.ci-com.fr\/?s={search_term_string}"},"query-input":"required name=search_term_string"}],"inLanguage":"fr-FR"},{"@type":"Organization","@id":"https:\/\/vmiv2.ci-com.fr\/#organization","name":"VMI","url":"https:\/\/vmiv2.ci-com.fr\/","logo":{"@type":"ImageObject","inLanguage":"fr-FR","@id":"https:\/\/vmiv2.ci-com.fr\/#\/schema\/logo\/image\/","url":"https:\/\/vmiv2.ci-com.fr\/app\/uploads\/2021\/04\/logo_VMI.svg","contentUrl":"https:\/\/vmiv2.ci-com.fr\/app\/uploads\/2021\/04\/logo_VMI.svg","width":575,"height":283,"caption":"VMI"},"image":{"@id":"https:\/\/vmiv2.ci-com.fr\/#\/schema\/logo\/image\/"}}]}},"_links":{"self":[{"href":"https:\/\/vmiv2.ci-com.fr\/fr\/wp-json\/wp\/v2\/pages\/100364"}],"collection":[{"href":"https:\/\/vmiv2.ci-com.fr\/fr\/wp-json\/wp\/v2\/pages"}],"about":[{"href":"https:\/\/vmiv2.ci-com.fr\/fr\/wp-json\/wp\/v2\/types\/page"}],"author":[{"embeddable":true,"href":"https:\/\/vmiv2.ci-com.fr\/fr\/wp-json\/wp\/v2\/users\/2"}],"replies":[{"embeddable":true,"href":"https:\/\/vmiv2.ci-com.fr\/fr\/wp-json\/wp\/v2\/comments?post=100364"}],"version-history":[{"count":28,"href":"https:\/\/vmiv2.ci-com.fr\/fr\/wp-json\/wp\/v2\/pages\/100364\/revisions"}],"predecessor-version":[{"id":107356,"href":"https:\/\/vmiv2.ci-com.fr\/fr\/wp-json\/wp\/v2\/pages\/100364\/revisions\/107356"}],"wp:attachment":[{"href":"https:\/\/vmiv2.ci-com.fr\/fr\/wp-json\/wp\/v2\/media?parent=100364"}],"curies":[{"name":"wp","href":"https:\/\/api.w.org\/{rel}","templated":true}]}}