{"id":100392,"date":"2021-05-18T11:16:48","date_gmt":"2021-05-18T09:16:48","guid":{"rendered":"http:\/\/vmiv2.ci-com.fr\/?page_id=100392"},"modified":"2021-07-05T16:50:47","modified_gmt":"2021-07-05T14:50:47","slug":"nos-engagements","status":"publish","type":"page","link":"https:\/\/vmiv2.ci-com.fr\/fr\/nos-engagements\/","title":{"rendered":"VMI, un fabricant d\u2019\u00e9quipements et de services Responsable"},"content":{"rendered":"\n<p class=\"has-white-color has-main-blue-background-color has-text-color has-background has-large-font-size\">Nous partageons la conviction que la performance repose sur la recherche permanente d\u2019innovations, sur la fiabilit\u00e9 de nos \u00e9quipements et services, et sur l\u2019\u00e9volution des comp\u00e9tences et du savoir-faire de nos ressources.<\/p>\n\n\n<div class=\"wp-block-vmi-image-with-text left-direction\">\n    <div class=\"image-container\">\n        <picture>\n            <img  srcset=\"https:\/\/vmiv2.ci-com.fr\/app\/uploads\/2021\/06\/satisfaction_client-250x300-c-default.jpg 250w, https:\/\/vmiv2.ci-com.fr\/app\/uploads\/2021\/06\/satisfaction_client-280x350-c-default.jpg 280w, https:\/\/vmiv2.ci-com.fr\/app\/uploads\/2021\/06\/satisfaction_client-490x590-c-default.jpg 490w\" src=\"data:image\/gif;base64,R0lGODlhAQABAIAAAAAAAP\/\/\/yH5BAEAAAAALAAAAAABAAEAAAIBRAA7\" alt=\"Qualit\u00e9 de service, recherche et d\u00e9veloppement responsables\">\n        <\/picture>\n        <div class=\"image-overlay has-extra-light-gray-background-color\"><\/div>\n    <\/div>\n    <div class=\"block-content\">\n        \n\n<h2 class=\"has-dark-blue-color has-text-color\">La p\u00e9rennit\u00e9 de nos activit\u00e9s passe par notre performance globale<\/h2>\n\n\n\n<h3><strong>La satisfaction client au c\u0153ur de notre organisation<\/strong><\/h3>\n\n\n\n<p>Nous nous inscrivons dans une d\u00e9marche <strong>d\u2019am\u00e9lioration continue<\/strong> afin d\u2019assurer la meilleure qualit\u00e9 de service et de garantir votre satisfaction et votre fid\u00e9lit\u00e9 : nous sommes certifi\u00e9s <strong>ISO 9001<\/strong> depuis 1998.<\/p>\n\n\n\n<p>La vision long terme de nos activit\u00e9s nous pousse \u00e0 investir dans <strong>une<\/strong> <strong>recherche et un d\u00e9veloppement responsables<\/strong>. Nous nous engageons aupr\u00e8s de nos clients \u00e0 mener leurs projets \u00e0 bien et \u00e0 les accompagner dans leurs d\u00e9veloppements. Nos fournisseurs et partenaires sont \u00e9troitement associ\u00e9s \u00e0 cette logique de performance et de d\u00e9veloppement durable.<\/p>\n\n\n\n<div style=\"height:25px\" aria-hidden=\"true\" class=\"wp-block-spacer\"><\/div>\n\n\n\n<p><a href=\"https:\/\/vmiv2.ci-com.fr\/app\/uploads\/2021\/06\/2021-Politique-QSE.pdf\" target=\"_blank\" rel=\"noreferrer noopener\">2021-Politique QSE Consultez notre Politique Qualit\u00e9-S\u00e9curit\u00e9-Environnement<\/a><\/p>\n\n\n    <\/div>\n<\/div>\n\n\n<div class=\"wp-container-3 wp-block-columns has-extra-light-gray-background-color has-background\">\n<div class=\"wp-container-1 wp-block-column\">\n<h3 class=\"has-text-align-left\"><strong>VMI, un acteur r\u00e9f\u00e9rent et engag\u00e9<\/strong><\/h3>\n\n\n\n<p class=\"has-text-align-left\">VMI est un acteur <strong>ancr\u00e9 dans son territoire<\/strong>, et int\u00e9gr\u00e9 dans les <strong>\u00e9cosyst\u00e8mes industriels des fili\u00e8res<\/strong> de la Boulangerie d\u2019une part, et de la Cosm\u00e9tique d\u2019autre part. Depuis notre cr\u00e9ation, nous poursuivons notre volont\u00e9 de construire, approfondir et partager la connaissance des sciences et technologies du m\u00e9lange.<\/p>\n\n\n\n<p class=\"has-text-align-left\">Ainsi, nous sommes proactifs au sein d\u2019entit\u00e9s au service du <strong>d\u00e9veloppement \u00e9conomique durable<\/strong> de PME industrielles. Nous avons mis en place de nombreux partenariats, pour un leadership industriel responsable et g\u00e9n\u00e9rateur de croissance tels que <a href=\"https:\/\/ekip.com\/accueil\/\" target=\"_blank\" rel=\"noreferrer noopener\">EKIP<\/a>, <a href=\"https:\/\/www.lempa.org\/\" target=\"_blank\" rel=\"noreferrer noopener\">LEMPA<\/a>, <a href=\"https:\/\/www.cosmetic-valley.com\/\" target=\"_blank\" rel=\"noreferrer noopener\">Cosmetic Valley<\/a>, <a href=\"https:\/\/www.bema.org\/\" target=\"_blank\" rel=\"noreferrer noopener\">BEMA<\/a>, <a href=\"https:\/\/asbe.org\/\" target=\"_blank\" rel=\"noreferrer noopener\">ASB<\/a>, <a href=\"https:\/\/www.oniris-nantes.fr\/la-recherche\/les-unites-de-recherche\/gepea-umr-cnrs-6144\/\" target=\"_blank\" rel=\"noreferrer noopener\" class=\"broken_link\">ONIRIS<\/a>, ou bien encore <a href=\"https:\/\/www.businessfrance.fr\/\" target=\"_blank\" rel=\"noreferrer noopener\" class=\"broken_link\">Business France<\/a>.<\/p>\n<\/div>\n\n\n\n<div class=\"wp-container-2 wp-block-column\">\n<h3><strong>Un engagement collectif<\/strong><\/h3>\n\n\n\n<p>Notre engagement porte sur l\u2019am\u00e9lioration de nos pratiques vis-\u00e0-vis de nos collaborateurs et de nos partenaires. Notre syst\u00e8me de management, dans lequel <strong>l\u2019humain et l\u2019engagement<\/strong> jouent un r\u00f4le fondamental, oriente ses activit\u00e9s vers la satisfaction des attentes des clients internes comme externes.<\/p>\n\n\n\n<p><strong>L\u2019am\u00e9lioration continue des process,<\/strong> des m\u00e9thodes et de l\u2019organisation contribue \u00e0 r\u00e9duire les incidents qualit\u00e9 et \u00e0 am\u00e9liorer la r\u00e9activit\u00e9 des \u00e9quipes apr\u00e8s-vente en cas d\u2019intervention n\u00e9cessaire.<\/p>\n<\/div>\n<\/div>\n\n\n\n<div class=\"wp-container-5 wp-block-columns\">\n<div class=\"wp-container-4 wp-block-column\"><div class=\"wp-block-vmi-image-with-text right-direction\">\n    <div class=\"image-container\">\n        <picture>\n            <img  srcset=\"https:\/\/vmiv2.ci-com.fr\/app\/uploads\/2021\/06\/rse_vmi-250x300-c-default.jpg 250w, https:\/\/vmiv2.ci-com.fr\/app\/uploads\/2021\/06\/rse_vmi-280x350-c-default.jpg 280w, https:\/\/vmiv2.ci-com.fr\/app\/uploads\/2021\/06\/rse_vmi-490x590-c-default.jpg 490w\" src=\"data:image\/gif;base64,R0lGODlhAQABAIAAAAAAAP\/\/\/yH5BAEAAAAALAAAAAABAAEAAAIBRAA7\" alt=\"Responsabilit\u00e9 environnementale, eco-innovation\">\n        <\/picture>\n        <div class=\"image-overlay has-extra-light-gray-background-color\"><\/div>\n    <\/div>\n    <div class=\"block-content\">\n        \n\n<h2 class=\"has-dark-blue-color has-text-color\">Responsabilit\u00e9 Environnementale<\/h2>\n\n\n\n<p>La prise en compte des <strong>enjeux environnementaux <\/strong>fait partie int\u00e9grante de notre strat\u00e9gie. Nous nous engageons dans le <strong>d\u00e9veloppement durable<\/strong>, l\u2019\u00e9co-conception et l\u2019\u00e9co-innovation, et mettons en \u0153uvre une politique de respect de l\u2019environnement de nos unit\u00e9s de production.<\/p>\n\n\n\n<p>Dans nos actions visant \u00e0 limiter l\u2019impact de nos activit\u00e9s sur l\u2019environnement, nous pouvons citer entre-autres :<\/p>\n\n\n\n<ul><li>la diminution des d\u00e9chets,<\/li><li>la baisse de consommation d\u2019\u00e9nergies,<\/li><li>la substitution des produits dangereux,<\/li><li>la pr\u00e9vention des risques en termes de s\u00e9curit\u00e9 et de sant\u00e9 au travail,<\/li><li>les proc\u00e9d\u00e9s de conception et de fabrication respectueux de l\u2019environnement.<\/li><\/ul>\n\n\n\n<p>Nous communiquons sur notre <strong>responsabilit\u00e9 environnementale<\/strong> de fa\u00e7on adapt\u00e9e aupr\u00e8s de notre personnel, de nos clients, de nos fournisseurs et partenaires.<\/p>\n\n\n\n<p>Nous sommes certifi\u00e9s <strong>ISO 14001<\/strong> depuis 2015.<\/p>\n\n\n    <\/div>\n<\/div><\/div>\n<\/div>\n\n\n\n<div class=\"wp-block-vmi-internal-link-list\"><p class=\"content\"><span class=\"has-inline-color has-main-blue-color\">Pour en savoir plus :<\/span><\/p>\n<ul><li><a href=\"https:\/\/vmiv2.ci-com.fr\/vmi\/leader-solutions-melange-petrissage\/\">Qui sommes nous ?<\/a><a href=\"https:\/\/vmiv2.ci-com.fr\/vmi\/solutions-melange-food-boulangerie-amerique-du-nord\/\"><\/a><\/li><li><a href=\"https:\/\/vmiv2.ci-com.fr\/vmi\/ingenierie-accompagnement-projet\/\">Ing\u00e9nierie et accompagnement<\/a><\/li><li><a href=\"https:\/\/vmiv2.ci-com.fr\/vmi\/linxis-group\/\">LINXIS Group<\/a><\/li><li><a href=\"https:\/\/vmiv2.ci-com.fr\/vmi\/carrieres\/\">Carri\u00e8res<\/a><\/li><\/ul>\n<\/div>\n","protected":false},"excerpt":{"rendered":"<p>Nous partageons la conviction que la performance repose sur la recherche permanente d\u2019innovations, sur la fiabilit\u00e9 de nos \u00e9quipements et services, et sur l\u2019\u00e9volution des comp\u00e9tences et du savoir-faire de [&hellip;]<\/p>\n","protected":false},"author":2,"featured_media":0,"parent":0,"menu_order":62,"comment_status":"closed","ping_status":"closed","template":"","meta":{"page_sector":"-"},"yoast_head":"<!-- This site is optimized with the Yoast SEO plugin v19.9 - https:\/\/yoast.com\/wordpress\/plugins\/seo\/ -->\n<title>VMI, fabricant d&#039;\u00e9quipements de m\u00e9lange et de p\u00e9trissage<\/title>\n<meta name=\"description\" content=\"VMI vous accompagne dans la mise en \u0153uvre de solutions de p\u00e9trissage et de m\u00e9lange innovantes dans l&#039;industrie du snacking et de la BVP.\" \/>\n<meta name=\"robots\" content=\"noindex, follow, max-snippet:-1, max-image-preview:large, max-video-preview:-1\" \/>\n<meta property=\"og:locale\" content=\"fr_FR\" \/>\n<meta property=\"og:type\" content=\"article\" \/>\n<meta property=\"og:title\" content=\"VMI, fabricant d&#039;\u00e9quipements de m\u00e9lange et de p\u00e9trissage\" \/>\n<meta property=\"og:description\" content=\"VMI vous accompagne dans la mise en \u0153uvre de solutions de p\u00e9trissage et de m\u00e9lange innovantes dans l&#039;industrie du snacking et de la BVP.\" \/>\n<meta property=\"og:url\" content=\"https:\/\/vmiv2.ci-com.fr\/fr\/nos-engagements\/\" \/>\n<meta property=\"og:site_name\" content=\"VMI - Fabrication d&#039;\u00e9quipements de m\u00e9lange\" \/>\n<meta property=\"article:modified_time\" content=\"2021-07-05T14:50:47+00:00\" \/>\n<meta name=\"twitter:card\" content=\"summary_large_image\" \/>\n<meta name=\"twitter:label1\" content=\"Dur\u00e9e de lecture estim\u00e9e\" \/>\n\t<meta name=\"twitter:data1\" content=\"2 minutes\" \/>\n<script type=\"application\/ld+json\" class=\"yoast-schema-graph\">{\"@context\":\"https:\/\/schema.org\",\"@graph\":[{\"@type\":\"WebPage\",\"@id\":\"https:\/\/vmiv2.ci-com.fr\/fr\/nos-engagements\/\",\"url\":\"https:\/\/vmiv2.ci-com.fr\/fr\/nos-engagements\/\",\"name\":\"VMI, fabricant d'\u00e9quipements de m\u00e9lange et de p\u00e9trissage\",\"isPartOf\":{\"@id\":\"https:\/\/vmiv2.ci-com.fr\/#website\"},\"datePublished\":\"2021-05-18T09:16:48+00:00\",\"dateModified\":\"2021-07-05T14:50:47+00:00\",\"description\":\"VMI vous accompagne dans la mise en \u0153uvre de solutions de p\u00e9trissage et de m\u00e9lange innovantes dans l'industrie du snacking et de la BVP.\",\"breadcrumb\":{\"@id\":\"https:\/\/vmiv2.ci-com.fr\/fr\/nos-engagements\/#breadcrumb\"},\"inLanguage\":\"fr-FR\",\"potentialAction\":[{\"@type\":\"ReadAction\",\"target\":[\"https:\/\/vmiv2.ci-com.fr\/fr\/nos-engagements\/\"]}]},{\"@type\":\"BreadcrumbList\",\"@id\":\"https:\/\/vmiv2.ci-com.fr\/fr\/nos-engagements\/#breadcrumb\",\"itemListElement\":[{\"@type\":\"ListItem\",\"position\":1,\"name\":\"Accueil\",\"item\":\"https:\/\/vmiv2.ci-com.fr\/fr\/\"},{\"@type\":\"ListItem\",\"position\":2,\"name\":\"VMI, un fabricant d\u2019\u00e9quipements et de services Responsable\"}]},{\"@type\":\"WebSite\",\"@id\":\"https:\/\/vmiv2.ci-com.fr\/#website\",\"url\":\"https:\/\/vmiv2.ci-com.fr\/\",\"name\":\"VMI - Fabrication d&#039;\u00e9quipements de m\u00e9lange\",\"description\":\"Conception, fabrication et installation de solution de m\u00e9lange\",\"publisher\":{\"@id\":\"https:\/\/vmiv2.ci-com.fr\/#organization\"},\"potentialAction\":[{\"@type\":\"SearchAction\",\"target\":{\"@type\":\"EntryPoint\",\"urlTemplate\":\"https:\/\/vmiv2.ci-com.fr\/?s={search_term_string}\"},\"query-input\":\"required name=search_term_string\"}],\"inLanguage\":\"fr-FR\"},{\"@type\":\"Organization\",\"@id\":\"https:\/\/vmiv2.ci-com.fr\/#organization\",\"name\":\"VMI\",\"url\":\"https:\/\/vmiv2.ci-com.fr\/\",\"logo\":{\"@type\":\"ImageObject\",\"inLanguage\":\"fr-FR\",\"@id\":\"https:\/\/vmiv2.ci-com.fr\/#\/schema\/logo\/image\/\",\"url\":\"https:\/\/vmiv2.ci-com.fr\/app\/uploads\/2021\/04\/logo_VMI.svg\",\"contentUrl\":\"https:\/\/vmiv2.ci-com.fr\/app\/uploads\/2021\/04\/logo_VMI.svg\",\"width\":575,\"height\":283,\"caption\":\"VMI\"},\"image\":{\"@id\":\"https:\/\/vmiv2.ci-com.fr\/#\/schema\/logo\/image\/\"}}]}<\/script>\n<!-- \/ Yoast SEO plugin. -->","yoast_head_json":{"title":"VMI, fabricant d'\u00e9quipements de m\u00e9lange et de p\u00e9trissage","description":"VMI vous accompagne dans la mise en \u0153uvre de solutions de p\u00e9trissage et de m\u00e9lange innovantes dans l'industrie du snacking et de la BVP.","robots":{"index":"noindex","follow":"follow","max-snippet":"max-snippet:-1","max-image-preview":"max-image-preview:large","max-video-preview":"max-video-preview:-1"},"og_locale":"fr_FR","og_type":"article","og_title":"VMI, fabricant d'\u00e9quipements de m\u00e9lange et de p\u00e9trissage","og_description":"VMI vous accompagne dans la mise en \u0153uvre de solutions de p\u00e9trissage et de m\u00e9lange innovantes dans l'industrie du snacking et de la BVP.","og_url":"https:\/\/vmiv2.ci-com.fr\/fr\/nos-engagements\/","og_site_name":"VMI - Fabrication d&#039;\u00e9quipements de m\u00e9lange","article_modified_time":"2021-07-05T14:50:47+00:00","twitter_card":"summary_large_image","twitter_misc":{"Dur\u00e9e de lecture estim\u00e9e":"2 minutes"},"schema":{"@context":"https:\/\/schema.org","@graph":[{"@type":"WebPage","@id":"https:\/\/vmiv2.ci-com.fr\/fr\/nos-engagements\/","url":"https:\/\/vmiv2.ci-com.fr\/fr\/nos-engagements\/","name":"VMI, fabricant d'\u00e9quipements de m\u00e9lange et de p\u00e9trissage","isPartOf":{"@id":"https:\/\/vmiv2.ci-com.fr\/#website"},"datePublished":"2021-05-18T09:16:48+00:00","dateModified":"2021-07-05T14:50:47+00:00","description":"VMI vous accompagne dans la mise en \u0153uvre de solutions de p\u00e9trissage et de m\u00e9lange innovantes dans l'industrie du snacking et de la BVP.","breadcrumb":{"@id":"https:\/\/vmiv2.ci-com.fr\/fr\/nos-engagements\/#breadcrumb"},"inLanguage":"fr-FR","potentialAction":[{"@type":"ReadAction","target":["https:\/\/vmiv2.ci-com.fr\/fr\/nos-engagements\/"]}]},{"@type":"BreadcrumbList","@id":"https:\/\/vmiv2.ci-com.fr\/fr\/nos-engagements\/#breadcrumb","itemListElement":[{"@type":"ListItem","position":1,"name":"Accueil","item":"https:\/\/vmiv2.ci-com.fr\/fr\/"},{"@type":"ListItem","position":2,"name":"VMI, un fabricant d\u2019\u00e9quipements et de services Responsable"}]},{"@type":"WebSite","@id":"https:\/\/vmiv2.ci-com.fr\/#website","url":"https:\/\/vmiv2.ci-com.fr\/","name":"VMI - Fabrication d&#039;\u00e9quipements de m\u00e9lange","description":"Conception, fabrication et installation de solution de m\u00e9lange","publisher":{"@id":"https:\/\/vmiv2.ci-com.fr\/#organization"},"potentialAction":[{"@type":"SearchAction","target":{"@type":"EntryPoint","urlTemplate":"https:\/\/vmiv2.ci-com.fr\/?s={search_term_string}"},"query-input":"required name=search_term_string"}],"inLanguage":"fr-FR"},{"@type":"Organization","@id":"https:\/\/vmiv2.ci-com.fr\/#organization","name":"VMI","url":"https:\/\/vmiv2.ci-com.fr\/","logo":{"@type":"ImageObject","inLanguage":"fr-FR","@id":"https:\/\/vmiv2.ci-com.fr\/#\/schema\/logo\/image\/","url":"https:\/\/vmiv2.ci-com.fr\/app\/uploads\/2021\/04\/logo_VMI.svg","contentUrl":"https:\/\/vmiv2.ci-com.fr\/app\/uploads\/2021\/04\/logo_VMI.svg","width":575,"height":283,"caption":"VMI"},"image":{"@id":"https:\/\/vmiv2.ci-com.fr\/#\/schema\/logo\/image\/"}}]}},"_links":{"self":[{"href":"https:\/\/vmiv2.ci-com.fr\/fr\/wp-json\/wp\/v2\/pages\/100392"}],"collection":[{"href":"https:\/\/vmiv2.ci-com.fr\/fr\/wp-json\/wp\/v2\/pages"}],"about":[{"href":"https:\/\/vmiv2.ci-com.fr\/fr\/wp-json\/wp\/v2\/types\/page"}],"author":[{"embeddable":true,"href":"https:\/\/vmiv2.ci-com.fr\/fr\/wp-json\/wp\/v2\/users\/2"}],"replies":[{"embeddable":true,"href":"https:\/\/vmiv2.ci-com.fr\/fr\/wp-json\/wp\/v2\/comments?post=100392"}],"version-history":[{"count":22,"href":"https:\/\/vmiv2.ci-com.fr\/fr\/wp-json\/wp\/v2\/pages\/100392\/revisions"}],"predecessor-version":[{"id":107925,"href":"https:\/\/vmiv2.ci-com.fr\/fr\/wp-json\/wp\/v2\/pages\/100392\/revisions\/107925"}],"wp:attachment":[{"href":"https:\/\/vmiv2.ci-com.fr\/fr\/wp-json\/wp\/v2\/media?parent=100392"}],"curies":[{"name":"wp","href":"https:\/\/api.w.org\/{rel}","templated":true}]}}