{"id":100938,"date":"2021-05-27T10:44:31","date_gmt":"2021-05-27T08:44:31","guid":{"rendered":"https:\/\/vmiv2.ci-com.fr\/?page_id=100938"},"modified":"2021-06-11T10:18:46","modified_gmt":"2021-06-11T08:18:46","slug":"plan-du-site","status":"publish","type":"page","link":"https:\/\/vmiv2.ci-com.fr\/fr\/plan-du-site\/","title":{"rendered":"Plan du site"},"content":{"rendered":"\n<div class=\"wp-container-3 wp-block-columns\">\n<div class=\"wp-container-1 wp-block-column\"><div class=\"wsp-container\"><h2 class=\"wsp-pages-title\">Pages<\/h2>\n<ul class=\"wsp-pages-list\">\n<li class=\"page_item page-item-108266\"><a href=\"https:\/\/vmiv2.ci-com.fr\/fr\/test-salesforce\/\">Test Salesforce<\/a><\/li>\n<li class=\"page_item page-item-6\"><a href=\"https:\/\/vmiv2.ci-com.fr\/fr\/\">Proc\u00e9d\u00e9s et Technologies de m\u00e9lange<\/a><\/li>\n<li class=\"page_item page-item-8 page_item_has_children\"><a href=\"https:\/\/vmiv2.ci-com.fr\/fr\/food-boulangerie\/\">Food &#038; Boulangerie<\/a>\n<ul class='children'>\n\t<li class=\"page_item page-item-100611\"><a href=\"https:\/\/vmiv2.ci-com.fr\/fr\/food-boulangerie\/process-development-center-food-boulangerie\/\">Process Development Center pour l\u2019industrie de la Boulangerie, P\u00e2tisserie, du Food et du Snacking<\/a><\/li>\n\t<li class=\"page_item page-item-99707\"><a href=\"https:\/\/vmiv2.ci-com.fr\/fr\/food-boulangerie\/applications-boulangerie-patisserie-metiers-de-bouche\/\">Applications pour la boulangerie-p\u00e2tisserie artisanale et les m\u00e9tiers de bouche<\/a><\/li>\n\t<li class=\"page_item page-item-100181\"><a href=\"https:\/\/vmiv2.ci-com.fr\/fr\/food-boulangerie\/applications-industrie-food-boulangerie\/\">Applications pour l&rsquo;industrie Food &#038; Boulangerie<\/a><\/li>\n\t<li class=\"page_item page-item-10\"><a href=\"https:\/\/vmiv2.ci-com.fr\/fr\/food-boulangerie\/equipements-melange\/\">Les \u00e9quipements<\/a><\/li>\n\t<li class=\"page_item page-item-100289\"><a href=\"https:\/\/vmiv2.ci-com.fr\/fr\/food-boulangerie\/solutions-melange-food-boulangerie-amerique-du-nord\/\">Solutions compl\u00e8tes de m\u00e9lange pour les industries de la boulangerie, p\u00e2tisserie, snacking en Am\u00e9rique du Nord<\/a><\/li>\n<\/ul>\n<\/li>\n<li class=\"page_item page-item-13 page_item_has_children\"><a href=\"https:\/\/vmiv2.ci-com.fr\/fr\/sante-chimie-des-specialites\/\">Sant\u00e9 et chimie des sp\u00e9cialit\u00e9s<\/a>\n<ul class='children'>\n\t<li class=\"page_item page-item-100608\"><a href=\"https:\/\/vmiv2.ci-com.fr\/fr\/sante-chimie-des-specialites\/process-development-center-sante-chimie-des-specialites\/\">Process Development Center pour les industries de la sant\u00e9 et chimie des sp\u00e9cialit\u00e9s<\/a><\/li>\n\t<li class=\"page_item page-item-100605\"><a href=\"https:\/\/vmiv2.ci-com.fr\/fr\/sante-chimie-des-specialites\/applications-industrie-chimie-des-specialites\/\">Applications pour l\u2019industrie de la chimie des sp\u00e9cialit\u00e9s<\/a><\/li>\n\t<li class=\"page_item page-item-99704\"><a href=\"https:\/\/vmiv2.ci-com.fr\/fr\/sante-chimie-des-specialites\/applications-industrie-sante\/\">Applications pour l\u2019industrie de la sant\u00e9<\/a><\/li>\n\t<li class=\"page_item page-item-16\"><a href=\"https:\/\/vmiv2.ci-com.fr\/fr\/sante-chimie-des-specialites\/equipements-melange\/\">Les \u00e9quipements<\/a><\/li>\n\t<li class=\"page_item page-item-104703\"><a href=\"https:\/\/vmiv2.ci-com.fr\/fr\/sante-chimie-des-specialites\/solutions-melange-cosmetique-pharmacie-amerique-du-nord\/\">Solutions compl\u00e8tes de m\u00e9lange pour les industries cosm\u00e9tiques et pharmaceutiques en Am\u00e9rique du Nord<\/a><\/li>\n<\/ul>\n<\/li>\n<li class=\"page_item page-item-18\"><a href=\"https:\/\/vmiv2.ci-com.fr\/fr\/agenda\/\">Agenda<\/a><\/li>\n<li class=\"page_item page-item-20 current_page_parent\"><a href=\"https:\/\/vmiv2.ci-com.fr\/fr\/actualites\/\">Actualit\u00e9s<\/a><\/li>\n<li class=\"page_item page-item-100219\"><a href=\"https:\/\/vmiv2.ci-com.fr\/fr\/solutions-globales-service\/\">Solutions globales de service<\/a><\/li>\n<li class=\"page_item page-item-99698\"><a href=\"https:\/\/vmiv2.ci-com.fr\/fr\/leader-solutions-melange-petrissage\/\">Leader en solutions de m\u00e9lange et de p\u00e9trissage<\/a><\/li>\n<li class=\"page_item page-item-99537\"><a href=\"https:\/\/vmiv2.ci-com.fr\/fr\/ingenierie-accompagnement-projet\/\">Ing\u00e9nierie et accompagnement au service de votre projet<\/a><\/li>\n<li class=\"page_item page-item-100392\"><a href=\"https:\/\/vmiv2.ci-com.fr\/fr\/nos-engagements\/\">VMI, un fabricant d\u2019\u00e9quipements et de services Responsable<\/a><\/li>\n<li class=\"page_item page-item-100421\"><a href=\"https:\/\/vmiv2.ci-com.fr\/fr\/linxis-group\/\">LINXIS Group, sp\u00e9cialiste des \u00e9quipements et solutions cl\u00e9 en main pour les industries de l\u2019agroalimentaire et de la sant\u00e9<\/a><\/li>\n<li class=\"page_item page-item-100364\"><a href=\"https:\/\/vmiv2.ci-com.fr\/fr\/carrieres\/\">Carri\u00e8res<\/a><\/li>\n<li class=\"page_item page-item-26\"><a href=\"https:\/\/vmiv2.ci-com.fr\/fr\/contact\/\">Contact<\/a><\/li>\n<li class=\"page_item page-item-28\"><a href=\"https:\/\/vmiv2.ci-com.fr\/fr\/devis\/\">Devis<\/a><\/li>\n<li class=\"page_item page-item-107251\"><a href=\"https:\/\/vmiv2.ci-com.fr\/fr\/telechargez-la-fiche-recette-de-la-baguette-au-levain\/\">T\u00e9l\u00e9chargez la fiche recette de la baguette au levain<\/a><\/li>\n<li class=\"page_item page-item-107266\"><a href=\"https:\/\/vmiv2.ci-com.fr\/fr\/telechargez-la-fiche-recette-du-cake\/\">T\u00e9l\u00e9chargez la fiche recette du cake<\/a><\/li>\n<li class=\"page_item page-item-107280\"><a href=\"https:\/\/vmiv2.ci-com.fr\/fr\/telechargez-la-documentation-du-mobimix\/\">T\u00e9l\u00e9chargez la documentation du Mobimix<\/a><\/li>\n<li class=\"page_item page-item-107295\"><a href=\"https:\/\/vmiv2.ci-com.fr\/fr\/telechargez-la-fiche-recette-des-cookies\/\">T\u00e9l\u00e9chargez la fiche recette des cookies<\/a><\/li>\n<li class=\"page_item page-item-107309\"><a href=\"https:\/\/vmiv2.ci-com.fr\/fr\/documentations\/\">Documentations<\/a><\/li>\n<li class=\"page_item page-item-107394\"><a href=\"https:\/\/vmiv2.ci-com.fr\/fr\/remerciements\/\">Remerciements<\/a><\/li>\n<li class=\"page_item page-item-107397\"><a href=\"https:\/\/vmiv2.ci-com.fr\/fr\/merci-pour-votre-inscription\/\">Merci pour votre inscription !<\/a><\/li>\n<li class=\"page_item page-item-30\"><a href=\"https:\/\/vmiv2.ci-com.fr\/fr\/les-cookies\/\">Les cookies<\/a><\/li>\n<\/ul>\n<\/div>\n<\/div>\n\n\n\n<div class=\"wp-container-2 wp-block-column\"><div class=\"wsp-container\"><h2 class=\"wsp-product_familys-title\">Gammes de produit<\/h2>\n<ul class=\"wsp-product_familys-list\">\n<li><a href=\"https:\/\/vmiv2.ci-com.fr\/fr\/equipements\/plateformes-production-industrielle\/\">Plateformes de production industrielle<\/a><\/li>\n<li><a href=\"https:\/\/vmiv2.ci-com.fr\/fr\/equipements\/agitateurs\/\">Agitateurs<\/a><\/li>\n<li><a href=\"https:\/\/vmiv2.ci-com.fr\/fr\/equipements\/melangeurs-industriels-relevables\/\">M\u00e9langeurs industriels relevables<\/a><\/li>\n<li><a href=\"https:\/\/vmiv2.ci-com.fr\/fr\/equipements\/melangeurs-planetaires\/\">M\u00e9langeurs plan\u00e9taires<\/a><\/li>\n<li><a href=\"https:\/\/vmiv2.ci-com.fr\/fr\/equipements\/homogeneiseurs-pilote-sous-vide\/\">Homog\u00e9n\u00e9iseurs pilote sous vide<\/a><\/li>\n<li><a href=\"https:\/\/vmiv2.ci-com.fr\/fr\/equipements\/homogeneiseurs-sous-vide-production\/\">Homog\u00e9n\u00e9iseurs sous vide de production<\/a><\/li>\n<li><a href=\"https:\/\/vmiv2.ci-com.fr\/fr\/equipements\/melangeurs-paillasse\/\">M\u00e9langeurs de paillasse<\/a><\/li>\n<li><a href=\"https:\/\/vmiv2.ci-com.fr\/fr\/equipements\/melangeurs-laboratoire-sous-vide\/\">M\u00e9langeurs de laboratoire sous vide<\/a><\/li>\n<li><a href=\"https:\/\/vmiv2.ci-com.fr\/fr\/equipements\/equipements-dosage-depose-transfert\/\">Equipements de dosage, d\u00e9pose et transfert<\/a><\/li>\n<li><a href=\"https:\/\/vmiv2.ci-com.fr\/fr\/equipements\/petrins-laboratoire\/\">P\u00e9trins de laboratoire<\/a><\/li>\n<li><a href=\"https:\/\/vmiv2.ci-com.fr\/fr\/equipements\/systemes-de-petrissage-par-batch\/\">Syst\u00e8mes de p\u00e9trissage par batch<\/a><\/li>\n<li><a href=\"https:\/\/vmiv2.ci-com.fr\/fr\/equipements\/petrins-continus\/\">P\u00e9trins continus<\/a><\/li>\n<li><a href=\"https:\/\/vmiv2.ci-com.fr\/fr\/equipements\/elements-de-transfert-et-systemes-annexes\/\">El\u00e9ments de transfert et syst\u00e8mes annexes<\/a><\/li>\n<li><a href=\"https:\/\/vmiv2.ci-com.fr\/fr\/equipements\/batteurs-melangeurs-laboratoire-production\/\">Batteurs m\u00e9langeurs pour laboratoire de production<\/a><\/li>\n<li><a href=\"https:\/\/vmiv2.ci-com.fr\/fr\/equipements\/batteurs-melangeurs-industrie-agroalimentaire\/\">Batteurs m\u00e9langeurs pour l'industrie agroalimentaire<\/a><\/li>\n<li><a href=\"https:\/\/vmiv2.ci-com.fr\/fr\/equipements\/petrins-axe-oblique\/\">P\u00e9trins \u00e0 axe oblique, cuve fixe et cuve amovible<\/a><\/li>\n<li><a href=\"https:\/\/vmiv2.ci-com.fr\/fr\/equipements\/petrins-spirale-cuve-fixe\/\">P\u00e9trins \u00e0 spirale cuve fixe<\/a><\/li>\n<li><a href=\"https:\/\/vmiv2.ci-com.fr\/fr\/equipements\/petrins-spirale-cuve-amovible\/\">P\u00e9trins \u00e0 spirale cuve amovible<\/a><\/li>\n<li><a href=\"https:\/\/vmiv2.ci-com.fr\/fr\/equipements\/petrins-spirale-gamme-berto\/\">P\u00e9trins \u00e0 spirale gamme BERTO<\/a><\/li>\n<li><a href=\"https:\/\/vmiv2.ci-com.fr\/fr\/equipements\/machine-levain\/\">Machine \u00e0 levain<\/a><\/li>\n<\/ul>\n<\/div>\n<\/div>\n<\/div>\n\n\n\n<div class=\"wp-container-6 wp-block-columns\">\n<div class=\"wp-container-4 wp-block-column\"><div class=\"wsp-container\"><h2 class=\"wsp-posts-title\">Articles par cat\u00e9gorie<\/h2>\n<ul class=\"wsp-posts-list\">\n\t<li><strong class=\"wsp-category-title\">Category: <a href=\"https:\/\/vmiv2.ci-com.fr\/fr\/category\/food-boulangerie\/\">Food &amp; Boulangerie<\/a><\/strong>\n<ul class=\"wsp-posts-list\">\t\t<li class=\"wsp-post\"><a href=\"https:\/\/vmiv2.ci-com.fr\/fr\/food-boulangerie\/telechargez-la-fiche-recette-de-la-baguette-au-levain\/\">T\u00e9l\u00e9chargez la fiche recette de la baguette au levain !<\/a><\/li>\n\t\t<li class=\"wsp-post\"><a href=\"https:\/\/vmiv2.ci-com.fr\/fr\/food-boulangerie\/telechargement-fiche-recette-cake\/\">T\u00e9l\u00e9chargez la fiche recette du cake<\/a><\/li>\n\t\t<li class=\"wsp-post\"><a href=\"https:\/\/vmiv2.ci-com.fr\/fr\/food-boulangerie\/interface-tactile-digy-batteur-petrin\/\">Une nouvelle interface de contr\u00f4le pour le batteur plan\u00e9taire PH et le p\u00e9trin SPI 63<\/a><\/li>\n\t\t<li class=\"wsp-post\"><a href=\"https:\/\/vmiv2.ci-com.fr\/fr\/food-boulangerie\/parametres-process-cookies\/\">T\u00e9l\u00e9chargez la fiche recette des cookies !<\/a><\/li>\n\t\t<li class=\"wsp-post\"><a href=\"https:\/\/vmiv2.ci-com.fr\/fr\/food-boulangerie\/af100digy-interface-tactile\/\">Nouvelle interface tactile pour le fermenteur VMI<\/a><\/li>\n\t\t<li class=\"wsp-post\"><a href=\"https:\/\/vmiv2.ci-com.fr\/fr\/food-boulangerie\/nouvelle-interface-tactile-digy-pour-le-petrin-genius\/\">Nouvelle interface tactile Digy pour le p\u00e9trin Genius<\/a><\/li>\n\t\t<li class=\"wsp-post\"><a href=\"https:\/\/vmiv2.ci-com.fr\/fr\/food-boulangerie\/techniques-et-equipements-contre-lasthme-du-boulanger-patissier\/\">Techniques et \u00e9quipements contre l&rsquo;asthme du boulanger-p\u00e2tissier<\/a><\/li>\n<\/ul><\/li>\n\t<li><strong class=\"wsp-category-title\">Category: <a href=\"https:\/\/vmiv2.ci-com.fr\/fr\/category\/sante-chimie\/\">Sant\u00e9 et chimie des sp\u00e9cialit\u00e9s<\/a><\/strong>\n<ul class=\"wsp-posts-list\">\t\t<li class=\"wsp-post\"><a href=\"https:\/\/vmiv2.ci-com.fr\/fr\/sante-chimie\/documentation-mobimix\/\">R\u00e9ussir vos m\u00e9langes industriels<\/a><\/li>\n\t\t<li class=\"wsp-post\"><a href=\"https:\/\/vmiv2.ci-com.fr\/fr\/sante-chimie\/mylabmixer-melangeurs-de-laboratoire\/\">MYLABMIXER, le site d\u00e9di\u00e9 \u00e0 la vente en ligne des m\u00e9langeurs de laboratoire Turbotest\u00ae<\/a><\/li>\n<\/ul><\/li>\n\t<li><strong class=\"wsp-category-title\">Category: <a href=\"https:\/\/vmiv2.ci-com.fr\/fr\/category\/vmi\/\">VMI<\/a><\/strong>\n<ul class=\"wsp-posts-list\">\t\t<li class=\"wsp-post\"><a href=\"https:\/\/vmiv2.ci-com.fr\/fr\/vmi\/site-vmi-la-version-chinoise-est-en-ligne\/\">Site VMI\u00a0: la version chinoise est en ligne\u00a0!<\/a><\/li>\n\t\t<li class=\"wsp-post\"><a href=\"https:\/\/vmiv2.ci-com.fr\/fr\/vmi\/actualite-covid-19\/\">Covid-19 : actualit\u00e9s<\/a><\/li>\n<\/ul><\/li>\n<\/ul>\n<\/div>\n<\/div>\n\n\n\n<div class=\"wp-container-5 wp-block-column\"><div class=\"wsp-container\"><\/div>\n<\/div>\n<\/div>\n","protected":false},"excerpt":{"rendered":"","protected":false},"author":1,"featured_media":0,"parent":0,"menu_order":93,"comment_status":"closed","ping_status":"closed","template":"","meta":{"page_sector":"-"},"yoast_head":"<!-- This site is optimized with the Yoast SEO plugin v19.9 - https:\/\/yoast.com\/wordpress\/plugins\/seo\/ -->\n<title>Plan du site<\/title>\n<meta name=\"robots\" content=\"noindex, follow, max-snippet:-1, max-image-preview:large, max-video-preview:-1\" \/>\n<meta property=\"og:locale\" content=\"fr_FR\" \/>\n<meta property=\"og:type\" content=\"article\" \/>\n<meta property=\"og:title\" content=\"Plan du site\" \/>\n<meta property=\"og:url\" content=\"https:\/\/vmiv2.ci-com.fr\/fr\/plan-du-site\/\" \/>\n<meta property=\"og:site_name\" content=\"VMI - Fabrication d&#039;\u00e9quipements de m\u00e9lange\" \/>\n<meta property=\"article:modified_time\" content=\"2021-06-11T08:18:46+00:00\" \/>\n<meta name=\"twitter:card\" content=\"summary_large_image\" \/>\n<meta name=\"twitter:label1\" content=\"Dur\u00e9e de lecture estim\u00e9e\" \/>\n\t<meta name=\"twitter:data1\" content=\"1 minute\" \/>\n<script type=\"application\/ld+json\" class=\"yoast-schema-graph\">{\"@context\":\"https:\/\/schema.org\",\"@graph\":[{\"@type\":\"WebPage\",\"@id\":\"https:\/\/vmiv2.ci-com.fr\/fr\/plan-du-site\/\",\"url\":\"https:\/\/vmiv2.ci-com.fr\/fr\/plan-du-site\/\",\"name\":\"Plan du site\",\"isPartOf\":{\"@id\":\"https:\/\/vmiv2.ci-com.fr\/#website\"},\"datePublished\":\"2021-05-27T08:44:31+00:00\",\"dateModified\":\"2021-06-11T08:18:46+00:00\",\"breadcrumb\":{\"@id\":\"https:\/\/vmiv2.ci-com.fr\/fr\/plan-du-site\/#breadcrumb\"},\"inLanguage\":\"fr-FR\",\"potentialAction\":[{\"@type\":\"ReadAction\",\"target\":[\"https:\/\/vmiv2.ci-com.fr\/fr\/plan-du-site\/\"]}]},{\"@type\":\"BreadcrumbList\",\"@id\":\"https:\/\/vmiv2.ci-com.fr\/fr\/plan-du-site\/#breadcrumb\",\"itemListElement\":[{\"@type\":\"ListItem\",\"position\":1,\"name\":\"Accueil\",\"item\":\"https:\/\/vmiv2.ci-com.fr\/fr\/\"},{\"@type\":\"ListItem\",\"position\":2,\"name\":\"Plan du site\"}]},{\"@type\":\"WebSite\",\"@id\":\"https:\/\/vmiv2.ci-com.fr\/#website\",\"url\":\"https:\/\/vmiv2.ci-com.fr\/\",\"name\":\"VMI - Fabrication d&#039;\u00e9quipements de m\u00e9lange\",\"description\":\"Conception, fabrication et installation de solution de m\u00e9lange\",\"publisher\":{\"@id\":\"https:\/\/vmiv2.ci-com.fr\/#organization\"},\"potentialAction\":[{\"@type\":\"SearchAction\",\"target\":{\"@type\":\"EntryPoint\",\"urlTemplate\":\"https:\/\/vmiv2.ci-com.fr\/?s={search_term_string}\"},\"query-input\":\"required name=search_term_string\"}],\"inLanguage\":\"fr-FR\"},{\"@type\":\"Organization\",\"@id\":\"https:\/\/vmiv2.ci-com.fr\/#organization\",\"name\":\"VMI\",\"url\":\"https:\/\/vmiv2.ci-com.fr\/\",\"logo\":{\"@type\":\"ImageObject\",\"inLanguage\":\"fr-FR\",\"@id\":\"https:\/\/vmiv2.ci-com.fr\/#\/schema\/logo\/image\/\",\"url\":\"https:\/\/vmiv2.ci-com.fr\/app\/uploads\/2021\/04\/logo_VMI.svg\",\"contentUrl\":\"https:\/\/vmiv2.ci-com.fr\/app\/uploads\/2021\/04\/logo_VMI.svg\",\"width\":575,\"height\":283,\"caption\":\"VMI\"},\"image\":{\"@id\":\"https:\/\/vmiv2.ci-com.fr\/#\/schema\/logo\/image\/\"}}]}<\/script>\n<!-- \/ Yoast SEO plugin. -->","yoast_head_json":{"title":"Plan du site","robots":{"index":"noindex","follow":"follow","max-snippet":"max-snippet:-1","max-image-preview":"max-image-preview:large","max-video-preview":"max-video-preview:-1"},"og_locale":"fr_FR","og_type":"article","og_title":"Plan du site","og_url":"https:\/\/vmiv2.ci-com.fr\/fr\/plan-du-site\/","og_site_name":"VMI - Fabrication d&#039;\u00e9quipements de m\u00e9lange","article_modified_time":"2021-06-11T08:18:46+00:00","twitter_card":"summary_large_image","twitter_misc":{"Dur\u00e9e de lecture estim\u00e9e":"1 minute"},"schema":{"@context":"https:\/\/schema.org","@graph":[{"@type":"WebPage","@id":"https:\/\/vmiv2.ci-com.fr\/fr\/plan-du-site\/","url":"https:\/\/vmiv2.ci-com.fr\/fr\/plan-du-site\/","name":"Plan du site","isPartOf":{"@id":"https:\/\/vmiv2.ci-com.fr\/#website"},"datePublished":"2021-05-27T08:44:31+00:00","dateModified":"2021-06-11T08:18:46+00:00","breadcrumb":{"@id":"https:\/\/vmiv2.ci-com.fr\/fr\/plan-du-site\/#breadcrumb"},"inLanguage":"fr-FR","potentialAction":[{"@type":"ReadAction","target":["https:\/\/vmiv2.ci-com.fr\/fr\/plan-du-site\/"]}]},{"@type":"BreadcrumbList","@id":"https:\/\/vmiv2.ci-com.fr\/fr\/plan-du-site\/#breadcrumb","itemListElement":[{"@type":"ListItem","position":1,"name":"Accueil","item":"https:\/\/vmiv2.ci-com.fr\/fr\/"},{"@type":"ListItem","position":2,"name":"Plan du site"}]},{"@type":"WebSite","@id":"https:\/\/vmiv2.ci-com.fr\/#website","url":"https:\/\/vmiv2.ci-com.fr\/","name":"VMI - Fabrication d&#039;\u00e9quipements de m\u00e9lange","description":"Conception, fabrication et installation de solution de m\u00e9lange","publisher":{"@id":"https:\/\/vmiv2.ci-com.fr\/#organization"},"potentialAction":[{"@type":"SearchAction","target":{"@type":"EntryPoint","urlTemplate":"https:\/\/vmiv2.ci-com.fr\/?s={search_term_string}"},"query-input":"required name=search_term_string"}],"inLanguage":"fr-FR"},{"@type":"Organization","@id":"https:\/\/vmiv2.ci-com.fr\/#organization","name":"VMI","url":"https:\/\/vmiv2.ci-com.fr\/","logo":{"@type":"ImageObject","inLanguage":"fr-FR","@id":"https:\/\/vmiv2.ci-com.fr\/#\/schema\/logo\/image\/","url":"https:\/\/vmiv2.ci-com.fr\/app\/uploads\/2021\/04\/logo_VMI.svg","contentUrl":"https:\/\/vmiv2.ci-com.fr\/app\/uploads\/2021\/04\/logo_VMI.svg","width":575,"height":283,"caption":"VMI"},"image":{"@id":"https:\/\/vmiv2.ci-com.fr\/#\/schema\/logo\/image\/"}}]}},"_links":{"self":[{"href":"https:\/\/vmiv2.ci-com.fr\/fr\/wp-json\/wp\/v2\/pages\/100938"}],"collection":[{"href":"https:\/\/vmiv2.ci-com.fr\/fr\/wp-json\/wp\/v2\/pages"}],"about":[{"href":"https:\/\/vmiv2.ci-com.fr\/fr\/wp-json\/wp\/v2\/types\/page"}],"author":[{"embeddable":true,"href":"https:\/\/vmiv2.ci-com.fr\/fr\/wp-json\/wp\/v2\/users\/1"}],"replies":[{"embeddable":true,"href":"https:\/\/vmiv2.ci-com.fr\/fr\/wp-json\/wp\/v2\/comments?post=100938"}],"version-history":[{"count":3,"href":"https:\/\/vmiv2.ci-com.fr\/fr\/wp-json\/wp\/v2\/pages\/100938\/revisions"}],"predecessor-version":[{"id":103718,"href":"https:\/\/vmiv2.ci-com.fr\/fr\/wp-json\/wp\/v2\/pages\/100938\/revisions\/103718"}],"wp:attachment":[{"href":"https:\/\/vmiv2.ci-com.fr\/fr\/wp-json\/wp\/v2\/media?parent=100938"}],"curies":[{"name":"wp","href":"https:\/\/api.w.org\/{rel}","templated":true}]}}