{"id":28,"date":"2021-04-16T14:29:33","date_gmt":"2021-04-16T12:29:33","guid":{"rendered":"http:\/\/vmiv2.ci-com.fr\/?page_id=28"},"modified":"2021-06-11T10:27:09","modified_gmt":"2021-06-11T08:27:09","slug":"devis","status":"publish","type":"page","link":"https:\/\/vmiv2.ci-com.fr\/fr\/devis\/","title":{"rendered":"Devis"},"content":{"rendered":"<div class=\"caldera-grid\" id=\"caldera_form_1\" data-cf-ver=\"1.9.6\" data-cf-form-id=\"CF607d43b665166\"><div id=\"caldera_notices_1\" data-spinner=\"https:\/\/vmiv2.ci-com.fr\/wp\/wp-admin\/images\/spinner.gif\"><\/div><form data-instance=\"1\" class=\"CF607d43b665166 caldera_forms_form cfajax-trigger\" method=\"POST\" enctype=\"multipart\/form-data\" id=\"CF607d43b665166_1\" data-form-id=\"CF607d43b665166\" aria-label=\"[FR] - Formulaire de devis\" data-target=\"#caldera_notices_1\" data-template=\"#cfajax_CF607d43b665166-tmpl\" data-cfajax=\"CF607d43b665166\" data-load-element=\"_parent\" data-load-class=\"cf_processing\" data-post-disable=\"0\" data-action=\"cf_process_ajax_submit\" data-request=\"https:\/\/vmiv2.ci-com.fr\/fr\/\/cf-api\/CF607d43b665166\">\r\n<input type=\"hidden\" id=\"_cf_verify_CF607d43b665166\" name=\"_cf_verify\" value=\"222a98df8f\"  data-nonce-time=\"1775577038\" \/><input type=\"hidden\" name=\"_wp_http_referer\" value=\"\/fr\/wp-json\/wp\/v2\/pages\/28\" \/><div id=\"cf2-CF607d43b665166_1\"><\/div><input type=\"hidden\" name=\"_cf_frm_id\" value=\"CF607d43b665166\">\r\n<input type=\"hidden\" name=\"_cf_frm_ct\" value=\"1\">\r\n<input type=\"hidden\" name=\"cfajax\" value=\"CF607d43b665166\">\r\n<input type=\"hidden\" name=\"_cf_cr_pst\" value=\"28\">\r\n<div class=\"hide\" style=\"display:none; overflow:hidden;height:0;width:0;\">\r\n<label>Phone<\/label><input type=\"text\" name=\"phone\" value=\"\" autocomplete=\"off\">\r\n<\/div><div id=\"CF607d43b665166_1-row-1\"  class=\"row  first_row\"><div  class=\"col-sm-12  single\"><input    type=\"hidden\" data-field=\"fld_757505\" class=\"product-input\" id=\"fld_757505_1\" name=\"fld_757505\" value=\"\" data-type=\"hidden\"   ><\/div><\/div><div id=\"CF607d43b665166_1-row-2\"  class=\"row \"><div  class=\"col-sm-6  first_col\"><div data-field-wrapper=\"fld_223341\" class=\"form-group\" id=\"fld_223341_1-wrap\">\r\n\t<label id=\"fld_223341Label\" for=\"fld_223341_1\" class=\"control-label\">Pr\u00e9nom <span aria-hidden=\"true\" role=\"presentation\" class=\"field_required\" style=\"color:#ee0000;\">*<\/span><\/label>\r\n\t<div class=\"\">\r\n\t\t<input   required type=\"text\" data-field=\"fld_223341\" class=\" form-control\" id=\"fld_223341_1\" name=\"fld_223341\" value=\"\" data-type=\"text\" aria-required=\"true\"   aria-labelledby=\"fld_223341Label\" >\t\t\t<\/div>\r\n<\/div>\r\n<\/div><div  class=\"col-sm-6  last_col\"><div data-field-wrapper=\"fld_4494332\" class=\"form-group\" id=\"fld_4494332_1-wrap\">\r\n\t<label id=\"fld_4494332Label\" for=\"fld_4494332_1\" class=\"control-label\">Nom <span aria-hidden=\"true\" role=\"presentation\" class=\"field_required\" style=\"color:#ee0000;\">*<\/span><\/label>\r\n\t<div class=\"\">\r\n\t\t<input   required type=\"text\" data-field=\"fld_4494332\" class=\" form-control\" id=\"fld_4494332_1\" name=\"fld_4494332\" value=\"\" data-type=\"text\" aria-required=\"true\"   aria-labelledby=\"fld_4494332Label\" >\t\t\t<\/div>\r\n<\/div>\r\n<\/div><\/div><div id=\"CF607d43b665166_1-row-3\"  class=\"row \"><div  class=\"col-sm-12  single\"><div data-field-wrapper=\"fld_4149085\" class=\"form-group\" id=\"fld_4149085_1-wrap\">\r\n\t<label id=\"fld_4149085Label\" for=\"fld_4149085_1\" class=\"control-label\">E-mail <span aria-hidden=\"true\" role=\"presentation\" class=\"field_required\" style=\"color:#ee0000;\">*<\/span><\/label>\r\n\t<div class=\"\">\r\n\t\t<input   required type=\"text\" data-field=\"fld_4149085\" class=\" form-control\" id=\"fld_4149085_1\" name=\"fld_4149085\" value=\"\" data-type=\"text\" aria-required=\"true\"   aria-labelledby=\"fld_4149085Label\" >\t\t\t<\/div>\r\n<\/div>\r\n<\/div><\/div><div id=\"CF607d43b665166_1-row-4\"  class=\"row \"><div  class=\"col-sm-12  single\"><div data-field-wrapper=\"fld_5207794\" class=\"form-group\" id=\"fld_5207794_1-wrap\">\r\n\t<label id=\"fld_5207794Label\" for=\"fld_5207794_1\" class=\"control-label\">Secteur d&rsquo;activit\u00e9 <span aria-hidden=\"true\" role=\"presentation\" class=\"field_required\" style=\"color:#ee0000;\">*<\/span><\/label>\r\n\t<div class=\"\">\r\n\t\t<select name=\"fld_5207794\" value=\"\" data-field=\"fld_5207794\" class=\"form-control\" id=\"fld_5207794_1\"  required=\"required\"  aria-labelledby=\"fld_5207794Label\" >\n\t\t<option value=\"\"><\/option>\r\n\t\t\t\t\t<option value=\"Artisan Boulanger\"  data-calc-value=\"Artisan Boulanger\" >\n\t\t\t\t\t\tArtisan Boulanger\t\t\t\t\t<\/option>\n\t\t\t\t\t\t\t\t\t\t<option value=\"Artisan Traiteur\"  data-calc-value=\"Artisan Traiteur\" >\n\t\t\t\t\t\tArtisan Traiteur\t\t\t\t\t<\/option>\n\t\t\t\t\t\t\t\t\t\t<option value=\"Industriel de la Boulangerie \"  data-calc-value=\"Industriel de la Boulangerie \" >\n\t\t\t\t\t\t P\u00e2tisserie\t\t\t\t\t<\/option>\n\t\t\t\t\t\t\t\t\t\t<option value=\"Industriel de l&#039;Agroalimentaire\"  data-calc-value=\"Industriel de l&#039;Agroalimentaire\" >\n\t\t\t\t\t\tIndustriel de l&#039;Agroalimentaire\t\t\t\t\t<\/option>\n\t\t\t\t\t\t\t\t\t\t<option value=\"Industriel de la Cosm\u00e9tique\"  data-calc-value=\"Industriel de la Cosm\u00e9tique\" >\n\t\t\t\t\t\tIndustriel de la Cosm\u00e9tique\t\t\t\t\t<\/option>\n\t\t\t\t\t\t\t\t\t\t<option value=\"Industriel de la Pharmacie\"  data-calc-value=\"Industriel de la Pharmacie\" >\n\t\t\t\t\t\tIndustriel de la Pharmacie\t\t\t\t\t<\/option>\n\t\t\t\t\t\t\t\t\t\t<option value=\"Industriel de la Chimie des Sp\u00e9cialit\u00e9s\"  data-calc-value=\"Industriel de la Chimie des Sp\u00e9cialit\u00e9s\" >\n\t\t\t\t\t\tIndustriel de la Chimie des Sp\u00e9cialit\u00e9s\t\t\t\t\t<\/option>\n\t\t\t\t\t\t\t\t\t\t<option value=\"Distributeur ou agent \"  data-calc-value=\"Distributeur ou agent \" >\n\t\t\t\t\t\t Secteur Alimentaire\t\t\t\t\t<\/option>\n\t\t\t\t\t\t\t\t\t\t<option value=\"Distributeur ou agent \"  data-calc-value=\"Distributeur ou agent \" >\n\t\t\t\t\t\t Secteur Sant\u00e9-Chimie\t\t\t\t\t<\/option>\n\t\t\t\t\t\t\t\t\t\t<option value=\"Autre\"  data-calc-value=\"Autre\" >\n\t\t\t\t\t\tAutre\t\t\t\t\t<\/option>\n\t\t\t\t\t\t\t<\/select>\n\t\t\t<\/div>\r\n<\/div>\r\n<\/div><\/div><div id=\"CF607d43b665166_1-row-5\"  class=\"row \"><div  class=\"col-sm-6  first_col\"><div data-field-wrapper=\"fld_3302096\" class=\"form-group\" id=\"fld_3302096_1-wrap\">\r\n\t<label id=\"fld_3302096Label\" for=\"fld_3302096_1\" class=\"control-label\">T\u00e9l\u00e9phone <span aria-hidden=\"true\" role=\"presentation\" class=\"field_required\" style=\"color:#ee0000;\">*<\/span><\/label>\r\n\t<div class=\"\">\r\n\t\t<input   required type=\"tel\" data-field=\"fld_3302096\" class=\" form-control\" id=\"fld_3302096_1\" name=\"fld_3302096\" value=\"\" data-type=\"phone_better\" aria-required=\"true\"   aria-labelledby=\"fld_3302096Label\" >\t\t\t<\/div>\r\n<\/div>\r\n<\/div><div  class=\"col-sm-6  last_col\"><div data-field-wrapper=\"fld_1451635\" class=\"form-group\" id=\"fld_1451635_1-wrap\">\r\n\t<label id=\"fld_1451635Label\" for=\"fld_1451635_1\" class=\"control-label\">Soci\u00e9t\u00e9 <span aria-hidden=\"true\" role=\"presentation\" class=\"field_required\" style=\"color:#ee0000;\">*<\/span><\/label>\r\n\t<div class=\"\">\r\n\t\t<input   required type=\"text\" data-field=\"fld_1451635\" class=\" form-control\" id=\"fld_1451635_1\" name=\"fld_1451635\" value=\"\" data-type=\"text\" aria-required=\"true\"   aria-labelledby=\"fld_1451635Label\" >\t\t\t<\/div>\r\n<\/div>\r\n<\/div><\/div><div id=\"CF607d43b665166_1-row-6\"  class=\"row \"><div  class=\"col-sm-6  first_col\"><div data-field-wrapper=\"fld_5682084\" class=\"form-group\" id=\"fld_5682084_1-wrap\">\r\n\t<label id=\"fld_5682084Label\" for=\"fld_5682084_1\" class=\"control-label\">Ville <span aria-hidden=\"true\" role=\"presentation\" class=\"field_required\" style=\"color:#ee0000;\">*<\/span><\/label>\r\n\t<div class=\"\">\r\n\t\t<input   required type=\"text\" data-field=\"fld_5682084\" class=\" form-control\" id=\"fld_5682084_1\" name=\"fld_5682084\" value=\"\" data-type=\"text\" aria-required=\"true\"   aria-labelledby=\"fld_5682084Label\" >\t\t\t<\/div>\r\n<\/div>\r\n<\/div><div  class=\"col-sm-6  last_col\"><div data-field-wrapper=\"fld_6833091\" class=\"form-group country-input\" id=\"fld_6833091_1-wrap\">\r\n\t<label id=\"fld_6833091Label\" for=\"fld_6833091_1\" class=\"control-label\">Pays<\/label>\r\n\t<div class=\"\">\r\n\t\t<input    type=\"text\" data-field=\"fld_6833091\" class=\" form-control\" id=\"fld_6833091_1\" name=\"fld_6833091\" value=\"\" data-type=\"text\"   aria-labelledby=\"fld_6833091Label\" >\t\t\t<\/div>\r\n<\/div>\r\n<\/div><\/div><div id=\"CF607d43b665166_1-row-7\"  class=\"row \"><div  class=\"col-sm-12  single\"><div data-field-wrapper=\"fld_3365485\" class=\"form-group\" id=\"fld_3365485_1-wrap\">\r\n\t<label id=\"fld_3365485Label\" for=\"fld_3365485_1\" class=\"control-label\">D\u00e9crivez votre projet <span aria-hidden=\"true\" role=\"presentation\" class=\"field_required\" style=\"color:#ee0000;\">*<\/span><\/label>\r\n\t<div class=\"\">\r\n\t\t<textarea name=\"fld_3365485\" value=\"\" data-field=\"fld_3365485\" class=\"form-control\" id=\"fld_3365485_1\" rows=\"4\" placeholder=\"Type de produit fini, quantit\u00e9 (kg, L)\u2026\"  required=\"required\"  aria-labelledby=\"fld_3365485Label\" ><\/textarea>\n\t\t\t<\/div>\r\n<\/div>\r\n<\/div><\/div><div id=\"CF607d43b665166_1-row-8\"  class=\"row \"><div  class=\"col-sm-12  single\"><div data-field-wrapper=\"fld_7029759\" class=\"form-group\" id=\"fld_7029759_1-wrap\">\r\n<div class=\"\">\r\n\n<div class=\"checkbox-inline caldera-forms-consent-field\">\n    <div class=\"checkbox-container\">\n        <input data-parsley-required=\"true\" data-parsley-group=\"fld_7029759_1\" data-parsley-multiple=\"fld_7029759_1\"                type=\"checkbox\" data-label=\"rgpd\"\n                data-field=\"fld_7029759\"\n                id=\"fld_7029759_1\"\n                class=\"fld_7029759_1 option-required\"\n                name=\"fld_7029759\"\n                value=\"1\"\n                data-type=\"checkbox\"\n                data-checkbox-field=\"fld_7029759_1\"\n        >\n        <span class=\"checkmark\">\n            <svg class=\"sprite-icon icon-check\" aria-hidden=\"true\">\n    <use xlink:href=\"https:\/\/vmiv2.ci-com.fr\/app\/themes\/vmiv2-theme\/public\/icons\/sprite-icon.svg#icon-check\"><\/use>\n<\/svg>        <\/span>\n    <\/div>\n    <label for=\"fld_7029759_1\"\n           class=\"caldera-forms-gdpr-field-label\"\n           style=\"display:inline; margin-left: 0.5rem;\"\n    >\n                <div>\n            <p class=\"caldera-forms-consent-field-agreement\">\n\t\t\t\tCliquer sur la case pour confirmer avoir pris connaissance de la d\u00e9claration sur la protection des donn\u00e9es personnelles                <span aria-hidden=\"true\" role=\"presentation\" class=\"field_required\" style=\"color:#ee0000;\">*<\/span>\n            <\/p>\n        <\/div>\n        <a href=\"https:\/\/vmiv2.ci-com.fr\/fr\/mentions-legales\/\"\n           target=\"_blank\"\n                title=\"En savoir plus sur la protection des donn\u00e9es personnelles\"\n            class=\"caldera-forms-consent-field-linked_text\"\n            >\n            En savoir plus        <\/a>\n    <\/label>\n<\/div>\n\n<\/div>\r\n<\/div>\r\n<\/div><\/div><div id=\"CF607d43b665166_1-row-9\"  class=\"row \"><div  class=\"col-sm-12  single\"><div data-field-wrapper=\"fld_46143\" class=\"form-group\" id=\"fld_46143_1-wrap\">\r\n    <div class=\"wp-block-button\">\n        <div class=\"wp-block-button__link with-arrow\">\n            <button  class=\"label\" type=\"submit\" name=\"fld_46143\" id=\"fld_46143_1\" value=\"Envoyer\" data-field=\"fld_46143\"  >Envoyer<\/button>\n            <div class=\"arrow\"><svg class=\"sprite-icon icon-arrow-right\" aria-hidden=\"true\">\n    <use xlink:href=\"https:\/\/vmiv2.ci-com.fr\/app\/themes\/vmiv2-theme\/public\/icons\/sprite-icon.svg#icon-arrow-right\"><\/use>\n<\/svg><\/div>\n        <\/div>\n    <\/div>\n<\/div>\r\n\t<input class=\"button_trigger_1with-arrow\" type=\"hidden\" name=\"fld_46143\" id=\"fld_46143_1_btn\" value=\"\" data-field=\"fld_46143\"  \/>\n<\/div><\/div><div id=\"CF607d43b665166_1-row-10\"  class=\"row  last_row\"><div  class=\"col-sm-12  single\"><div class=\"form-information\"><p>*Vous disposez \u00e0 tout moment d\u2019un droit d\u2019acc\u00e8s de rectification, de suppression et d\u2019opposition sur vos donn\u00e9es personnelles en \u00e9crivant par email \u00e0 <a href=\"mailto:communication@vmi.fr\">communication@vmi.fr<\/a> ou par courrier \u00e0 VMI \u2013 Service Marketing \u2013 Coordonn\u00e9es Client &#8211; 70 rue Anne de Bretagne, PA Les marches de Bretagne, 85600 MONTAIGU VEND\u00c9E, FRANCE. Vous pouvez \u00e9galement d\u00e9finir des directives relatives \u00e0 la conservation, l\u2019effacement et la communication de vos donn\u00e9es \u00e0 caract\u00e8re personnel \u00ab post-mortem \u00bb en nous les communiquant \u00e0 cette adresse.<\/p>\n<\/div><\/div><\/div><\/form>\r\n<\/div>\r\n","protected":false},"excerpt":{"rendered":"","protected":false},"author":1,"featured_media":0,"parent":0,"menu_order":72,"comment_status":"closed","ping_status":"closed","template":"","meta":{"page_sector":"-"},"yoast_head":"<!-- This site is optimized with the Yoast SEO plugin v19.9 - https:\/\/yoast.com\/wordpress\/plugins\/seo\/ -->\n<title>Demandez un devis pour une solution de m\u00e9lange adapt\u00e9e \u00e0 votre besoin<\/title>\n<meta name=\"description\" content=\"Un projet ? Il vous suffit de remplir ce formulaire et nous vous recontacterons rapidement pour vous proposer l&#039;offre de m\u00e9lange la plus adapt\u00e9e \u00e0 vos besoins\" \/>\n<meta name=\"robots\" content=\"noindex, follow, max-snippet:-1, max-image-preview:large, max-video-preview:-1\" \/>\n<meta property=\"og:locale\" content=\"fr_FR\" \/>\n<meta property=\"og:type\" content=\"article\" \/>\n<meta property=\"og:title\" content=\"Demandez un devis pour une solution de m\u00e9lange adapt\u00e9e \u00e0 votre besoin\" \/>\n<meta property=\"og:description\" content=\"Un projet ? Il vous suffit de remplir ce formulaire et nous vous recontacterons rapidement pour vous proposer l&#039;offre de m\u00e9lange la plus adapt\u00e9e \u00e0 vos besoins\" \/>\n<meta property=\"og:url\" content=\"https:\/\/vmiv2.ci-com.fr\/fr\/devis\/\" \/>\n<meta property=\"og:site_name\" content=\"VMI - Fabrication d&#039;\u00e9quipements de m\u00e9lange\" \/>\n<meta property=\"article:modified_time\" content=\"2021-06-11T08:27:09+00:00\" \/>\n<meta name=\"twitter:card\" content=\"summary_large_image\" \/>\n<script type=\"application\/ld+json\" class=\"yoast-schema-graph\">{\"@context\":\"https:\/\/schema.org\",\"@graph\":[{\"@type\":\"WebPage\",\"@id\":\"https:\/\/vmiv2.ci-com.fr\/fr\/devis\/\",\"url\":\"https:\/\/vmiv2.ci-com.fr\/fr\/devis\/\",\"name\":\"Demandez un devis pour une solution de m\u00e9lange adapt\u00e9e \u00e0 votre besoin\",\"isPartOf\":{\"@id\":\"https:\/\/vmiv2.ci-com.fr\/#website\"},\"datePublished\":\"2021-04-16T12:29:33+00:00\",\"dateModified\":\"2021-06-11T08:27:09+00:00\",\"description\":\"Un projet ? Il vous suffit de remplir ce formulaire et nous vous recontacterons rapidement pour vous proposer l'offre de m\u00e9lange la plus adapt\u00e9e \u00e0 vos besoins\",\"breadcrumb\":{\"@id\":\"https:\/\/vmiv2.ci-com.fr\/fr\/devis\/#breadcrumb\"},\"inLanguage\":\"fr-FR\",\"potentialAction\":[{\"@type\":\"ReadAction\",\"target\":[\"https:\/\/vmiv2.ci-com.fr\/fr\/devis\/\"]}]},{\"@type\":\"BreadcrumbList\",\"@id\":\"https:\/\/vmiv2.ci-com.fr\/fr\/devis\/#breadcrumb\",\"itemListElement\":[{\"@type\":\"ListItem\",\"position\":1,\"name\":\"Accueil\",\"item\":\"https:\/\/vmiv2.ci-com.fr\/fr\/\"},{\"@type\":\"ListItem\",\"position\":2,\"name\":\"Devis\"}]},{\"@type\":\"WebSite\",\"@id\":\"https:\/\/vmiv2.ci-com.fr\/#website\",\"url\":\"https:\/\/vmiv2.ci-com.fr\/\",\"name\":\"VMI - Fabrication d&#039;\u00e9quipements de m\u00e9lange\",\"description\":\"Conception, fabrication et installation de solution de m\u00e9lange\",\"publisher\":{\"@id\":\"https:\/\/vmiv2.ci-com.fr\/#organization\"},\"potentialAction\":[{\"@type\":\"SearchAction\",\"target\":{\"@type\":\"EntryPoint\",\"urlTemplate\":\"https:\/\/vmiv2.ci-com.fr\/?s={search_term_string}\"},\"query-input\":\"required name=search_term_string\"}],\"inLanguage\":\"fr-FR\"},{\"@type\":\"Organization\",\"@id\":\"https:\/\/vmiv2.ci-com.fr\/#organization\",\"name\":\"VMI\",\"url\":\"https:\/\/vmiv2.ci-com.fr\/\",\"logo\":{\"@type\":\"ImageObject\",\"inLanguage\":\"fr-FR\",\"@id\":\"https:\/\/vmiv2.ci-com.fr\/#\/schema\/logo\/image\/\",\"url\":\"https:\/\/vmiv2.ci-com.fr\/app\/uploads\/2021\/04\/logo_VMI.svg\",\"contentUrl\":\"https:\/\/vmiv2.ci-com.fr\/app\/uploads\/2021\/04\/logo_VMI.svg\",\"width\":575,\"height\":283,\"caption\":\"VMI\"},\"image\":{\"@id\":\"https:\/\/vmiv2.ci-com.fr\/#\/schema\/logo\/image\/\"}}]}<\/script>\n<!-- \/ Yoast SEO plugin. -->","yoast_head_json":{"title":"Demandez un devis pour une solution de m\u00e9lange adapt\u00e9e \u00e0 votre besoin","description":"Un projet ? Il vous suffit de remplir ce formulaire et nous vous recontacterons rapidement pour vous proposer l'offre de m\u00e9lange la plus adapt\u00e9e \u00e0 vos besoins","robots":{"index":"noindex","follow":"follow","max-snippet":"max-snippet:-1","max-image-preview":"max-image-preview:large","max-video-preview":"max-video-preview:-1"},"og_locale":"fr_FR","og_type":"article","og_title":"Demandez un devis pour une solution de m\u00e9lange adapt\u00e9e \u00e0 votre besoin","og_description":"Un projet ? Il vous suffit de remplir ce formulaire et nous vous recontacterons rapidement pour vous proposer l'offre de m\u00e9lange la plus adapt\u00e9e \u00e0 vos besoins","og_url":"https:\/\/vmiv2.ci-com.fr\/fr\/devis\/","og_site_name":"VMI - Fabrication d&#039;\u00e9quipements de m\u00e9lange","article_modified_time":"2021-06-11T08:27:09+00:00","twitter_card":"summary_large_image","schema":{"@context":"https:\/\/schema.org","@graph":[{"@type":"WebPage","@id":"https:\/\/vmiv2.ci-com.fr\/fr\/devis\/","url":"https:\/\/vmiv2.ci-com.fr\/fr\/devis\/","name":"Demandez un devis pour une solution de m\u00e9lange adapt\u00e9e \u00e0 votre besoin","isPartOf":{"@id":"https:\/\/vmiv2.ci-com.fr\/#website"},"datePublished":"2021-04-16T12:29:33+00:00","dateModified":"2021-06-11T08:27:09+00:00","description":"Un projet ? Il vous suffit de remplir ce formulaire et nous vous recontacterons rapidement pour vous proposer l'offre de m\u00e9lange la plus adapt\u00e9e \u00e0 vos besoins","breadcrumb":{"@id":"https:\/\/vmiv2.ci-com.fr\/fr\/devis\/#breadcrumb"},"inLanguage":"fr-FR","potentialAction":[{"@type":"ReadAction","target":["https:\/\/vmiv2.ci-com.fr\/fr\/devis\/"]}]},{"@type":"BreadcrumbList","@id":"https:\/\/vmiv2.ci-com.fr\/fr\/devis\/#breadcrumb","itemListElement":[{"@type":"ListItem","position":1,"name":"Accueil","item":"https:\/\/vmiv2.ci-com.fr\/fr\/"},{"@type":"ListItem","position":2,"name":"Devis"}]},{"@type":"WebSite","@id":"https:\/\/vmiv2.ci-com.fr\/#website","url":"https:\/\/vmiv2.ci-com.fr\/","name":"VMI - Fabrication d&#039;\u00e9quipements de m\u00e9lange","description":"Conception, fabrication et installation de solution de m\u00e9lange","publisher":{"@id":"https:\/\/vmiv2.ci-com.fr\/#organization"},"potentialAction":[{"@type":"SearchAction","target":{"@type":"EntryPoint","urlTemplate":"https:\/\/vmiv2.ci-com.fr\/?s={search_term_string}"},"query-input":"required name=search_term_string"}],"inLanguage":"fr-FR"},{"@type":"Organization","@id":"https:\/\/vmiv2.ci-com.fr\/#organization","name":"VMI","url":"https:\/\/vmiv2.ci-com.fr\/","logo":{"@type":"ImageObject","inLanguage":"fr-FR","@id":"https:\/\/vmiv2.ci-com.fr\/#\/schema\/logo\/image\/","url":"https:\/\/vmiv2.ci-com.fr\/app\/uploads\/2021\/04\/logo_VMI.svg","contentUrl":"https:\/\/vmiv2.ci-com.fr\/app\/uploads\/2021\/04\/logo_VMI.svg","width":575,"height":283,"caption":"VMI"},"image":{"@id":"https:\/\/vmiv2.ci-com.fr\/#\/schema\/logo\/image\/"}}]}},"_links":{"self":[{"href":"https:\/\/vmiv2.ci-com.fr\/fr\/wp-json\/wp\/v2\/pages\/28"}],"collection":[{"href":"https:\/\/vmiv2.ci-com.fr\/fr\/wp-json\/wp\/v2\/pages"}],"about":[{"href":"https:\/\/vmiv2.ci-com.fr\/fr\/wp-json\/wp\/v2\/types\/page"}],"author":[{"embeddable":true,"href":"https:\/\/vmiv2.ci-com.fr\/fr\/wp-json\/wp\/v2\/users\/1"}],"replies":[{"embeddable":true,"href":"https:\/\/vmiv2.ci-com.fr\/fr\/wp-json\/wp\/v2\/comments?post=28"}],"version-history":[{"count":2,"href":"https:\/\/vmiv2.ci-com.fr\/fr\/wp-json\/wp\/v2\/pages\/28\/revisions"}],"predecessor-version":[{"id":103723,"href":"https:\/\/vmiv2.ci-com.fr\/fr\/wp-json\/wp\/v2\/pages\/28\/revisions\/103723"}],"wp:attachment":[{"href":"https:\/\/vmiv2.ci-com.fr\/fr\/wp-json\/wp\/v2\/media?parent=28"}],"curies":[{"name":"wp","href":"https:\/\/api.w.org\/{rel}","templated":true}]}}