{"id":3,"date":"2021-04-16T13:50:28","date_gmt":"2021-04-16T11:50:28","guid":{"rendered":"http:\/\/vmiv2.ci-com.fr\/?page_id=3"},"modified":"2021-06-09T16:32:51","modified_gmt":"2021-06-09T14:32:51","slug":"mentions-legales","status":"publish","type":"page","link":"https:\/\/vmiv2.ci-com.fr\/fr\/mentions-legales\/","title":{"rendered":"Mentions l\u00e9gales"},"content":{"rendered":"\n<h2>Identification de la soci\u00e9t\u00e9<\/h2>\n\n\n\n<h3>VMI<\/h3>\n\n\n\n<p><strong>Si\u00e8ge Social<\/strong>&nbsp;: P.A. Les Marches de Bretagne \u2013 70 rue Anne de Bretagne,&nbsp; Saint-Hilaire-de-Loulay \u2013 85600 MONTAIGU-VEND\u00c9E<br><strong>T\u00e9l\u00e9phone<\/strong>&nbsp;: +33 (0)2 51 45 35 35<\/p>\n\n\n\n<p><strong>Forme juridique<\/strong>&nbsp;: SAS<br><strong>N\u00b0 RCS<\/strong>&nbsp;: 546 050 246 B La Roche-sur-Yon<br><strong>Code APE<\/strong>&nbsp;: 2893Z<br><strong>Capital social<\/strong>&nbsp;: 816 400 \u20ac<\/p>\n\n\n\n<h2>Conception \/ R\u00e9alisation du site<\/h2>\n\n\n\n<p><strong>ADDICTIC \u2013 Agence de communication digitale<\/strong><br><a href=\"https:\/\/www.addictic.fr\/\" target=\"_blank\" rel=\"noreferrer noopener\">www.addictic.fr<\/a><br>RCS Tours B 498 295 039<br>16, rue des Montils 37520 LA RICHE<\/p>\n\n\n\n<p>T\u00e9l. : +33 (0)2 47 36 90 61<\/p>\n\n\n\n<h2>H\u00e9bergement du site<\/h2>\n\n\n\n<p><strong>ADDICTIC \u00e0 partir de la plateforme OVH<\/strong><br>RCS Roubaix-Tourcoing B 424 761 419<br>Si\u00e8ge social : 140 Quai du Sartel<br>59100 ROUBAIX \u2013 France<\/p>\n\n\n\n<p>T\u00e9l. : (+33)9 72 10 10 07<\/p>\n\n\n\n<h2>Informations nominatives<\/h2>\n\n\n\n<p>Toute personne dispose d\u2019un droit d\u2019acc\u00e8s, de modification, de rectification et de suppression des donn\u00e9es qui la concerne (article 34 de la loi \u00ab&nbsp;Informatique et Libert\u00e9s&nbsp;\u00bb du 6 janvier 1978). Pour exercer ce droit, adressez-vous \u00e0 :<\/p>\n\n\n\n<p><strong>Service Marketing \u2013 Coordonn\u00e9es Client<\/strong><br>70 rue Anne de Bretagne<br>PA Les Marches de Bretagne, Saint-Hilaire-de-Loulay<br>85600 Montaigu Vend\u00e9e<br>FRANCE<\/p>\n\n\n\n<p>Conform\u00e9ment \u00e0 la loi du 78-17 du 06\/01\/1978 relative \u00e0 l\u2019informatique, aux fichiers et aux libert\u00e9s, le pr\u00e9sent site a fait l\u2019objet d\u2019une d\u00e9claration \u00e0 la CNIL. La Soci\u00e9t\u00e9 VMI pourra \u00e0 toutes fins de preuve conserver et archiver de mani\u00e8re confidentielle les donn\u00e9es du client.<\/p>\n\n\n\n<p>L\u2019acc\u00e8s au Site&nbsp;<a href=\"https:\/\/www.vmimixing.com\/\">vmimixing.com<\/a>&nbsp;ainsi que l\u2019utilisation de son contenu sont soumis aux conditions d\u2019utilisation d\u00e9crites ci-apr\u00e8s. Le fait d\u2019acc\u00e9der et de naviguer sur le Site&nbsp;<a href=\"https:\/\/www.vmimixing.com\/\">vmimixing.com<\/a>&nbsp;constitue de la part du visiteur une acceptation sans r\u00e9serve des stipulations suivantes :<\/p>\n\n\n\n<h2>Propri\u00e9t\u00e9 intellectuelle<\/h2>\n\n\n\n<p>Le Site est la propri\u00e9t\u00e9 exclusive de la soci\u00e9t\u00e9 VMI, seule habilit\u00e9e \u00e0 utiliser et exploiter les droits de propri\u00e9t\u00e9 intellectuelle et droits de la personnalit\u00e9 attach\u00e9s \u00e0 ce site, notamment les marques, dessins et mod\u00e8les, droits d\u2019auteur et droit \u00e0 l\u2019image, \u00e0 titre originaire ou par l\u2019effet d\u2019une cession ou d\u2019une licence d\u2019exploitation. L\u2019usage de tout ou partie du Site&nbsp;<a href=\"https:\/\/www.vmimixing.com\/\">vmimixing.com<\/a>, notamment par t\u00e9l\u00e9chargement, reproduction, transmission ou repr\u00e9sentation \u00e0 d\u2019autres fins que pour usage personnel et priv\u00e9 dans un but non commercial est strictement interdit.<\/p>\n\n\n\n<h2>Photos et donn\u00e9es<\/h2>\n\n\n\n<p>Les photos et donn\u00e9es contenues dans ce site web ne sont pas contractuelles.<\/p>\n\n\n\n<h2>Liens hypertextes vers d\u2019autres sites<\/h2>\n\n\n\n<p>La cr\u00e9ation de liens hypertextes vers le Site ne peut \u00eatre faite qu\u2019avec l\u2019autorisation \u00e9crite et pr\u00e9alable de la soci\u00e9t\u00e9 VMI qui pourra \u00eatre r\u00e9voqu\u00e9e \u00e0 tout moment. La soci\u00e9t\u00e9 VMI, d\u00e9cline toute responsabilit\u00e9 concernant le contenu des sites li\u00e9s au Site.RESPECT DE LA VIE PRIV\u00c9E ET DES DONN\u00c9ES PERSONNELLES<\/p>\n\n\n\n<p>Nous vous informons ici sur le traitement de vos donn\u00e9es personnelles dans le cadre de l\u2019utilisation de notre site web.<\/p>\n\n\n\n<p>Le Responsable de traitement est<strong>&nbsp;VMI<\/strong><strong>&nbsp;\u2013 Service Marketing \u2013 Coordonn\u00e9es Client \u2013<\/strong><strong>&nbsp;70 rue Anne de Bretagne, PA Les marches de Bretagne, 85600 MONTAIGU VEND\u00c9E,&nbsp;<\/strong><a href=\"mailto:communication@vmi.fr\" target=\"_blank\" rel=\"noreferrer noopener\">communication@vmi.fr<\/a>. Le responsable de traitement au sens du r\u00e8glement g\u00e9n\u00e9ral sur la protection des donn\u00e9es (RGPD) est \u00abla personne physique ou morale, l\u2019autorit\u00e9 publique, le service ou un autre organisme qui, seul ou conjointement avec d\u2019autres, d\u00e9termine les finalit\u00e9s et les moyens du traitement \u00bb (article 4 paragraphe7).<\/p>\n\n\n\n<h3>Donn\u00e9es collect\u00e9es<\/h3>\n\n\n\n<p>La consultation de notre site ne n\u00e9cessite aucune authentification ni communication de donn\u00e9es personnelles.<\/p>\n\n\n\n<p>Les seules donn\u00e9es personnelles enregistr\u00e9es sont celles que vous nous communiquez lorsque vous prenez contact avec nous, notamment via le formulaire de contact ou de devis. Nous vous demandons votre pr\u00e9nom, nom, le nom de votre entreprise, votre type de profil, votre adresse, votre secteur d\u2019activit\u00e9, vos coordonn\u00e9es t\u00e9l\u00e9phoniques et mail, la nature de votre demande.<\/p>\n\n\n\n<h3>Utilisation des donn\u00e9es<\/h3>\n\n\n\n<p>Les donn\u00e9es collect\u00e9es lors de la prise de contact sont trait\u00e9es dans le but d\u2019\u00e9tablir une relation commerciale et professionnelle avec vous. Elles sont utilis\u00e9es uniquement pour permettre de r\u00e9pondre \u00e0 vos demandes.<\/p>\n\n\n\n<p>Dans les formulaires de contact et demande de devis, le fait de cocher la case&nbsp;\u00ab&nbsp;Je reconnais avoir pris connaissance de la d\u00e9claration sur&nbsp;la protection des donn\u00e9es personnelles&nbsp;*&nbsp;\u00bb vaut accord de votre part. &nbsp;En aucun cas vos donn\u00e9es ne seront transmises \u00e0 une soci\u00e9t\u00e9&nbsp;tierce sans votre consentement, sauf si nous y sommes oblig\u00e9s pour des&nbsp;raisons l\u00e9gales \u00e0 titre imp\u00e9ratif.<\/p>\n\n\n\n<h3>Vos droits<\/h3>\n\n\n\n<p>Vous disposez \u00e0 tout moment d\u2019un droit d\u2019acc\u00e8s de rectification, de suppression et d\u2019opposition sur vos donn\u00e9es personnelles en \u00e9crivant par email \u00e0&nbsp;<strong><a href=\"mailto:communication@vmi.fr\" target=\"_blank\" rel=\"noreferrer noopener\">communication@vmi.fr<\/a><\/strong>&nbsp;ou par courrier \u00e0&nbsp;<strong>VMI \u2013 Service Marketing \u2013 Coordonn\u00e9es Client \u2013 70 rue Anne de Bretagne, PA Les marches de Bretagne, Saint-Hilaire-de-Loulay 85600&nbsp;Montaigu Vend\u00e9e,&nbsp;<\/strong><strong>FRANCE.<\/strong>&nbsp;Vous pouvez \u00e9galement d\u00e9finir des directives relatives \u00e0 la conservation, l\u2019effacement et la communication de vos donn\u00e9es \u00e0 caract\u00e8re personnel \u00ab post-mortem \u00bb en nous les communiquant \u00e0 cette adresse.<\/p>\n\n\n\n<h2>Cookies<\/h2>\n\n\n\n<p>En application des dispositions de la directive 2002\/58\/CE, VMI utilise des cookies \u00e0 des fins d\u2019identifications personnelles. Ces cookies resteront stock\u00e9s dans l\u2019ordinateur de l\u2019internaute pendant cinq (5) ans, \u00e0 moins que l\u2019internaute ne les supprime. Tout internaute \u00e0 la possibilit\u00e9 de refuser ces cookies en cliquant sur le bouton \u00absupprimer les cookies\u00bb dans les options Internet\/onglet : confidentialit\u00e9, sachant que l\u2019utilisation du Site pourra s\u2019en trouver limit\u00e9e. Un cookie ne nous permet pas de vous identifier. De mani\u00e8re g\u00e9n\u00e9rale, il enregistre des informations relatives \u00e0 la navigation de votre ordinateur sur notre site (les pages que vous avez consult\u00e9es, la date et l\u2019heure de la consultation, etc.) que nous pourrons lire lors de vos visites ult\u00e9rieures.<\/p>\n\n\n\n<p><a href=\"https:\/\/www.vmimixing.com\/fr\/les-cookies\/\">En savoir plus sur la gestion des cookies<\/a><\/p>\n\n\n\n<h2>Responsabilit\u00e9 de VMI<\/h2>\n\n\n\n<p>Dans les conditions autoris\u00e9es par la loi, la soci\u00e9t\u00e9 VMI n\u2019encourt aucune responsabilit\u00e9 :<br>pour toute impr\u00e9cision, inexactitude, omission ou pour tous dommages r\u00e9sultant d\u2019une intrusion d\u2019un tiers ayant entra\u00een\u00e9 une modification des informations mises \u00e0 disposition sur le Site, en cas de dommages provoqu\u00e9s \u00e0 raison de l\u2019acc\u00e8s d\u2019un tiers non autoris\u00e9 sur le Site&nbsp;<a href=\"https:\/\/www.vmimixing.com\/\">vmimixing.com<\/a>&nbsp;ou rendant impossible son acc\u00e8s. Le visiteur est inform\u00e9 que l\u2019acc\u00e8s au Site pourra \u00eatre interrompu \u00e0 tout moment par la soci\u00e9t\u00e9 VMI pour des raisons de maintenance, de s\u00e9curit\u00e9 ou toute autre contrainte technique.<\/p>\n\n\n\n<h2>Droit applicable<\/h2>\n\n\n\n<p>Les pr\u00e9sentes conditions sont r\u00e9gies par le droit fran\u00e7ais. Les juridictions fran\u00e7aises sont seules comp\u00e9tentes pour conna\u00eetre de tout litige se rapportant directement ou indirectement \u00e0 l\u2019acc\u00e8s au pr\u00e9sent Site ou \u00e0 son utilisation. La version originale de ces conditions est r\u00e9dig\u00e9e en fran\u00e7ais. En cas de conflit ou d\u2019incoh\u00e9rence entre la version fran\u00e7aise et celle-ci, la version fran\u00e7aise pr\u00e9vaudra.<\/p>\n","protected":false},"excerpt":{"rendered":"<p>Identification de la soci\u00e9t\u00e9 VMI Si\u00e8ge Social&nbsp;: P.A. Les Marches de Bretagne \u2013 70 rue Anne de Bretagne,&nbsp; Saint-Hilaire-de-Loulay \u2013 85600 MONTAIGU-VEND\u00c9ET\u00e9l\u00e9phone&nbsp;: +33 (0)2 51 45 35 35 Forme juridique&nbsp;: [&hellip;]<\/p>\n","protected":false},"author":1,"featured_media":0,"parent":0,"menu_order":92,"comment_status":"closed","ping_status":"open","template":"","meta":{"page_sector":"-"},"yoast_head":"<!-- This site is optimized with the Yoast SEO plugin v19.9 - https:\/\/yoast.com\/wordpress\/plugins\/seo\/ -->\n<title>Mentions l\u00e9gales<\/title>\n<meta name=\"robots\" content=\"noindex, follow, max-snippet:-1, max-image-preview:large, max-video-preview:-1\" \/>\n<meta property=\"og:locale\" content=\"fr_FR\" \/>\n<meta property=\"og:type\" content=\"article\" \/>\n<meta property=\"og:title\" content=\"Mentions l\u00e9gales\" \/>\n<meta property=\"og:description\" content=\"Identification de la soci\u00e9t\u00e9 VMI Si\u00e8ge Social&nbsp;: P.A. Les Marches de Bretagne \u2013 70 rue Anne de Bretagne,&nbsp; Saint-Hilaire-de-Loulay \u2013 85600 MONTAIGU-VEND\u00c9ET\u00e9l\u00e9phone&nbsp;: +33 (0)2 51 45 35 35 Forme juridique&nbsp;: [&hellip;]\" \/>\n<meta property=\"og:url\" content=\"https:\/\/vmiv2.ci-com.fr\/fr\/mentions-legales\/\" \/>\n<meta property=\"og:site_name\" content=\"VMI - Fabrication d&#039;\u00e9quipements de m\u00e9lange\" \/>\n<meta property=\"article:modified_time\" content=\"2021-06-09T14:32:51+00:00\" \/>\n<meta name=\"twitter:card\" content=\"summary_large_image\" \/>\n<meta name=\"twitter:label1\" content=\"Dur\u00e9e de lecture estim\u00e9e\" \/>\n\t<meta name=\"twitter:data1\" content=\"5 minutes\" \/>\n<script type=\"application\/ld+json\" class=\"yoast-schema-graph\">{\"@context\":\"https:\/\/schema.org\",\"@graph\":[{\"@type\":\"WebPage\",\"@id\":\"https:\/\/vmiv2.ci-com.fr\/fr\/mentions-legales\/\",\"url\":\"https:\/\/vmiv2.ci-com.fr\/fr\/mentions-legales\/\",\"name\":\"Mentions l\u00e9gales\",\"isPartOf\":{\"@id\":\"https:\/\/vmiv2.ci-com.fr\/#website\"},\"datePublished\":\"2021-04-16T11:50:28+00:00\",\"dateModified\":\"2021-06-09T14:32:51+00:00\",\"breadcrumb\":{\"@id\":\"https:\/\/vmiv2.ci-com.fr\/fr\/mentions-legales\/#breadcrumb\"},\"inLanguage\":\"fr-FR\",\"potentialAction\":[{\"@type\":\"ReadAction\",\"target\":[\"https:\/\/vmiv2.ci-com.fr\/fr\/mentions-legales\/\"]}]},{\"@type\":\"BreadcrumbList\",\"@id\":\"https:\/\/vmiv2.ci-com.fr\/fr\/mentions-legales\/#breadcrumb\",\"itemListElement\":[{\"@type\":\"ListItem\",\"position\":1,\"name\":\"Accueil\",\"item\":\"https:\/\/vmiv2.ci-com.fr\/fr\/\"},{\"@type\":\"ListItem\",\"position\":2,\"name\":\"Mentions l\u00e9gales\"}]},{\"@type\":\"WebSite\",\"@id\":\"https:\/\/vmiv2.ci-com.fr\/#website\",\"url\":\"https:\/\/vmiv2.ci-com.fr\/\",\"name\":\"VMI - Fabrication d&#039;\u00e9quipements de m\u00e9lange\",\"description\":\"Conception, fabrication et installation de solution de m\u00e9lange\",\"publisher\":{\"@id\":\"https:\/\/vmiv2.ci-com.fr\/#organization\"},\"potentialAction\":[{\"@type\":\"SearchAction\",\"target\":{\"@type\":\"EntryPoint\",\"urlTemplate\":\"https:\/\/vmiv2.ci-com.fr\/?s={search_term_string}\"},\"query-input\":\"required name=search_term_string\"}],\"inLanguage\":\"fr-FR\"},{\"@type\":\"Organization\",\"@id\":\"https:\/\/vmiv2.ci-com.fr\/#organization\",\"name\":\"VMI\",\"url\":\"https:\/\/vmiv2.ci-com.fr\/\",\"logo\":{\"@type\":\"ImageObject\",\"inLanguage\":\"fr-FR\",\"@id\":\"https:\/\/vmiv2.ci-com.fr\/#\/schema\/logo\/image\/\",\"url\":\"https:\/\/vmiv2.ci-com.fr\/app\/uploads\/2021\/04\/logo_VMI.svg\",\"contentUrl\":\"https:\/\/vmiv2.ci-com.fr\/app\/uploads\/2021\/04\/logo_VMI.svg\",\"width\":575,\"height\":283,\"caption\":\"VMI\"},\"image\":{\"@id\":\"https:\/\/vmiv2.ci-com.fr\/#\/schema\/logo\/image\/\"}}]}<\/script>\n<!-- \/ Yoast SEO plugin. -->","yoast_head_json":{"title":"Mentions l\u00e9gales","robots":{"index":"noindex","follow":"follow","max-snippet":"max-snippet:-1","max-image-preview":"max-image-preview:large","max-video-preview":"max-video-preview:-1"},"og_locale":"fr_FR","og_type":"article","og_title":"Mentions l\u00e9gales","og_description":"Identification de la soci\u00e9t\u00e9 VMI Si\u00e8ge Social&nbsp;: P.A. Les Marches de Bretagne \u2013 70 rue Anne de Bretagne,&nbsp; Saint-Hilaire-de-Loulay \u2013 85600 MONTAIGU-VEND\u00c9ET\u00e9l\u00e9phone&nbsp;: +33 (0)2 51 45 35 35 Forme juridique&nbsp;: [&hellip;]","og_url":"https:\/\/vmiv2.ci-com.fr\/fr\/mentions-legales\/","og_site_name":"VMI - Fabrication d&#039;\u00e9quipements de m\u00e9lange","article_modified_time":"2021-06-09T14:32:51+00:00","twitter_card":"summary_large_image","twitter_misc":{"Dur\u00e9e de lecture estim\u00e9e":"5 minutes"},"schema":{"@context":"https:\/\/schema.org","@graph":[{"@type":"WebPage","@id":"https:\/\/vmiv2.ci-com.fr\/fr\/mentions-legales\/","url":"https:\/\/vmiv2.ci-com.fr\/fr\/mentions-legales\/","name":"Mentions l\u00e9gales","isPartOf":{"@id":"https:\/\/vmiv2.ci-com.fr\/#website"},"datePublished":"2021-04-16T11:50:28+00:00","dateModified":"2021-06-09T14:32:51+00:00","breadcrumb":{"@id":"https:\/\/vmiv2.ci-com.fr\/fr\/mentions-legales\/#breadcrumb"},"inLanguage":"fr-FR","potentialAction":[{"@type":"ReadAction","target":["https:\/\/vmiv2.ci-com.fr\/fr\/mentions-legales\/"]}]},{"@type":"BreadcrumbList","@id":"https:\/\/vmiv2.ci-com.fr\/fr\/mentions-legales\/#breadcrumb","itemListElement":[{"@type":"ListItem","position":1,"name":"Accueil","item":"https:\/\/vmiv2.ci-com.fr\/fr\/"},{"@type":"ListItem","position":2,"name":"Mentions l\u00e9gales"}]},{"@type":"WebSite","@id":"https:\/\/vmiv2.ci-com.fr\/#website","url":"https:\/\/vmiv2.ci-com.fr\/","name":"VMI - Fabrication d&#039;\u00e9quipements de m\u00e9lange","description":"Conception, fabrication et installation de solution de m\u00e9lange","publisher":{"@id":"https:\/\/vmiv2.ci-com.fr\/#organization"},"potentialAction":[{"@type":"SearchAction","target":{"@type":"EntryPoint","urlTemplate":"https:\/\/vmiv2.ci-com.fr\/?s={search_term_string}"},"query-input":"required name=search_term_string"}],"inLanguage":"fr-FR"},{"@type":"Organization","@id":"https:\/\/vmiv2.ci-com.fr\/#organization","name":"VMI","url":"https:\/\/vmiv2.ci-com.fr\/","logo":{"@type":"ImageObject","inLanguage":"fr-FR","@id":"https:\/\/vmiv2.ci-com.fr\/#\/schema\/logo\/image\/","url":"https:\/\/vmiv2.ci-com.fr\/app\/uploads\/2021\/04\/logo_VMI.svg","contentUrl":"https:\/\/vmiv2.ci-com.fr\/app\/uploads\/2021\/04\/logo_VMI.svg","width":575,"height":283,"caption":"VMI"},"image":{"@id":"https:\/\/vmiv2.ci-com.fr\/#\/schema\/logo\/image\/"}}]}},"_links":{"self":[{"href":"https:\/\/vmiv2.ci-com.fr\/fr\/wp-json\/wp\/v2\/pages\/3"}],"collection":[{"href":"https:\/\/vmiv2.ci-com.fr\/fr\/wp-json\/wp\/v2\/pages"}],"about":[{"href":"https:\/\/vmiv2.ci-com.fr\/fr\/wp-json\/wp\/v2\/types\/page"}],"author":[{"embeddable":true,"href":"https:\/\/vmiv2.ci-com.fr\/fr\/wp-json\/wp\/v2\/users\/1"}],"replies":[{"embeddable":true,"href":"https:\/\/vmiv2.ci-com.fr\/fr\/wp-json\/wp\/v2\/comments?post=3"}],"version-history":[{"count":2,"href":"https:\/\/vmiv2.ci-com.fr\/fr\/wp-json\/wp\/v2\/pages\/3\/revisions"}],"predecessor-version":[{"id":103560,"href":"https:\/\/vmiv2.ci-com.fr\/fr\/wp-json\/wp\/v2\/pages\/3\/revisions\/103560"}],"wp:attachment":[{"href":"https:\/\/vmiv2.ci-com.fr\/fr\/wp-json\/wp\/v2\/media?parent=3"}],"curies":[{"name":"wp","href":"https:\/\/api.w.org\/{rel}","templated":true}]}}