{"id":30,"date":"2021-04-16T14:29:48","date_gmt":"2021-04-16T12:29:48","guid":{"rendered":"http:\/\/vmiv2.ci-com.fr\/?page_id=30"},"modified":"2025-02-24T12:10:09","modified_gmt":"2025-02-24T11:10:09","slug":"les-cookies","status":"publish","type":"page","link":"https:\/\/vmiv2.ci-com.fr\/fr\/les-cookies\/","title":{"rendered":"Les cookies"},"content":{"rendered":"\n<p><a href=\"#consent-settings\">Param\u00e8tres des cookies<\/a><\/p>\n\n\n\n<h2>D\u00c9FINITION<\/h2>\n\n\n\n<p>Un cookie est un petit fichier texte au format alphanum\u00e9rique d\u00e9pos\u00e9 sur votre disque dur par le serveur du site visit\u00e9 ou par un serveur tiers (r\u00e9gie publicitaire, service de web analytique, etc..).<\/p>\n\n\n\n<p>Un cookie permet de reconna\u00eetre un visiteur lorsqu\u2019il revient sur un site web. Cependant, sur un plan technique, le cookie permet de reconna\u00eetre une machine et non r\u00e9ellement un utilisateur. Un cookie ne peut \u00eatre utilis\u00e9 que par un serveur du domaine l\u2019ayant plac\u00e9. C\u2019est gr\u00e2ce aux cookies qu\u2019il est possible d\u2019acc\u00e9der automatiquement \u00e0 des pages personnalis\u00e9es sans s\u2019identifier. Les donn\u00e9es comportementales sont li\u00e9es au num\u00e9ro de cookie et stock\u00e9es au niveau des serveurs ayant plac\u00e9 les cookies. Un cookie ne permet une identification nominative que si l\u2019internaute s\u2019est d\u00e9j\u00e0 enregistr\u00e9 sur le site (dans la limite \u00e9voqu\u00e9e pr\u00e9c\u00e9demment).<\/p>\n\n\n\n<p>Lors de la consultation de notre site, des informations relatives \u00e0 la navigation de votre terminal (ordinateur, tablette, smartphone, etc.) sur notre site sont susceptibles d&rsquo;\u00eatre enregistr\u00e9es dans des fichiers \u00ab\u00a0Cookies\u00a0\u00bb install\u00e9s sur votre terminal. Par ailleurs, nous sommes susceptibles d&rsquo;acheter des espaces publicitaires directement ou par l&rsquo;interm\u00e9diaire de nos prestataires (agences de communication, r\u00e9gies publicitaire, r\u00e9seaux sociaux) afin de promouvoir nos activit\u00e9s et nos offres sur des sites de tiers, au moyen de contenus publicitaires (textes, graphismes, animations, vid\u00e9os, etc.) diffus\u00e9s par ces sites. Sachez que seul l&rsquo;\u00e9metteur d&rsquo;un cookie est susceptible de lire ou de modifier des informations qui y sont contenues.<\/p>\n\n\n\n<h2>LES COOKIES UTILIS\u00c9S PAR CE SITE<\/h2>\n\n\n\n<p>Lorsque vous vous connectez \u00e0 notre site, nous pouvons \u00eatre amen\u00e9s \u00e0 installer divers cookies dans votre terminal nous permettant de reconna\u00eetre le navigateur de votre terminal pendant la dur\u00e9e de validit\u00e9 du cookie concern\u00e9.<\/p>\n\n\n\n<p>Ces cookies nous permettent d&rsquo;\u00e9tablir des statistiques et volumes de fr\u00e9quentation et d&rsquo;utilisation des divers \u00e9l\u00e9ments composant notre site (rubriques et contenus visit\u00e9s, parcours), nous permettant d&rsquo;am\u00e9liorer l&rsquo;int\u00e9r\u00eat et l&rsquo;ergonomie de nos services.<\/p>\n\n\n\n<h2>LES COOKIES UTILIS\u00c9S PAR DES TIERS<\/h2>\n\n\n\n<p>Des cookies sont \u00e9galement susceptibles d\u2019\u00eatre plac\u00e9s par des soci\u00e9t\u00e9s partenaires (cookies tiers).&nbsp;Des cookies peuvent \u00eatre enregistr\u00e9s via notre site sur votre terminal par les r\u00e9seaux sociaux&nbsp; lorsque vous utilisez des boutons r\u00e9seaux (\u00ab Facebook \u00bb, \u00ab&nbsp;Pinterest&nbsp;\u00bb, \u00abInstagram \u00bb, \u00ab Google + \u00bb etc.).<\/p>\n\n\n\n<h2>LA GESTION DES COOKIES<\/h2>\n\n\n\n<p>Vous disposez de diff\u00e9rents moyens pour g\u00e9rer les cookies.<\/p>\n\n\n\n<h3>Le param\u00e9trage de votre navigateur internet<\/h3>\n\n\n\n<p>Vous pouvez \u00e0 tout moment choisir de d\u00e9sactiver ces cookies. Votre navigateur peut \u00e9galement \u00eatre param\u00e9tr\u00e9 pour vous signaler les cookies qui sont d\u00e9pos\u00e9s dans votre ordinateur et vous demander de les accepter ou non. Vous pouvez accepter ou refuser les cookies au cas par cas ou bien les refuser syst\u00e9matiquement une fois pour toutes.<\/p>\n\n\n\n<p>Nous vous rappelons que le param\u00e9trage est susceptible de modifier vos conditions d&rsquo;acc\u00e8s \u00e0 nos services n\u00e9cessitant l&rsquo;utilisation de cookies.<\/p>\n\n\n\n<p>Si votre navigateur est configur\u00e9 de mani\u00e8re \u00e0 refuser l&rsquo;ensemble des cookies, vous ne pourrez pas effectuer d&rsquo;achats ou profiter de fonctions essentielles de notre site, comme par exemple stocker des articles dans votre panier ou recevoir des recommandations personnalis\u00e9es. Afin de g\u00e9rer les cookies au plus pr\u00e8s de vos attentes nous vous invitons \u00e0 param\u00e9trer votre navigateur en tenant compte de la finalit\u00e9 des cookies telle que mentionn\u00e9e ci-avant.<\/p>\n\n\n\n<p>Voici comment contr\u00f4ler ou emp\u00eacher l&rsquo;enregistrement des cookies :<\/p>\n\n\n\n<p>La configuration de chaque navigateur est diff\u00e9rente. Elle est d\u00e9crite dans le menu d&rsquo;aide de votre navigateur, qui vous permettra de savoir de quelle mani\u00e8re modifier vos souhaits en mati\u00e8re de cookies.<\/p>\n\n\n\n<h3>Vous pouvez d\u00e9sactiver les cookies en suivant les instructions comme suit :<\/h3>\n\n\n\n<h4>si vous utilisez le navigateur Internet Explorer<\/h4>\n\n\n\n<ul><li>Dans Internet Explorer, cliquez sur le bouton \u00ab\u00a0Outils\u00a0\u00bb, puis sur \u00ab\u00a0Options Internet\u00a0\u00bb<\/li><li>Sous l&rsquo;onglet G\u00e9n\u00e9ral, sous Historique de navigation, cliquez sur \u00ab\u00a0Param\u00e8tres\u00a0\u00bb<\/li><li>Cliquez sur le bouton \u00ab\u00a0Afficher les fichiers\u00a0\u00bb<\/li><li>Cliquez sur l&rsquo;en-t\u00eate de colonne Nom pour trier tous les fichiers dans l&rsquo;ordre alphab\u00e9tique, puis parcourez la liste jusqu&rsquo;\u00e0 ce que vous voyez des fichiers commen\u00e7ant par le pr\u00e9fixe \u00ab\u00a0Cookie\u00a0\u00bb. (tous les cookies poss\u00e8dent ce pr\u00e9fixe et contiennent habituellement le nom du site Web qui a cr\u00e9\u00e9 le cookie).<\/li><li>S\u00e9lectionnez et supprimez les cookies suivants : &lsquo;displayCookieConsent&rsquo;, &lsquo;PHPSESSID&rsquo;, &lsquo;BE_USER_AUTH&rsquo; et &lsquo;BE_PAGE_OFFSET&rsquo;.<\/li><li>Fermez la fen\u00eatre qui contient la liste des fichiers<\/li><li>Cliquez deux fois sur OK pour retourner dans Internet Explorer.<\/li><\/ul>\n\n\n\n<h4>si vous utilisez le navigateur Firefox<\/h4>\n\n\n\n<ul><li>Allez dans l&rsquo;onglet \u00ab\u00a0Outils\u00a0\u00bb du navigateur puis s\u00e9lectionnez le menu \u00ab\u00a0Options \u00ab\u00a0<\/li><li>Dans la fen\u00eatre qui s&rsquo;affiche, choisissez \u00ab\u00a0Vie priv\u00e9e\u00a0\u00bb et cliquez sur \u00ab\u00a0Affichez les cookies\u00a0\u00bb<\/li><li>Rep\u00e9rez les fichiers qui contiennent les noms cit\u00e9s ci-dessus. S\u00e9lectionnez-les et supprimez-les.<\/li><\/ul>\n\n\n\n<h4>si vous utilisez le navigateur Safari<\/h4>\n\n\n\n<ul><li>Dans votre navigateur, choisissez le menu \u00c9dition &gt; Pr\u00e9f\u00e9rences.<\/li><li>Cliquez sur S\u00e9curit\u00e9.<\/li><li>Cliquez sur \u00ab\u00a0Afficher les cookies\u00a0\u00bb<\/li><li>S\u00e9lectionnez les cookies qui contiennent les noms cit\u00e9s ci-dessus et cliquez sur \u00ab\u00a0Effacer\u00a0\u00bb ou sur \u00ab\u00a0Tout effacer\u00a0\u00bb.<\/li><li>Apr\u00e8s avoir supprim\u00e9 les cookies, cliquez sur \u00ab\u00a0Termin\u00e9\u00a0\u00bb.<\/li><\/ul>\n\n\n\n<h4>si vous utilisez le navigateur Google Chrome<\/h4>\n\n\n\n<ul><li>Cliquez sur l&rsquo;ic\u00f4ne du menu \u00ab\u00a0Outils\u00a0\u00bb<\/li><li>S\u00e9lectionnez \u00ab\u00a0Options\u00a0\u00bb<\/li><li>Cliquez sur l&rsquo;onglet \u00ab\u00a0Options avanc\u00e9es\u00a0\u00bb et acc\u00e9dez \u00e0 la section \u00ab\u00a0Confidentialit\u00e9\u00a0\u00bb<\/li><li>Cliquez sur le bouton \u00ab\u00a0Afficher les cookies\u00a0\u00bb<\/li><li>Rep\u00e9rez les fichiers qui contiennent les noms cit\u00e9s ci-dessus. S\u00e9lectionnez-les et supprimez-les.<\/li><li>Cliquez sur \u00ab\u00a0Fermer\u00a0\u00bb pour revenir \u00e0 votre navigateur<\/li><\/ul>\n\n\n\n<h3>Le param\u00e9trage sur une plateforme de gestion des cookies<\/h3>\n\n\n\n<p>Vous pouvez g\u00e9rer vos cookies en vous rendant sur des plateformes de gestion des cookies propos\u00e9es par les professionnels de la publicit\u00e9.<\/p>\n\n\n\n<h2>PLUS D&rsquo;INFORMATION SUR LES COOKIES<\/h2>\n\n\n\n<p><a href=\"http:\/\/www.cnil.fr\/vos-droits\/vos-traces\/les-cookies\/\" target=\"_blank\" rel=\"noreferrer noopener\">Sur le site de la CNIL : http:\/\/www.cnil.fr\/vos-droits\/vos-traces\/les-cookies\/<\/a><\/p>\n","protected":false},"excerpt":{"rendered":"<p>Param\u00e8tres des cookies D\u00c9FINITION Un cookie est un petit fichier texte au format alphanum\u00e9rique d\u00e9pos\u00e9 sur votre disque dur par le serveur du site visit\u00e9 ou par un serveur tiers [&hellip;]<\/p>\n","protected":false},"author":1,"featured_media":0,"parent":0,"menu_order":88,"comment_status":"closed","ping_status":"closed","template":"","meta":{"page_sector":"-"},"yoast_head":"<!-- This site is optimized with the Yoast SEO plugin v19.9 - https:\/\/yoast.com\/wordpress\/plugins\/seo\/ -->\n<title>Les cookies<\/title>\n<meta name=\"robots\" content=\"noindex, follow, max-snippet:-1, max-image-preview:large, max-video-preview:-1\" \/>\n<meta property=\"og:locale\" content=\"fr_FR\" \/>\n<meta property=\"og:type\" content=\"article\" \/>\n<meta property=\"og:title\" content=\"Les cookies\" \/>\n<meta property=\"og:description\" content=\"Param\u00e8tres des cookies D\u00c9FINITION Un cookie est un petit fichier texte au format alphanum\u00e9rique d\u00e9pos\u00e9 sur votre disque dur par le serveur du site visit\u00e9 ou par un serveur tiers [&hellip;]\" \/>\n<meta property=\"og:url\" content=\"https:\/\/vmiv2.ci-com.fr\/fr\/les-cookies\/\" \/>\n<meta property=\"og:site_name\" content=\"VMI - Fabrication d&#039;\u00e9quipements de m\u00e9lange\" \/>\n<meta property=\"article:modified_time\" content=\"2025-02-24T11:10:09+00:00\" \/>\n<meta name=\"twitter:card\" content=\"summary_large_image\" \/>\n<meta name=\"twitter:label1\" content=\"Dur\u00e9e de lecture estim\u00e9e\" \/>\n\t<meta name=\"twitter:data1\" content=\"5 minutes\" \/>\n<script type=\"application\/ld+json\" class=\"yoast-schema-graph\">{\"@context\":\"https:\/\/schema.org\",\"@graph\":[{\"@type\":\"WebPage\",\"@id\":\"https:\/\/vmiv2.ci-com.fr\/fr\/les-cookies\/\",\"url\":\"https:\/\/vmiv2.ci-com.fr\/fr\/les-cookies\/\",\"name\":\"Les cookies\",\"isPartOf\":{\"@id\":\"https:\/\/vmiv2.ci-com.fr\/#website\"},\"datePublished\":\"2021-04-16T12:29:48+00:00\",\"dateModified\":\"2025-02-24T11:10:09+00:00\",\"breadcrumb\":{\"@id\":\"https:\/\/vmiv2.ci-com.fr\/fr\/les-cookies\/#breadcrumb\"},\"inLanguage\":\"fr-FR\",\"potentialAction\":[{\"@type\":\"ReadAction\",\"target\":[\"https:\/\/vmiv2.ci-com.fr\/fr\/les-cookies\/\"]}]},{\"@type\":\"BreadcrumbList\",\"@id\":\"https:\/\/vmiv2.ci-com.fr\/fr\/les-cookies\/#breadcrumb\",\"itemListElement\":[{\"@type\":\"ListItem\",\"position\":1,\"name\":\"Accueil\",\"item\":\"https:\/\/vmiv2.ci-com.fr\/fr\/\"},{\"@type\":\"ListItem\",\"position\":2,\"name\":\"Les cookies\"}]},{\"@type\":\"WebSite\",\"@id\":\"https:\/\/vmiv2.ci-com.fr\/#website\",\"url\":\"https:\/\/vmiv2.ci-com.fr\/\",\"name\":\"VMI - Fabrication d&#039;\u00e9quipements de m\u00e9lange\",\"description\":\"Conception, fabrication et installation de solution de m\u00e9lange\",\"publisher\":{\"@id\":\"https:\/\/vmiv2.ci-com.fr\/#organization\"},\"potentialAction\":[{\"@type\":\"SearchAction\",\"target\":{\"@type\":\"EntryPoint\",\"urlTemplate\":\"https:\/\/vmiv2.ci-com.fr\/?s={search_term_string}\"},\"query-input\":\"required name=search_term_string\"}],\"inLanguage\":\"fr-FR\"},{\"@type\":\"Organization\",\"@id\":\"https:\/\/vmiv2.ci-com.fr\/#organization\",\"name\":\"VMI\",\"url\":\"https:\/\/vmiv2.ci-com.fr\/\",\"logo\":{\"@type\":\"ImageObject\",\"inLanguage\":\"fr-FR\",\"@id\":\"https:\/\/vmiv2.ci-com.fr\/#\/schema\/logo\/image\/\",\"url\":\"https:\/\/vmiv2.ci-com.fr\/app\/uploads\/2021\/04\/logo_VMI.svg\",\"contentUrl\":\"https:\/\/vmiv2.ci-com.fr\/app\/uploads\/2021\/04\/logo_VMI.svg\",\"width\":575,\"height\":283,\"caption\":\"VMI\"},\"image\":{\"@id\":\"https:\/\/vmiv2.ci-com.fr\/#\/schema\/logo\/image\/\"}}]}<\/script>\n<!-- \/ Yoast SEO plugin. -->","yoast_head_json":{"title":"Les cookies","robots":{"index":"noindex","follow":"follow","max-snippet":"max-snippet:-1","max-image-preview":"max-image-preview:large","max-video-preview":"max-video-preview:-1"},"og_locale":"fr_FR","og_type":"article","og_title":"Les cookies","og_description":"Param\u00e8tres des cookies D\u00c9FINITION Un cookie est un petit fichier texte au format alphanum\u00e9rique d\u00e9pos\u00e9 sur votre disque dur par le serveur du site visit\u00e9 ou par un serveur tiers [&hellip;]","og_url":"https:\/\/vmiv2.ci-com.fr\/fr\/les-cookies\/","og_site_name":"VMI - Fabrication d&#039;\u00e9quipements de m\u00e9lange","article_modified_time":"2025-02-24T11:10:09+00:00","twitter_card":"summary_large_image","twitter_misc":{"Dur\u00e9e de lecture estim\u00e9e":"5 minutes"},"schema":{"@context":"https:\/\/schema.org","@graph":[{"@type":"WebPage","@id":"https:\/\/vmiv2.ci-com.fr\/fr\/les-cookies\/","url":"https:\/\/vmiv2.ci-com.fr\/fr\/les-cookies\/","name":"Les cookies","isPartOf":{"@id":"https:\/\/vmiv2.ci-com.fr\/#website"},"datePublished":"2021-04-16T12:29:48+00:00","dateModified":"2025-02-24T11:10:09+00:00","breadcrumb":{"@id":"https:\/\/vmiv2.ci-com.fr\/fr\/les-cookies\/#breadcrumb"},"inLanguage":"fr-FR","potentialAction":[{"@type":"ReadAction","target":["https:\/\/vmiv2.ci-com.fr\/fr\/les-cookies\/"]}]},{"@type":"BreadcrumbList","@id":"https:\/\/vmiv2.ci-com.fr\/fr\/les-cookies\/#breadcrumb","itemListElement":[{"@type":"ListItem","position":1,"name":"Accueil","item":"https:\/\/vmiv2.ci-com.fr\/fr\/"},{"@type":"ListItem","position":2,"name":"Les cookies"}]},{"@type":"WebSite","@id":"https:\/\/vmiv2.ci-com.fr\/#website","url":"https:\/\/vmiv2.ci-com.fr\/","name":"VMI - Fabrication d&#039;\u00e9quipements de m\u00e9lange","description":"Conception, fabrication et installation de solution de m\u00e9lange","publisher":{"@id":"https:\/\/vmiv2.ci-com.fr\/#organization"},"potentialAction":[{"@type":"SearchAction","target":{"@type":"EntryPoint","urlTemplate":"https:\/\/vmiv2.ci-com.fr\/?s={search_term_string}"},"query-input":"required name=search_term_string"}],"inLanguage":"fr-FR"},{"@type":"Organization","@id":"https:\/\/vmiv2.ci-com.fr\/#organization","name":"VMI","url":"https:\/\/vmiv2.ci-com.fr\/","logo":{"@type":"ImageObject","inLanguage":"fr-FR","@id":"https:\/\/vmiv2.ci-com.fr\/#\/schema\/logo\/image\/","url":"https:\/\/vmiv2.ci-com.fr\/app\/uploads\/2021\/04\/logo_VMI.svg","contentUrl":"https:\/\/vmiv2.ci-com.fr\/app\/uploads\/2021\/04\/logo_VMI.svg","width":575,"height":283,"caption":"VMI"},"image":{"@id":"https:\/\/vmiv2.ci-com.fr\/#\/schema\/logo\/image\/"}}]}},"_links":{"self":[{"href":"https:\/\/vmiv2.ci-com.fr\/fr\/wp-json\/wp\/v2\/pages\/30"}],"collection":[{"href":"https:\/\/vmiv2.ci-com.fr\/fr\/wp-json\/wp\/v2\/pages"}],"about":[{"href":"https:\/\/vmiv2.ci-com.fr\/fr\/wp-json\/wp\/v2\/types\/page"}],"author":[{"embeddable":true,"href":"https:\/\/vmiv2.ci-com.fr\/fr\/wp-json\/wp\/v2\/users\/1"}],"replies":[{"embeddable":true,"href":"https:\/\/vmiv2.ci-com.fr\/fr\/wp-json\/wp\/v2\/comments?post=30"}],"version-history":[{"count":4,"href":"https:\/\/vmiv2.ci-com.fr\/fr\/wp-json\/wp\/v2\/pages\/30\/revisions"}],"predecessor-version":[{"id":108474,"href":"https:\/\/vmiv2.ci-com.fr\/fr\/wp-json\/wp\/v2\/pages\/30\/revisions\/108474"}],"wp:attachment":[{"href":"https:\/\/vmiv2.ci-com.fr\/fr\/wp-json\/wp\/v2\/media?parent=30"}],"curies":[{"name":"wp","href":"https:\/\/api.w.org\/{rel}","templated":true}]}}