{"id":6,"date":"2021-04-16T14:24:26","date_gmt":"2021-04-16T12:24:26","guid":{"rendered":"http:\/\/vmiv2.ci-com.fr\/?page_id=6"},"modified":"2022-05-04T11:54:30","modified_gmt":"2022-05-04T09:54:30","slug":"conception-fabrication-et-installation-de-solution-de-melange","status":"publish","type":"page","link":"https:\/\/vmiv2.ci-com.fr\/fr\/","title":{"rendered":"Proc\u00e9d\u00e9s et Technologies de m\u00e9lange"},"content":{"rendered":"            <div id=\"services\" class=\"wp-block-vmi-services\">\n            <div class=\"services-container\">\n                <div class=\"services-content\">\n                    <h2>Nos services<\/h2>\n                    <ul role=\"navigation\" aria-label=\"Nos services\">\n                                                    <li class=\"has-gray-color\" data-service-id=\"85\">\n                                <div class=\"services-icon has-gray-background-color\">\n                                    <svg class=\"sprite-icon icon-customer-support\" aria-hidden=\"true\">\n    <use xlink:href=\"https:\/\/vmiv2.ci-com.fr\/app\/themes\/vmiv2-theme\/public\/icons\/sprite-icon.svg#icon-customer-support\"><\/use>\n<\/svg>\n                                <\/div>\n\n                                <a href=\"https:\/\/vmiv2.ci-com.fr\/fr\/service\/support-client\/\" title=\"Support client\">\n                                    <span>Support client<\/span>\n                                    <svg class=\"sprite-icon icon-circle-arrow\" aria-hidden=\"true\">\n    <use xlink:href=\"https:\/\/vmiv2.ci-com.fr\/app\/themes\/vmiv2-theme\/public\/icons\/sprite-icon.svg#icon-circle-arrow\"><\/use>\n<\/svg>\n                                <\/a>\n                            <\/li>\n                                                    <li class=\"has-main-blue-color\" data-service-id=\"102\">\n                                <div class=\"services-icon has-main-blue-background-color\">\n                                    <svg class=\"sprite-icon icon-contracts-services\" aria-hidden=\"true\">\n    <use xlink:href=\"https:\/\/vmiv2.ci-com.fr\/app\/themes\/vmiv2-theme\/public\/icons\/sprite-icon.svg#icon-contracts-services\"><\/use>\n<\/svg>\n                                <\/div>\n\n                                <a href=\"https:\/\/vmiv2.ci-com.fr\/fr\/service\/contrats-service\/\" title=\"Contrats de service\">\n                                    <span>Contrats de service<\/span>\n                                    <svg class=\"sprite-icon icon-circle-arrow\" aria-hidden=\"true\">\n    <use xlink:href=\"https:\/\/vmiv2.ci-com.fr\/app\/themes\/vmiv2-theme\/public\/icons\/sprite-icon.svg#icon-circle-arrow\"><\/use>\n<\/svg>\n                                <\/a>\n                            <\/li>\n                                                    <li class=\"has-green-blue-color\" data-service-id=\"103\">\n                                <div class=\"services-icon has-green-blue-background-color\">\n                                    <svg class=\"sprite-icon icon-evolution\" aria-hidden=\"true\">\n    <use xlink:href=\"https:\/\/vmiv2.ci-com.fr\/app\/themes\/vmiv2-theme\/public\/icons\/sprite-icon.svg#icon-evolution\"><\/use>\n<\/svg>\n                                <\/div>\n\n                                <a href=\"https:\/\/vmiv2.ci-com.fr\/fr\/service\/evolutions-long-terme\/\" title=\"\u00c9volutions \u00e0 long-terme\">\n                                    <span>\u00c9volutions \u00e0 long-terme<\/span>\n                                    <svg class=\"sprite-icon icon-circle-arrow\" aria-hidden=\"true\">\n    <use xlink:href=\"https:\/\/vmiv2.ci-com.fr\/app\/themes\/vmiv2-theme\/public\/icons\/sprite-icon.svg#icon-circle-arrow\"><\/use>\n<\/svg>\n                                <\/a>\n                            <\/li>\n                                                    <li class=\"has-dark-blue-color\" data-service-id=\"105\">\n                                <div class=\"services-icon has-dark-blue-background-color\">\n                                    <svg class=\"sprite-icon icon-packs-services\" aria-hidden=\"true\">\n    <use xlink:href=\"https:\/\/vmiv2.ci-com.fr\/app\/themes\/vmiv2-theme\/public\/icons\/sprite-icon.svg#icon-packs-services\"><\/use>\n<\/svg>\n                                <\/div>\n\n                                <a href=\"https:\/\/vmiv2.ci-com.fr\/fr\/service\/optimisation-assistance-process\/\" title=\"Optimisation et assistance process\">\n                                    <span>Optimisation et assistance process<\/span>\n                                    <svg class=\"sprite-icon icon-circle-arrow\" aria-hidden=\"true\">\n    <use xlink:href=\"https:\/\/vmiv2.ci-com.fr\/app\/themes\/vmiv2-theme\/public\/icons\/sprite-icon.svg#icon-circle-arrow\"><\/use>\n<\/svg>\n                                <\/a>\n                            <\/li>\n                                            <\/ul>\n                <\/div>\n                <div class=\"services-item-container\">\n                                            <div class=\"services-item-content\" data-service-id=\"85\">\n                            <div class=\"item-image\">\n                                <img  srcset=\"https:\/\/vmiv2.ci-com.fr\/app\/uploads\/2021\/05\/nos_services_vmi_solutions_melange-400x150-c-default.jpg 400w, https:\/\/vmiv2.ci-com.fr\/app\/uploads\/2021\/05\/nos_services_vmi_solutions_melange-470x480-c-default.jpg 470w\" src=\"data:image\/gif;base64,R0lGODlhAQABAIAAAAAAAP\/\/\/yH5BAEAAAAALAAAAAABAAEAAAIBRAA7\" sizes=\"(max-width: 769px) 400px, 470px\" alt=\"Les services VMI pour l&#039;usage et l&#039;\u00e9volution de vos installations de m\u00e9lange\">\n                            <\/div>\n                                                        <div class=\"item-content has-gray-background-color\">\n                                L\u2019\u00e9quipe internationale du Service Client est \u00e0 vos c\u00f4t\u00e9s pour vous conseiller et r\u00e9pondre \u00e0 vos besoins : pi\u00e8ces d\u00e9tach\u00e9es, d\u00e9pannage, maintenance et bien plus encore. Nos collaborateurs multilingues vous assistent selon votre secteur d\u2019activit\u00e9. Ensemble, nous d\u00e9finissons la r\u00e9ponse optimale \u00e0 vos besoins tout en prenant en compte vos contraintes.\n                            <\/div>\n                                                    <\/div>\n                                            <div class=\"services-item-content\" data-service-id=\"102\">\n                            <div class=\"item-image\">\n                                <img  srcset=\"https:\/\/vmiv2.ci-com.fr\/app\/uploads\/2021\/05\/contrats_de_service_VMI-400x150-c-default.jpg 400w, https:\/\/vmiv2.ci-com.fr\/app\/uploads\/2021\/05\/contrats_de_service_VMI-470x480-c-default.jpg 470w\" src=\"data:image\/gif;base64,R0lGODlhAQABAIAAAAAAAP\/\/\/yH5BAEAAAAALAAAAAABAAEAAAIBRAA7\" sizes=\"(max-width: 769px) 400px, 470px\" alt=\"services pour l&#039;usage et l&#039;entretien de vos \u00e9quipements de m\u00e9lange\">\n                            <\/div>\n                                                        <div class=\"item-content has-main-blue-background-color\">\n                                L\u2019anticipation est essentielle pour prolonger l\u2019op\u00e9rabilit\u00e9 de vos \u00e9quipements. Afin d\u2019optimiser les temps de fonctionnement de votre installation tout en gagnant en fiabilit\u00e9, VMI vous accompagne dans la r\u00e9alisation de vos op\u00e9rations. Nous offrons une large gamme de contrats annuels de maintenance pr\u00e9ventive et de coaching technique pour optimiser l\u2019usage et l\u2019entretien de vos \u00e9quipements.\n                            <\/div>\n                                                    <\/div>\n                                            <div class=\"services-item-content\" data-service-id=\"103\">\n                            <div class=\"item-image\">\n                                <img  srcset=\"https:\/\/vmiv2.ci-com.fr\/app\/uploads\/2021\/06\/depannage_reparation_service_client-1-400x150-c-default.jpg 400w, https:\/\/vmiv2.ci-com.fr\/app\/uploads\/2021\/06\/depannage_reparation_service_client-1-470x480-c-default.jpg 470w\" src=\"data:image\/gif;base64,R0lGODlhAQABAIAAAAAAAP\/\/\/yH5BAEAAAAALAAAAAABAAEAAAIBRAA7\" sizes=\"(max-width: 769px) 400px, 470px\" alt=\"Technicien service \u00e9volution long-terme\">\n                            <\/div>\n                                                        <div class=\"item-content has-green-blue-background-color\">\n                                Vos installations peuvent \u00eatre soumises \u00e0 de nombreux changements durant leur cycle de vie. Pour vous accompagner, le service client VMI vous propose des prestations d\u2019\u00e9volutions \u00e0 long terme. Gr\u00e2ce \u00e0 notre expertise et notre savoir-faire, nous vous conseillerons efficacement afin de faire \u00e9voluer votre installation de fa\u00e7on optimale ; qu\u2019il s\u2019agisse de remettre \u00e0 niveau les connaissances de vos \u00e9quipes, de modifier vos \u00e9quipements ou d\u2019analyser vos process.\n                            <\/div>\n                                                    <\/div>\n                                            <div class=\"services-item-content\" data-service-id=\"105\">\n                            <div class=\"item-image\">\n                                <img  srcset=\"https:\/\/vmiv2.ci-com.fr\/app\/uploads\/2021\/05\/optimisation_et_assistance_process_VMI_nos_services-400x150-c-default.jpg 400w, https:\/\/vmiv2.ci-com.fr\/app\/uploads\/2021\/05\/optimisation_et_assistance_process_VMI_nos_services-470x480-c-default.jpg 470w\" src=\"data:image\/gif;base64,R0lGODlhAQABAIAAAAAAAP\/\/\/yH5BAEAAAAALAAAAAABAAEAAAIBRAA7\" sizes=\"(max-width: 769px) 400px, 470px\" alt=\"Service d&#039;optimisation et assistance process de m\u00e9lange\">\n                            <\/div>\n                                                        <div class=\"item-content has-dark-blue-background-color\">\n                                VMI accompagne ses clients de l\u2019agroalimentaire et de la sant\u00e9 dans le d\u00e9veloppement de solutions de m\u00e9lange sur-mesure mais aussi dans l\u2019optimisation de leurs proc\u00e9d\u00e9s de fabrication. Nos technologues vous accueillent dans notre Process Development Center pour des essais et analyses sur nos \u00e9quipements. Ou in situ, nos experts peuvent intervenir au sein de votre site de production.\n                            <\/div>\n                                                    <\/div>\n                                        <div class=\"default-image\">\n                        <img  srcset=\"https:\/\/vmiv2.ci-com.fr\/app\/uploads\/2021\/05\/Evolutions_long-terme_VMI_nos_services-400x150-c-default.jpg 400w, https:\/\/vmiv2.ci-com.fr\/app\/uploads\/2021\/05\/Evolutions_long-terme_VMI_nos_services-470x480-c-default.jpg 470w\" src=\"data:image\/gif;base64,R0lGODlhAQABAIAAAAAAAP\/\/\/yH5BAEAAAAALAAAAAABAAEAAAIBRAA7\" sizes=\"(max-width: 769px) 400px, 470px\" alt=\"Services pour l&#039;\u00e9volution de vos installations de m\u00e9lange\" \/>\n                    <\/div>\n                <\/div>\n            <\/div>\n            \n\n<div class=\"wp-container-1 is-horizontal is-content-justification-center wp-block-buttons\">\n<div class=\"wp-block-button is-style-vmi-button\"><a class=\"wp-block-button__link\" href=\"https:\/\/vmiv2.ci-com.fr\/solutions-globales-service\/\">Tous les services<\/a><\/div>\n<\/div>\n\n\n        <\/div>\n    \n    \n\n\n<div class=\"wp-container-2 wp-block-buttons\">\n<div class=\"wp-block-button\"><a class=\"wp-block-button__link\" href=\"https:\/\/vmiv2.ci-com.fr\/fr\/equipements\/melangeurs-paillasse\/#melangeur-paillasse-turbotest\">Test<\/a><\/div>\n<\/div>\n\n\n\n<div class=\"wp-container-6 wp-block-columns are-vertically-aligned-center vmi-video-with-text\">\n<div class=\"wp-container-3 wp-block-column is-vertically-aligned-center\">\n<figure class=\"wp-block-embed is-type-video is-provider-youtube wp-block-embed-youtube wp-embed-aspect-16-9 wp-has-aspect-ratio\"><div class=\"wp-block-embed__wrapper\">\n<iframe loading=\"lazy\" title=\"VMI - Leaders in mixing solutions\" width=\"500\" height=\"281\" src=\"https:\/\/www.youtube.com\/embed\/Ziivw1RL8Z4?feature=oembed\" frameborder=\"0\" allow=\"accelerometer; autoplay; clipboard-write; encrypted-media; gyroscope; picture-in-picture\" allowfullscreen><\/iframe>\n<\/div><\/figure>\n<\/div>\n\n\n\n<div class=\"wp-container-5 wp-block-column is-vertically-aligned-center\">\n<h2 id=\"vmi-l-expert-francais-en-solutions-de-melange\">VMI, l\u2019expert fran\u00e7ais en solutions de m\u00e9lange<\/h2>\n\n\n\n<p>VMI capitalise sur son exp\u00e9rience riche de <strong>70 ann\u00e9es<\/strong> dans le domaine des technologies de m\u00e9lange. Notre offre de <strong>solutions de m\u00e9lange et de p\u00e9trissage premium<\/strong> r\u00e9pond aux attentes process des artisans et industriels de la boulangerie, p\u00e2tisserie, snacking et des industries de la sant\u00e9 et chimie.&nbsp;Nos installations couvrent une large plage de capacit\u00e9s, sont polyvalentes et modulaires. Nous accompagnons nos clients dans le <strong>monde entier<\/strong>, sur le cycle de vie global de leurs \u00e9quipements, de la mise en route aux services d\u2019assistance technique et process.<\/p>\n\n\n\n<div class=\"wp-container-4 wp-block-buttons\">\n<div class=\"wp-block-button is-style-vmi-button\"><a class=\"wp-block-button__link\" href=\"https:\/\/vmiv2.ci-com.fr\/vmi\/leader-solutions-melange-petrissage\/\">En savoir plus<\/a><\/div>\n<\/div>\n<\/div>\n<\/div>\n","protected":false},"excerpt":{"rendered":"<p>VMI, l\u2019expert fran\u00e7ais en solutions de m\u00e9lange VMI capitalise sur son exp\u00e9rience riche de 70 ann\u00e9es dans le domaine des technologies de m\u00e9lange. Notre offre de solutions de m\u00e9lange et [&hellip;]<\/p>\n","protected":false},"author":1,"featured_media":0,"parent":0,"menu_order":8,"comment_status":"closed","ping_status":"closed","template":"","meta":{"page_sector":"-"},"yoast_head":"<!-- This site is optimized with the Yoast SEO plugin v19.9 - https:\/\/yoast.com\/wordpress\/plugins\/seo\/ -->\n<title>Nos solutions de m\u00e9lange | VMI Mixing<\/title>\n<meta name=\"description\" content=\"Depuis plus de 60 ans, notre expertise porte sur la mise en \u0153uvre de proc\u00e9d\u00e9s et de technologies de m\u00e9lange.\" \/>\n<meta name=\"robots\" content=\"noindex, follow, max-snippet:-1, max-image-preview:large, max-video-preview:-1\" \/>\n<meta property=\"og:locale\" content=\"fr_FR\" \/>\n<meta property=\"og:type\" content=\"article\" \/>\n<meta property=\"og:title\" content=\"Nos solutions de m\u00e9lange | VMI Mixing\" \/>\n<meta property=\"og:description\" content=\"Depuis plus de 60 ans, notre expertise porte sur la mise en \u0153uvre de proc\u00e9d\u00e9s et de technologies de m\u00e9lange.\" \/>\n<meta property=\"og:url\" content=\"https:\/\/vmiv2.ci-com.fr\/fr\/\" \/>\n<meta property=\"og:site_name\" content=\"VMI - Fabrication d&#039;\u00e9quipements de m\u00e9lange\" \/>\n<meta property=\"article:modified_time\" content=\"2022-05-04T09:54:30+00:00\" \/>\n<meta name=\"twitter:card\" content=\"summary_large_image\" \/>\n<meta name=\"twitter:label1\" content=\"Dur\u00e9e de lecture estim\u00e9e\" \/>\n\t<meta name=\"twitter:data1\" content=\"1 minute\" \/>\n<script type=\"application\/ld+json\" class=\"yoast-schema-graph\">{\"@context\":\"https:\/\/schema.org\",\"@graph\":[{\"@type\":\"WebPage\",\"@id\":\"https:\/\/vmiv2.ci-com.fr\/fr\/\",\"url\":\"https:\/\/vmiv2.ci-com.fr\/fr\/\",\"name\":\"Nos solutions de m\u00e9lange | VMI Mixing\",\"isPartOf\":{\"@id\":\"https:\/\/vmiv2.ci-com.fr\/#website\"},\"datePublished\":\"2021-04-16T12:24:26+00:00\",\"dateModified\":\"2022-05-04T09:54:30+00:00\",\"description\":\"Depuis plus de 60 ans, notre expertise porte sur la mise en \u0153uvre de proc\u00e9d\u00e9s et de technologies de m\u00e9lange.\",\"breadcrumb\":{\"@id\":\"https:\/\/vmiv2.ci-com.fr\/fr\/#breadcrumb\"},\"inLanguage\":\"fr-FR\",\"potentialAction\":[{\"@type\":\"ReadAction\",\"target\":[\"https:\/\/vmiv2.ci-com.fr\/fr\/\"]}]},{\"@type\":\"BreadcrumbList\",\"@id\":\"https:\/\/vmiv2.ci-com.fr\/fr\/#breadcrumb\",\"itemListElement\":[{\"@type\":\"ListItem\",\"position\":1,\"name\":\"Accueil\",\"item\":\"https:\/\/vmiv2.ci-com.fr\/fr\/\"},{\"@type\":\"ListItem\",\"position\":2,\"name\":\"Proc\u00e9d\u00e9s et Technologies de m\u00e9lange\"}]},{\"@type\":\"WebSite\",\"@id\":\"https:\/\/vmiv2.ci-com.fr\/#website\",\"url\":\"https:\/\/vmiv2.ci-com.fr\/\",\"name\":\"VMI - Fabrication d&#039;\u00e9quipements de m\u00e9lange\",\"description\":\"Conception, fabrication et installation de solution de m\u00e9lange\",\"publisher\":{\"@id\":\"https:\/\/vmiv2.ci-com.fr\/#organization\"},\"potentialAction\":[{\"@type\":\"SearchAction\",\"target\":{\"@type\":\"EntryPoint\",\"urlTemplate\":\"https:\/\/vmiv2.ci-com.fr\/?s={search_term_string}\"},\"query-input\":\"required name=search_term_string\"}],\"inLanguage\":\"fr-FR\"},{\"@type\":\"Organization\",\"@id\":\"https:\/\/vmiv2.ci-com.fr\/#organization\",\"name\":\"VMI\",\"url\":\"https:\/\/vmiv2.ci-com.fr\/\",\"logo\":{\"@type\":\"ImageObject\",\"inLanguage\":\"fr-FR\",\"@id\":\"https:\/\/vmiv2.ci-com.fr\/#\/schema\/logo\/image\/\",\"url\":\"https:\/\/vmiv2.ci-com.fr\/app\/uploads\/2021\/04\/logo_VMI.svg\",\"contentUrl\":\"https:\/\/vmiv2.ci-com.fr\/app\/uploads\/2021\/04\/logo_VMI.svg\",\"width\":575,\"height\":283,\"caption\":\"VMI\"},\"image\":{\"@id\":\"https:\/\/vmiv2.ci-com.fr\/#\/schema\/logo\/image\/\"}}]}<\/script>\n<!-- \/ Yoast SEO plugin. -->","yoast_head_json":{"title":"Nos solutions de m\u00e9lange | VMI Mixing","description":"Depuis plus de 60 ans, notre expertise porte sur la mise en \u0153uvre de proc\u00e9d\u00e9s et de technologies de m\u00e9lange.","robots":{"index":"noindex","follow":"follow","max-snippet":"max-snippet:-1","max-image-preview":"max-image-preview:large","max-video-preview":"max-video-preview:-1"},"og_locale":"fr_FR","og_type":"article","og_title":"Nos solutions de m\u00e9lange | VMI Mixing","og_description":"Depuis plus de 60 ans, notre expertise porte sur la mise en \u0153uvre de proc\u00e9d\u00e9s et de technologies de m\u00e9lange.","og_url":"https:\/\/vmiv2.ci-com.fr\/fr\/","og_site_name":"VMI - Fabrication d&#039;\u00e9quipements de m\u00e9lange","article_modified_time":"2022-05-04T09:54:30+00:00","twitter_card":"summary_large_image","twitter_misc":{"Dur\u00e9e de lecture estim\u00e9e":"1 minute"},"schema":{"@context":"https:\/\/schema.org","@graph":[{"@type":"WebPage","@id":"https:\/\/vmiv2.ci-com.fr\/fr\/","url":"https:\/\/vmiv2.ci-com.fr\/fr\/","name":"Nos solutions de m\u00e9lange | VMI Mixing","isPartOf":{"@id":"https:\/\/vmiv2.ci-com.fr\/#website"},"datePublished":"2021-04-16T12:24:26+00:00","dateModified":"2022-05-04T09:54:30+00:00","description":"Depuis plus de 60 ans, notre expertise porte sur la mise en \u0153uvre de proc\u00e9d\u00e9s et de technologies de m\u00e9lange.","breadcrumb":{"@id":"https:\/\/vmiv2.ci-com.fr\/fr\/#breadcrumb"},"inLanguage":"fr-FR","potentialAction":[{"@type":"ReadAction","target":["https:\/\/vmiv2.ci-com.fr\/fr\/"]}]},{"@type":"BreadcrumbList","@id":"https:\/\/vmiv2.ci-com.fr\/fr\/#breadcrumb","itemListElement":[{"@type":"ListItem","position":1,"name":"Accueil","item":"https:\/\/vmiv2.ci-com.fr\/fr\/"},{"@type":"ListItem","position":2,"name":"Proc\u00e9d\u00e9s et Technologies de m\u00e9lange"}]},{"@type":"WebSite","@id":"https:\/\/vmiv2.ci-com.fr\/#website","url":"https:\/\/vmiv2.ci-com.fr\/","name":"VMI - Fabrication d&#039;\u00e9quipements de m\u00e9lange","description":"Conception, fabrication et installation de solution de m\u00e9lange","publisher":{"@id":"https:\/\/vmiv2.ci-com.fr\/#organization"},"potentialAction":[{"@type":"SearchAction","target":{"@type":"EntryPoint","urlTemplate":"https:\/\/vmiv2.ci-com.fr\/?s={search_term_string}"},"query-input":"required name=search_term_string"}],"inLanguage":"fr-FR"},{"@type":"Organization","@id":"https:\/\/vmiv2.ci-com.fr\/#organization","name":"VMI","url":"https:\/\/vmiv2.ci-com.fr\/","logo":{"@type":"ImageObject","inLanguage":"fr-FR","@id":"https:\/\/vmiv2.ci-com.fr\/#\/schema\/logo\/image\/","url":"https:\/\/vmiv2.ci-com.fr\/app\/uploads\/2021\/04\/logo_VMI.svg","contentUrl":"https:\/\/vmiv2.ci-com.fr\/app\/uploads\/2021\/04\/logo_VMI.svg","width":575,"height":283,"caption":"VMI"},"image":{"@id":"https:\/\/vmiv2.ci-com.fr\/#\/schema\/logo\/image\/"}}]}},"_links":{"self":[{"href":"https:\/\/vmiv2.ci-com.fr\/fr\/wp-json\/wp\/v2\/pages\/6"}],"collection":[{"href":"https:\/\/vmiv2.ci-com.fr\/fr\/wp-json\/wp\/v2\/pages"}],"about":[{"href":"https:\/\/vmiv2.ci-com.fr\/fr\/wp-json\/wp\/v2\/types\/page"}],"author":[{"embeddable":true,"href":"https:\/\/vmiv2.ci-com.fr\/fr\/wp-json\/wp\/v2\/users\/1"}],"replies":[{"embeddable":true,"href":"https:\/\/vmiv2.ci-com.fr\/fr\/wp-json\/wp\/v2\/comments?post=6"}],"version-history":[{"count":24,"href":"https:\/\/vmiv2.ci-com.fr\/fr\/wp-json\/wp\/v2\/pages\/6\/revisions"}],"predecessor-version":[{"id":108458,"href":"https:\/\/vmiv2.ci-com.fr\/fr\/wp-json\/wp\/v2\/pages\/6\/revisions\/108458"}],"wp:attachment":[{"href":"https:\/\/vmiv2.ci-com.fr\/fr\/wp-json\/wp\/v2\/media?parent=6"}],"curies":[{"name":"wp","href":"https:\/\/api.w.org\/{rel}","templated":true}]}}